{"id":998618,"date":"2025-06-08T19:57:25","date_gmt":"2025-06-08T16:57:25","guid":{"rendered":"https:\/\/www.tepro.com.tr\/markalarimiz\/nexeo\/nevicolor\/"},"modified":"2025-07-29T20:22:03","modified_gmt":"2025-07-29T17:22:03","slug":"nevicolor","status":"publish","type":"page","link":"https:\/\/www.tepro.com.tr\/de\/unsere-marken\/nexeo\/nevicolor\/","title":{"rendered":"Nevicolor"},"content":{"rendered":"\t\t<div data-elementor-type=\"wp-page\" data-elementor-id=\"998618\" class=\"elementor elementor-998618\" data-elementor-post-type=\"page\">\n\t\t\t\t\t\t<section class=\"elementor-section elementor-top-section elementor-element elementor-element-11125229 elementor-section-boxed elementor-section-height-default elementor-section-height-default\" data-id=\"11125229\" data-element_type=\"section\" data-e-type=\"section\">\n\t\t\t\t\t\t<div class=\"elementor-container elementor-column-gap-no\">\n\t\t\t\t\t<div class=\"elementor-column elementor-col-50 elementor-top-column elementor-element elementor-element-26936164\" data-id=\"26936164\" data-element_type=\"column\" data-e-type=\"column\" data-settings=\"{&quot;background_background&quot;:&quot;classic&quot;,&quot;background_motion_fx_motion_fx_scrolling&quot;:&quot;yes&quot;,&quot;background_motion_fx_scale_effect&quot;:&quot;yes&quot;,&quot;background_motion_fx_scale_speed&quot;:{&quot;unit&quot;:&quot;px&quot;,&quot;size&quot;:2,&quot;sizes&quot;:[]},&quot;background_motion_fx_devices&quot;:[&quot;desktop&quot;],&quot;background_motion_fx_scale_direction&quot;:&quot;out-in&quot;,&quot;background_motion_fx_scale_range&quot;:{&quot;unit&quot;:&quot;%&quot;,&quot;size&quot;:&quot;&quot;,&quot;sizes&quot;:{&quot;start&quot;:20,&quot;end&quot;:80}}}\">\n\t\t\t<div class=\"elementor-widget-wrap elementor-element-populated\">\n\t\t\t\t\t\t<div class=\"elementor-element elementor-element-5b30a284 elementor-widget elementor-widget-spacer\" data-id=\"5b30a284\" data-element_type=\"widget\" data-e-type=\"widget\" data-widget_type=\"spacer.default\">\n\t\t\t\t<div class=\"elementor-widget-container\">\n\t\t\t\t\t\t\t<div class=\"elementor-spacer\">\n\t\t\t<div class=\"elementor-spacer-inner\"><\/div>\n\t\t<\/div>\n\t\t\t\t\t\t<\/div>\n\t\t\t\t<\/div>\n\t\t\t\t\t<\/div>\n\t\t<\/div>\n\t\t\t\t<div class=\"elementor-column elementor-col-50 elementor-top-column elementor-element elementor-element-3c6711a\" data-id=\"3c6711a\" data-element_type=\"column\" data-e-type=\"column\" data-settings=\"{&quot;background_background&quot;:&quot;classic&quot;}\">\n\t\t\t<div class=\"elementor-widget-wrap elementor-element-populated\">\n\t\t\t\t\t\t<section class=\"elementor-section elementor-inner-section elementor-element elementor-element-2fdadb0 elementor-section-full_width elementor-section-height-default elementor-section-height-default\" data-id=\"2fdadb0\" data-element_type=\"section\" data-e-type=\"section\">\n\t\t\t\t\t\t<div class=\"elementor-container elementor-column-gap-no\">\n\t\t\t\t\t<div class=\"elementor-column elementor-col-100 elementor-inner-column elementor-element elementor-element-955ca9f\" data-id=\"955ca9f\" data-element_type=\"column\" data-e-type=\"column\">\n\t\t\t<div class=\"elementor-widget-wrap elementor-element-populated\">\n\t\t\t\t\t\t<div class=\"elementor-element elementor-element-f5288d3 elementor-widget__width-initial elementor-widget elementor-widget-image\" data-id=\"f5288d3\" data-element_type=\"widget\" data-e-type=\"widget\" data-widget_type=\"image.default\">\n\t\t\t\t<div class=\"elementor-widget-container\">\n\t\t\t\t\t\t\t\t\t\t\t\t\t\t\t<img fetchpriority=\"high\" decoding=\"async\" width=\"900\" height=\"900\" src=\"https:\/\/www.tepro.com.tr\/wp-content\/uploads\/2025\/06\/nevicolor.jpg\" class=\"attachment-full size-full wp-image-993387\" alt=\"\" srcset=\"https:\/\/www.tepro.com.tr\/wp-content\/uploads\/2025\/06\/nevicolor.jpg 900w, https:\/\/www.tepro.com.tr\/wp-content\/uploads\/2025\/06\/nevicolor-300x300.jpg 300w, https:\/\/www.tepro.com.tr\/wp-content\/uploads\/2025\/06\/nevicolor-150x150.jpg 150w, https:\/\/www.tepro.com.tr\/wp-content\/uploads\/2025\/06\/nevicolor-768x768.jpg 768w\" sizes=\"(max-width: 900px) 100vw, 900px\" \/>\t\t\t\t\t\t\t\t\t\t\t\t\t\t\t<\/div>\n\t\t\t\t<\/div>\n\t\t\t\t<div class=\"vamtam-has-theme-widget-styles elementor-element elementor-element-101423c elementor-widget elementor-widget-text-editor\" data-id=\"101423c\" data-element_type=\"widget\" data-e-type=\"widget\" data-widget_type=\"text-editor.default\">\n\t\t\t\t<div class=\"elementor-widget-container\">\n\t\t\t\t\t\t\t\t\t<p style=\"font-weight: 400;\"><strong>Nevicolor<\/strong> ist eine f\u00fchrende Marke im Bereich Farb- und Additiv-Masterbatches f\u00fcr die Kunststoffindustrie und bietet Herstellern mit einem breiten Produktsortiment und hohen Qualit\u00e4tsstandards einen gro\u00dfen Mehrwert. Dank der starken Zusammenarbeit mit Nexeo Plastics werden Nevicolors Produkte schneller und zuverl\u00e4ssiger auf den t\u00fcrkischen und regionalen M\u00e4rkten ausgeliefert. Neben Masterbatch-L\u00f6sungen ist Nevicolor ein Partner f\u00fcr ma\u00dfgeschneiderte Spezialprozesse und bietet die M\u00f6glichkeit, s\u00e4mtliche technischen Kunststoffe zu compoundieren.<\/p>\n<p style=\"font-weight: 400;\"><strong>Hauptprodukte und Vorteile von Nevicolor:<\/strong><\/p>\n<ul style=\"font-weight: 400;\">\n \t<li>Konsistente und lebendige Farbgebung durch leistungsstarke Farbmasterbatches<\/li>\n \t<li>Funktionelle Additiv-Masterbatches mit speziellen Leistungsverbesserungen wie UV-Best\u00e4ndigkeit, antistatischen Eigenschaften, Flammschutz und Gleiteigenschaften<\/li>\n \t<li>Breites Anwendungsspektrum: Automobilindustrie, Verpackung, Bauwesen, Haushaltswaren, Elektro- und Elektronikbereich u.v.m.<\/li>\n \t<li>Kontinuierliche Produktverbesserung und umweltfreundliche Produktionsphilosophie<\/li>\n \t<li>Starke Logistik und technische Unterst\u00fctzung durch die Infrastruktur von Nexeo Plastics<\/li>\n<\/ul>\n<p style=\"font-weight: 400;\"><strong>Anwendungsbereiche:<\/strong><\/p>\n<ul style=\"font-weight: 400;\">\n \t<li>Farb- und Additivl\u00f6sungen f\u00fcr Spritzguss, Extrusion und Folienproduktion<\/li>\n \t<li>Langlebige und \u00e4sthetische Automobilteile<\/li>\n \t<li>Hochleistungsverpackungsmaterialien<\/li>\n \t<li>Spezielle Additivanforderungen im Elektro- und Elektroniksektor<\/li>\n<\/ul>\n<p style=\"font-weight: 400;\">Nevicolor st\u00e4rkt durch die Zusammenarbeit mit Nexeo Plastics die Wettbewerbsf\u00e4higkeit in der Branche und bietet seinen Kunden innovative, nachhaltige und technisch hochwertige L\u00f6sungen. Diese Synergie macht Nevicolor zur bevorzugten Marke f\u00fcr Kunststoffhersteller und garantiert h\u00f6chste Kundenzufriedenheit.<\/p>\n<p style=\"font-weight: 400;\"><strong>Nevicolor &amp; Nexeo Plastics \u2013 Die Adresse f\u00fcr Exzellenz in Farbe und Additiven in der Kunststoffproduktion.<\/strong><\/p>\n\t\t\t\t\t\t\t\t<\/div>\n\t\t\t\t<\/div>\n\t\t\t\t<div class=\"vamtam-has-theme-widget-styles elementor-element elementor-element-db551ba elementor-align-justify elementor-mobile-align-justify vamtam-has-bg-hover-anim elementor-widget elementor-widget-button\" data-id=\"db551ba\" data-element_type=\"widget\" data-e-type=\"widget\" data-widget_type=\"button.default\">\n\t\t\t\t<div class=\"elementor-widget-container\">\n\t\t\t\t\t\t\t\t\t<div class=\"elementor-button-wrapper\">\n\t\t\t\t\t<a class=\"elementor-button elementor-button-link elementor-size-sm\" href=\"https:\/\/www.tepro.com.tr\/de\/birlikte-calisalim\/nexeo-teknik-bilgi-istiyorum\/\">\n\t\t\t\t\t\t<span class=\"elementor-button-content-wrapper\">\n\t\t\t\t\t\t<span class=\"elementor-button-icon\">\n\t\t\t\t<i aria-hidden=\"true\" class=\"vamtamtheme- vamtam-theme-arrow-right\"><\/i>\t\t\t<\/span>\n\t\t\t\t\t\t\t\t\t<span class=\"elementor-button-text\">INFORMATIONEN<\/span>\n\t\t\t\t\t<\/span>\n\t\t\t\t\t<\/a>\n\t\t\t\t<\/div>\n\t\t\t\t\t\t\t\t<\/div>\n\t\t\t\t<\/div>\n\t\t\t\t\t<\/div>\n\t\t<\/div>\n\t\t\t\t\t<\/div>\n\t\t<\/section>\n\t\t\t\t\t<\/div>\n\t\t<\/div>\n\t\t\t\t\t<\/div>\n\t\t<\/section>\n\t\t<div class=\"elementor-element elementor-element-aea3963 e-flex e-con-boxed e-con e-parent\" data-id=\"aea3963\" data-element_type=\"container\" data-e-type=\"container\">\n\t\t\t\t\t<div class=\"e-con-inner\">\n\t\t\t\t<div class=\"elementor-element elementor-element-4af36c7 elementor-widget elementor-widget-spacer\" data-id=\"4af36c7\" data-element_type=\"widget\" data-e-type=\"widget\" data-widget_type=\"spacer.default\">\n\t\t\t\t<div class=\"elementor-widget-container\">\n\t\t\t\t\t\t\t<div class=\"elementor-spacer\">\n\t\t\t<div class=\"elementor-spacer-inner\"><\/div>\n\t\t<\/div>\n\t\t\t\t\t\t<\/div>\n\t\t\t\t<\/div>\n\t\t\t\t\t<\/div>\n\t\t\t\t<\/div>\n\t\t<div class=\"elementor-element elementor-element-0ec2f37 e-grid e-con-boxed e-con e-parent\" data-id=\"0ec2f37\" data-element_type=\"container\" data-e-type=\"container\">\n\t\t\t\t\t<div class=\"e-con-inner\">\n\t\t\t\t<div class=\"elementor-element elementor-element-95b159f elementor-widget elementor-widget-image\" data-id=\"95b159f\" data-element_type=\"widget\" data-e-type=\"widget\" data-widget_type=\"image.default\">\n\t\t\t\t<div class=\"elementor-widget-container\">\n\t\t\t\t\t\t\t\t\t\t\t\t\t\t\t\t<a href=\"https:\/\/www.tepro.com.tr\/de\/unsere-marken\/nexeo\/\">\n\t\t\t\t\t\t\t<img decoding=\"async\" width=\"400\" height=\"400\" src=\"https:\/\/www.tepro.com.tr\/wp-content\/uploads\/2025\/06\/nexeo-1.jpg\" class=\"attachment-large size-large wp-image-993437\" alt=\"\" srcset=\"https:\/\/www.tepro.com.tr\/wp-content\/uploads\/2025\/06\/nexeo-1.jpg 400w, https:\/\/www.tepro.com.tr\/wp-content\/uploads\/2025\/06\/nexeo-1-300x300.jpg 300w, https:\/\/www.tepro.com.tr\/wp-content\/uploads\/2025\/06\/nexeo-1-150x150.jpg 150w\" sizes=\"(max-width: 400px) 100vw, 400px\" \/>\t\t\t\t\t\t\t\t<\/a>\n\t\t\t\t\t\t\t\t\t\t\t\t\t\t\t<\/div>\n\t\t\t\t<\/div>\n\t\t\t\t<div class=\"elementor-element elementor-element-442c9ac elementor-widget elementor-widget-image\" data-id=\"442c9ac\" data-element_type=\"widget\" data-e-type=\"widget\" data-widget_type=\"image.default\">\n\t\t\t\t<div class=\"elementor-widget-container\">\n\t\t\t\t\t\t\t\t\t\t\t\t\t\t\t\t<a href=\"https:\/\/www.tepro.com.tr\/de\/unsere-marken\/nexeo\/invista\/\">\n\t\t\t\t\t\t\t<img decoding=\"async\" width=\"400\" height=\"400\" src=\"https:\/\/www.tepro.com.tr\/wp-content\/uploads\/2025\/06\/invista-1.jpg\" class=\"attachment-large size-large wp-image-993438\" alt=\"\" srcset=\"https:\/\/www.tepro.com.tr\/wp-content\/uploads\/2025\/06\/invista-1.jpg 400w, https:\/\/www.tepro.com.tr\/wp-content\/uploads\/2025\/06\/invista-1-300x300.jpg 300w, https:\/\/www.tepro.com.tr\/wp-content\/uploads\/2025\/06\/invista-1-150x150.jpg 150w\" sizes=\"(max-width: 400px) 100vw, 400px\" \/>\t\t\t\t\t\t\t\t<\/a>\n\t\t\t\t\t\t\t\t\t\t\t\t\t\t\t<\/div>\n\t\t\t\t<\/div>\n\t\t\t\t<div class=\"elementor-element elementor-element-51f4cdf elementor-widget elementor-widget-image\" data-id=\"51f4cdf\" data-element_type=\"widget\" data-e-type=\"widget\" data-widget_type=\"image.default\">\n\t\t\t\t<div class=\"elementor-widget-container\">\n\t\t\t\t\t\t\t\t\t\t\t\t\t\t\t\t<a href=\"https:\/\/www.tepro.com.tr\/de\/unsere-marken\/nexeo\/kingfa\/\">\n\t\t\t\t\t\t\t<img loading=\"lazy\" decoding=\"async\" width=\"400\" height=\"400\" src=\"https:\/\/www.tepro.com.tr\/wp-content\/uploads\/2025\/06\/kingfa-1.jpg\" class=\"attachment-large size-large wp-image-993439\" alt=\"\" srcset=\"https:\/\/www.tepro.com.tr\/wp-content\/uploads\/2025\/06\/kingfa-1.jpg 400w, https:\/\/www.tepro.com.tr\/wp-content\/uploads\/2025\/06\/kingfa-1-300x300.jpg 300w, https:\/\/www.tepro.com.tr\/wp-content\/uploads\/2025\/06\/kingfa-1-150x150.jpg 150w\" sizes=\"(max-width: 400px) 100vw, 400px\" \/>\t\t\t\t\t\t\t\t<\/a>\n\t\t\t\t\t\t\t\t\t\t\t\t\t\t\t<\/div>\n\t\t\t\t<\/div>\n\t\t\t\t<div class=\"elementor-element elementor-element-2996b0e elementor-widget elementor-widget-image\" data-id=\"2996b0e\" data-element_type=\"widget\" data-e-type=\"widget\" data-widget_type=\"image.default\">\n\t\t\t\t<div class=\"elementor-widget-container\">\n\t\t\t\t\t\t\t\t\t\t\t\t\t\t\t\t<a href=\"https:\/\/www.tepro.com.tr\/de\/unsere-marken\/nexeo\/kumho\/\">\n\t\t\t\t\t\t\t<img loading=\"lazy\" decoding=\"async\" width=\"400\" height=\"400\" src=\"https:\/\/www.tepro.com.tr\/wp-content\/uploads\/2025\/06\/kumho-1.jpg\" class=\"attachment-large size-large wp-image-993440\" alt=\"\" srcset=\"https:\/\/www.tepro.com.tr\/wp-content\/uploads\/2025\/06\/kumho-1.jpg 400w, https:\/\/www.tepro.com.tr\/wp-content\/uploads\/2025\/06\/kumho-1-300x300.jpg 300w, https:\/\/www.tepro.com.tr\/wp-content\/uploads\/2025\/06\/kumho-1-150x150.jpg 150w\" sizes=\"(max-width: 400px) 100vw, 400px\" \/>\t\t\t\t\t\t\t\t<\/a>\n\t\t\t\t\t\t\t\t\t\t\t\t\t\t\t<\/div>\n\t\t\t\t<\/div>\n\t\t\t\t<div class=\"elementor-element elementor-element-d0ef2a0 elementor-widget elementor-widget-image\" data-id=\"d0ef2a0\" data-element_type=\"widget\" data-e-type=\"widget\" data-widget_type=\"image.default\">\n\t\t\t\t<div class=\"elementor-widget-container\">\n\t\t\t\t\t\t\t\t\t\t\t\t\t\t\t\t<a href=\"https:\/\/www.tepro.com.tr\/de\/unsere-marken\/nexeo\/lyondellbasell\/\">\n\t\t\t\t\t\t\t<img loading=\"lazy\" decoding=\"async\" width=\"400\" height=\"400\" src=\"https:\/\/www.tepro.com.tr\/wp-content\/uploads\/2025\/06\/lyb.jpg\" class=\"attachment-large size-large wp-image-993441\" alt=\"\" srcset=\"https:\/\/www.tepro.com.tr\/wp-content\/uploads\/2025\/06\/lyb.jpg 400w, https:\/\/www.tepro.com.tr\/wp-content\/uploads\/2025\/06\/lyb-300x300.jpg 300w, https:\/\/www.tepro.com.tr\/wp-content\/uploads\/2025\/06\/lyb-150x150.jpg 150w\" sizes=\"(max-width: 400px) 100vw, 400px\" \/>\t\t\t\t\t\t\t\t<\/a>\n\t\t\t\t\t\t\t\t\t\t\t\t\t\t\t<\/div>\n\t\t\t\t<\/div>\n\t\t\t\t<div class=\"elementor-element elementor-element-1d9b046 elementor-widget elementor-widget-image\" data-id=\"1d9b046\" data-element_type=\"widget\" data-e-type=\"widget\" data-widget_type=\"image.default\">\n\t\t\t\t<div class=\"elementor-widget-container\">\n\t\t\t\t\t\t\t\t\t\t\t\t\t\t\t\t<a href=\"https:\/\/www.tepro.com.tr\/de\/unsere-marken\/nexeo\/mitsubishi\/\">\n\t\t\t\t\t\t\t<img loading=\"lazy\" decoding=\"async\" width=\"400\" height=\"400\" src=\"https:\/\/www.tepro.com.tr\/wp-content\/uploads\/2025\/06\/mitsubishi-1.jpg\" class=\"attachment-large size-large wp-image-993442\" alt=\"\" srcset=\"https:\/\/www.tepro.com.tr\/wp-content\/uploads\/2025\/06\/mitsubishi-1.jpg 400w, https:\/\/www.tepro.com.tr\/wp-content\/uploads\/2025\/06\/mitsubishi-1-300x300.jpg 300w, https:\/\/www.tepro.com.tr\/wp-content\/uploads\/2025\/06\/mitsubishi-1-150x150.jpg 150w\" sizes=\"(max-width: 400px) 100vw, 400px\" \/>\t\t\t\t\t\t\t\t<\/a>\n\t\t\t\t\t\t\t\t\t\t\t\t\t\t\t<\/div>\n\t\t\t\t<\/div>\n\t\t\t\t<div class=\"elementor-element elementor-element-fa38529 elementor-widget elementor-widget-image\" data-id=\"fa38529\" data-element_type=\"widget\" data-e-type=\"widget\" data-widget_type=\"image.default\">\n\t\t\t\t<div class=\"elementor-widget-container\">\n\t\t\t\t\t\t\t\t\t\t\t\t\t\t\t\t<a href=\"https:\/\/www.tepro.com.tr\/de\/unsere-marken\/nexeo\/nevicolor\/\">\n\t\t\t\t\t\t\t<img loading=\"lazy\" decoding=\"async\" width=\"400\" height=\"400\" src=\"https:\/\/www.tepro.com.tr\/wp-content\/uploads\/2025\/06\/nevicolor-1.jpg\" class=\"attachment-large size-large wp-image-993443\" alt=\"\" srcset=\"https:\/\/www.tepro.com.tr\/wp-content\/uploads\/2025\/06\/nevicolor-1.jpg 400w, https:\/\/www.tepro.com.tr\/wp-content\/uploads\/2025\/06\/nevicolor-1-300x300.jpg 300w, https:\/\/www.tepro.com.tr\/wp-content\/uploads\/2025\/06\/nevicolor-1-150x150.jpg 150w\" sizes=\"(max-width: 400px) 100vw, 400px\" \/>\t\t\t\t\t\t\t\t<\/a>\n\t\t\t\t\t\t\t\t\t\t\t\t\t\t\t<\/div>\n\t\t\t\t<\/div>\n\t\t\t\t<div class=\"elementor-element elementor-element-b43f65a elementor-widget elementor-widget-image\" data-id=\"b43f65a\" data-element_type=\"widget\" data-e-type=\"widget\" data-widget_type=\"image.default\">\n\t\t\t\t<div class=\"elementor-widget-container\">\n\t\t\t\t\t\t\t\t\t\t\t\t\t\t\t\t<a href=\"https:\/\/www.tepro.com.tr\/de\/unsere-marken\/nexeo\/syensqo\/\">\n\t\t\t\t\t\t\t<img loading=\"lazy\" decoding=\"async\" width=\"400\" height=\"400\" src=\"https:\/\/www.tepro.com.tr\/wp-content\/uploads\/2025\/06\/syensco.jpg\" class=\"attachment-large size-large wp-image-993444\" alt=\"\" srcset=\"https:\/\/www.tepro.com.tr\/wp-content\/uploads\/2025\/06\/syensco.jpg 400w, https:\/\/www.tepro.com.tr\/wp-content\/uploads\/2025\/06\/syensco-300x300.jpg 300w, https:\/\/www.tepro.com.tr\/wp-content\/uploads\/2025\/06\/syensco-150x150.jpg 150w\" sizes=\"(max-width: 400px) 100vw, 400px\" \/>\t\t\t\t\t\t\t\t<\/a>\n\t\t\t\t\t\t\t\t\t\t\t\t\t\t\t<\/div>\n\t\t\t\t<\/div>\n\t\t\t\t<div class=\"elementor-element elementor-element-068ce3b elementor-widget elementor-widget-image\" data-id=\"068ce3b\" data-element_type=\"widget\" data-e-type=\"widget\" data-widget_type=\"image.default\">\n\t\t\t\t<div class=\"elementor-widget-container\">\n\t\t\t\t\t\t\t\t\t\t\t\t\t\t\t\t<a href=\"https:\/\/www.tepro.com.tr\/de\/unsere-marken\/nexeo\/teknor-apex\/\">\n\t\t\t\t\t\t\t<img loading=\"lazy\" decoding=\"async\" width=\"400\" height=\"400\" src=\"https:\/\/www.tepro.com.tr\/wp-content\/uploads\/2025\/06\/teknor.jpg\" class=\"attachment-large size-large wp-image-993445\" alt=\"\" srcset=\"https:\/\/www.tepro.com.tr\/wp-content\/uploads\/2025\/06\/teknor.jpg 400w, https:\/\/www.tepro.com.tr\/wp-content\/uploads\/2025\/06\/teknor-300x300.jpg 300w, https:\/\/www.tepro.com.tr\/wp-content\/uploads\/2025\/06\/teknor-150x150.jpg 150w\" sizes=\"(max-width: 400px) 100vw, 400px\" \/>\t\t\t\t\t\t\t\t<\/a>\n\t\t\t\t\t\t\t\t\t\t\t\t\t\t\t<\/div>\n\t\t\t\t<\/div>\n\t\t\t\t\t<\/div>\n\t\t\t\t<\/div>\n\t\t\t\t<\/div>\n\t\t","protected":false},"excerpt":{"rendered":"<p>Nevicolor ist eine f\u00fchrende Marke im Bereich Farb- und Additiv-Masterbatches f\u00fcr die Kunststoffindustrie und bietet Herstellern mit einem breiten Produktsortiment und hohen Qualit\u00e4tsstandards einen gro\u00dfen Mehrwert. Dank der starken Zusammenarbeit mit Nexeo Plastics werden Nevicolors Produkte schneller und zuverl\u00e4ssiger auf den t\u00fcrkischen und regionalen M\u00e4rkten ausgeliefert. Neben Masterbatch-L\u00f6sungen ist Nevicolor ein Partner f\u00fcr ma\u00dfgeschneiderte Spezialprozesse&#8230;<\/p>\n","protected":false},"author":1,"featured_media":998605,"parent":998603,"menu_order":0,"comment_status":"closed","ping_status":"closed","template":"","meta":{"footnotes":""},"class_list":["post-998618","page","type-page","status-publish","has-post-thumbnail","hentry"],"aioseo_notices":[],"_links":{"self":[{"href":"https:\/\/www.tepro.com.tr\/de\/wp-json\/wp\/v2\/pages\/998618","targetHints":{"allow":["GET"]}}],"collection":[{"href":"https:\/\/www.tepro.com.tr\/de\/wp-json\/wp\/v2\/pages"}],"about":[{"href":"https:\/\/www.tepro.com.tr\/de\/wp-json\/wp\/v2\/types\/page"}],"author":[{"embeddable":true,"href":"https:\/\/www.tepro.com.tr\/de\/wp-json\/wp\/v2\/users\/1"}],"replies":[{"embeddable":true,"href":"https:\/\/www.tepro.com.tr\/de\/wp-json\/wp\/v2\/comments?post=998618"}],"version-history":[{"count":0,"href":"https:\/\/www.tepro.com.tr\/de\/wp-json\/wp\/v2\/pages\/998618\/revisions"}],"up":[{"embeddable":true,"href":"https:\/\/www.tepro.com.tr\/de\/wp-json\/wp\/v2\/pages\/998603"}],"wp:featuredmedia":[{"embeddable":true,"href":"https:\/\/www.tepro.com.tr\/de\/wp-json\/wp\/v2\/media\/998605"}],"wp:attachment":[{"href":"https:\/\/www.tepro.com.tr\/de\/wp-json\/wp\/v2\/media?parent=998618"}],"curies":[{"name":"wp","href":"https:\/\/api.w.org\/{rel}","templated":true}]}}