{"id":998616,"date":"2025-06-08T19:55:27","date_gmt":"2025-06-08T16:55:27","guid":{"rendered":"https:\/\/www.tepro.com.tr\/markalarimiz\/nexeo\/mitsubishi\/"},"modified":"2025-07-29T20:21:41","modified_gmt":"2025-07-29T17:21:41","slug":"mitsubishi","status":"publish","type":"page","link":"https:\/\/www.tepro.com.tr\/de\/unsere-marken\/nexeo\/mitsubishi\/","title":{"rendered":"Mitsubishi"},"content":{"rendered":"\t\t<div data-elementor-type=\"wp-page\" data-elementor-id=\"998616\" class=\"elementor elementor-998616\" data-elementor-post-type=\"page\">\n\t\t\t\t\t\t<section class=\"elementor-section elementor-top-section elementor-element elementor-element-11125229 elementor-section-boxed elementor-section-height-default elementor-section-height-default\" data-id=\"11125229\" data-element_type=\"section\" data-e-type=\"section\">\n\t\t\t\t\t\t<div class=\"elementor-container elementor-column-gap-no\">\n\t\t\t\t\t<div class=\"elementor-column elementor-col-50 elementor-top-column elementor-element elementor-element-26936164\" data-id=\"26936164\" data-element_type=\"column\" data-e-type=\"column\" data-settings=\"{&quot;background_background&quot;:&quot;classic&quot;,&quot;background_motion_fx_motion_fx_scrolling&quot;:&quot;yes&quot;,&quot;background_motion_fx_scale_effect&quot;:&quot;yes&quot;,&quot;background_motion_fx_scale_speed&quot;:{&quot;unit&quot;:&quot;px&quot;,&quot;size&quot;:2,&quot;sizes&quot;:[]},&quot;background_motion_fx_devices&quot;:[&quot;desktop&quot;],&quot;background_motion_fx_scale_direction&quot;:&quot;out-in&quot;,&quot;background_motion_fx_scale_range&quot;:{&quot;unit&quot;:&quot;%&quot;,&quot;size&quot;:&quot;&quot;,&quot;sizes&quot;:{&quot;start&quot;:20,&quot;end&quot;:80}}}\">\n\t\t\t<div class=\"elementor-widget-wrap elementor-element-populated\">\n\t\t\t\t\t\t<div class=\"elementor-element elementor-element-5b30a284 elementor-widget elementor-widget-spacer\" data-id=\"5b30a284\" data-element_type=\"widget\" data-e-type=\"widget\" data-widget_type=\"spacer.default\">\n\t\t\t\t<div class=\"elementor-widget-container\">\n\t\t\t\t\t\t\t<div class=\"elementor-spacer\">\n\t\t\t<div class=\"elementor-spacer-inner\"><\/div>\n\t\t<\/div>\n\t\t\t\t\t\t<\/div>\n\t\t\t\t<\/div>\n\t\t\t\t\t<\/div>\n\t\t<\/div>\n\t\t\t\t<div class=\"elementor-column elementor-col-50 elementor-top-column elementor-element elementor-element-3c6711a\" data-id=\"3c6711a\" data-element_type=\"column\" data-e-type=\"column\" data-settings=\"{&quot;background_background&quot;:&quot;classic&quot;}\">\n\t\t\t<div class=\"elementor-widget-wrap elementor-element-populated\">\n\t\t\t\t\t\t<section class=\"elementor-section elementor-inner-section elementor-element elementor-element-2fdadb0 elementor-section-full_width elementor-section-height-default elementor-section-height-default\" data-id=\"2fdadb0\" data-element_type=\"section\" data-e-type=\"section\">\n\t\t\t\t\t\t<div class=\"elementor-container elementor-column-gap-no\">\n\t\t\t\t\t<div class=\"elementor-column elementor-col-100 elementor-inner-column elementor-element elementor-element-955ca9f\" data-id=\"955ca9f\" data-element_type=\"column\" data-e-type=\"column\">\n\t\t\t<div class=\"elementor-widget-wrap elementor-element-populated\">\n\t\t\t\t\t\t<div class=\"elementor-element elementor-element-f5288d3 elementor-widget__width-initial elementor-widget elementor-widget-image\" data-id=\"f5288d3\" data-element_type=\"widget\" data-e-type=\"widget\" data-widget_type=\"image.default\">\n\t\t\t\t<div class=\"elementor-widget-container\">\n\t\t\t\t\t\t\t\t\t\t\t\t\t\t\t<img fetchpriority=\"high\" decoding=\"async\" width=\"900\" height=\"900\" src=\"https:\/\/www.tepro.com.tr\/wp-content\/uploads\/2025\/06\/mitsubishi.jpg\" class=\"attachment-full size-full wp-image-993380\" alt=\"\" srcset=\"https:\/\/www.tepro.com.tr\/wp-content\/uploads\/2025\/06\/mitsubishi.jpg 900w, https:\/\/www.tepro.com.tr\/wp-content\/uploads\/2025\/06\/mitsubishi-300x300.jpg 300w, https:\/\/www.tepro.com.tr\/wp-content\/uploads\/2025\/06\/mitsubishi-150x150.jpg 150w, https:\/\/www.tepro.com.tr\/wp-content\/uploads\/2025\/06\/mitsubishi-768x768.jpg 768w\" sizes=\"(max-width: 900px) 100vw, 900px\" \/>\t\t\t\t\t\t\t\t\t\t\t\t\t\t\t<\/div>\n\t\t\t\t<\/div>\n\t\t\t\t<div class=\"vamtam-has-theme-widget-styles elementor-element elementor-element-101423c elementor-widget elementor-widget-text-editor\" data-id=\"101423c\" data-element_type=\"widget\" data-e-type=\"widget\" data-widget_type=\"text-editor.default\">\n\t\t\t\t<div class=\"elementor-widget-container\">\n\t\t\t\t\t\t\t\t\t<p style=\"font-weight: 400;\">PC und PC\/ABS<\/p>\n<p style=\"font-weight: 400;\"><strong>XANTAR\u2122<\/strong><\/p>\n<p style=\"font-weight: 400;\">Neben der Grundqualit\u00e4t mit hervorragender Transparenz und Schlagfestigkeit bietet die XANTAR\u2122-Serie die &#8222;FC&#8220;-Qualit\u00e4t mit hohem Flammschutz, die bew\u00e4hrte Leistung in Elektro- und Elektronikanwendungen liefert; sowie die Serien &#8222;C&#8220; und &#8222;E&#8220;, die sich durch hohe Flie\u00dff\u00e4higkeit und Best\u00e4ndigkeit gegen\u00fcber verschiedenen Umgebungsbedingungen auszeichnen und ideal f\u00fcr Informations- und Kommunikationstechnologie sowie Automobilanwendungen sind.<\/p>\n<p style=\"font-weight: 400;\">Die &#8222;K&#8220;-Serie zeichnet sich durch verbesserte Kratzfestigkeit, hohen Flammschutz und einen niedrigen dielektrischen Verlustfaktor aus.<\/p>\n<p style=\"font-weight: 400;\">Die &#8222;XRM&#8220;-Qualit\u00e4t bietet erh\u00f6hte Schlagfestigkeit bei niedrigen Temperaturen und chemische Best\u00e4ndigkeit und ist ideal f\u00fcr Au\u00dfengeh\u00e4use verschiedener elektronischer Ger\u00e4te. Zudem werden umweltfreundliche Materialien entwickelt, die neben hoher Funktionalit\u00e4t auch den Schutz der globalen Umwelt durch Recycling nach dem Verbrauch f\u00f6rdern.<\/p>\n<p style=\"font-weight: 400;\"><strong>Hauptmerkmale<\/strong><\/p>\n<ul style=\"font-weight: 400;\">\n \t<li>\u00dcberlegene Schlagfestigkeit<\/li>\n \t<li>Hervorragende Transparenz<\/li>\n \t<li>Einsatz in einem breiten Temperaturbereich: -40\u00b0C bis 120\u00b0C<\/li>\n \t<li>Exzellente Spritzgie\u00dfeigenschaften und Dimensionsstabilit\u00e4t<\/li>\n \t<li>\u00dcberlegene selbstverl\u00f6schende Eigenschaften<\/li>\n \t<li>Hervorragende Witterungsbest\u00e4ndigkeit<\/li>\n \t<li>Exzellente elektrische Isoliereigenschaften<\/li>\n<\/ul>\n\t\t\t\t\t\t\t\t<\/div>\n\t\t\t\t<\/div>\n\t\t\t\t<div class=\"vamtam-has-theme-widget-styles elementor-element elementor-element-db551ba elementor-align-justify elementor-mobile-align-justify vamtam-has-bg-hover-anim elementor-widget elementor-widget-button\" data-id=\"db551ba\" data-element_type=\"widget\" data-e-type=\"widget\" data-widget_type=\"button.default\">\n\t\t\t\t<div class=\"elementor-widget-container\">\n\t\t\t\t\t\t\t\t\t<div class=\"elementor-button-wrapper\">\n\t\t\t\t\t<a class=\"elementor-button elementor-button-link elementor-size-sm\" href=\"https:\/\/www.tepro.com.tr\/de\/birlikte-calisalim\/nexeo-teknik-bilgi-istiyorum\/\">\n\t\t\t\t\t\t<span class=\"elementor-button-content-wrapper\">\n\t\t\t\t\t\t<span class=\"elementor-button-icon\">\n\t\t\t\t<i aria-hidden=\"true\" class=\"vamtamtheme- vamtam-theme-arrow-right\"><\/i>\t\t\t<\/span>\n\t\t\t\t\t\t\t\t\t<span class=\"elementor-button-text\">INFORMATIONEN<\/span>\n\t\t\t\t\t<\/span>\n\t\t\t\t\t<\/a>\n\t\t\t\t<\/div>\n\t\t\t\t\t\t\t\t<\/div>\n\t\t\t\t<\/div>\n\t\t\t\t\t<\/div>\n\t\t<\/div>\n\t\t\t\t\t<\/div>\n\t\t<\/section>\n\t\t\t\t\t<\/div>\n\t\t<\/div>\n\t\t\t\t\t<\/div>\n\t\t<\/section>\n\t\t<div class=\"elementor-element elementor-element-aea3963 e-flex e-con-boxed e-con e-parent\" data-id=\"aea3963\" data-element_type=\"container\" data-e-type=\"container\">\n\t\t\t\t\t<div class=\"e-con-inner\">\n\t\t\t\t<div class=\"elementor-element elementor-element-4af36c7 elementor-widget elementor-widget-spacer\" data-id=\"4af36c7\" data-element_type=\"widget\" data-e-type=\"widget\" data-widget_type=\"spacer.default\">\n\t\t\t\t<div class=\"elementor-widget-container\">\n\t\t\t\t\t\t\t<div class=\"elementor-spacer\">\n\t\t\t<div class=\"elementor-spacer-inner\"><\/div>\n\t\t<\/div>\n\t\t\t\t\t\t<\/div>\n\t\t\t\t<\/div>\n\t\t\t\t\t<\/div>\n\t\t\t\t<\/div>\n\t\t<div class=\"elementor-element elementor-element-6b1f6dc e-grid e-con-boxed e-con e-parent\" data-id=\"6b1f6dc\" data-element_type=\"container\" data-e-type=\"container\">\n\t\t\t\t\t<div class=\"e-con-inner\">\n\t\t\t\t<div class=\"elementor-element elementor-element-1a61ff4 elementor-widget elementor-widget-image\" data-id=\"1a61ff4\" data-element_type=\"widget\" data-e-type=\"widget\" data-widget_type=\"image.default\">\n\t\t\t\t<div class=\"elementor-widget-container\">\n\t\t\t\t\t\t\t\t\t\t\t\t\t\t\t\t<a href=\"https:\/\/www.tepro.com.tr\/de\/unsere-marken\/nexeo\/\">\n\t\t\t\t\t\t\t<img decoding=\"async\" width=\"400\" height=\"400\" src=\"https:\/\/www.tepro.com.tr\/wp-content\/uploads\/2025\/06\/nexeo-1.jpg\" class=\"attachment-large size-large wp-image-993437\" alt=\"\" srcset=\"https:\/\/www.tepro.com.tr\/wp-content\/uploads\/2025\/06\/nexeo-1.jpg 400w, https:\/\/www.tepro.com.tr\/wp-content\/uploads\/2025\/06\/nexeo-1-300x300.jpg 300w, https:\/\/www.tepro.com.tr\/wp-content\/uploads\/2025\/06\/nexeo-1-150x150.jpg 150w\" sizes=\"(max-width: 400px) 100vw, 400px\" \/>\t\t\t\t\t\t\t\t<\/a>\n\t\t\t\t\t\t\t\t\t\t\t\t\t\t\t<\/div>\n\t\t\t\t<\/div>\n\t\t\t\t<div class=\"elementor-element elementor-element-420724d elementor-widget elementor-widget-image\" data-id=\"420724d\" data-element_type=\"widget\" data-e-type=\"widget\" data-widget_type=\"image.default\">\n\t\t\t\t<div class=\"elementor-widget-container\">\n\t\t\t\t\t\t\t\t\t\t\t\t\t\t\t\t<a href=\"https:\/\/www.tepro.com.tr\/de\/unsere-marken\/nexeo\/invista\/\">\n\t\t\t\t\t\t\t<img decoding=\"async\" width=\"400\" height=\"400\" src=\"https:\/\/www.tepro.com.tr\/wp-content\/uploads\/2025\/06\/invista-1.jpg\" class=\"attachment-large size-large wp-image-993438\" alt=\"\" srcset=\"https:\/\/www.tepro.com.tr\/wp-content\/uploads\/2025\/06\/invista-1.jpg 400w, https:\/\/www.tepro.com.tr\/wp-content\/uploads\/2025\/06\/invista-1-300x300.jpg 300w, https:\/\/www.tepro.com.tr\/wp-content\/uploads\/2025\/06\/invista-1-150x150.jpg 150w\" sizes=\"(max-width: 400px) 100vw, 400px\" \/>\t\t\t\t\t\t\t\t<\/a>\n\t\t\t\t\t\t\t\t\t\t\t\t\t\t\t<\/div>\n\t\t\t\t<\/div>\n\t\t\t\t<div class=\"elementor-element elementor-element-6c848bc elementor-widget elementor-widget-image\" data-id=\"6c848bc\" data-element_type=\"widget\" data-e-type=\"widget\" data-widget_type=\"image.default\">\n\t\t\t\t<div class=\"elementor-widget-container\">\n\t\t\t\t\t\t\t\t\t\t\t\t\t\t\t\t<a href=\"https:\/\/www.tepro.com.tr\/de\/unsere-marken\/nexeo\/kingfa\/\">\n\t\t\t\t\t\t\t<img loading=\"lazy\" decoding=\"async\" width=\"400\" height=\"400\" src=\"https:\/\/www.tepro.com.tr\/wp-content\/uploads\/2025\/06\/kingfa-1.jpg\" class=\"attachment-large size-large wp-image-993439\" alt=\"\" srcset=\"https:\/\/www.tepro.com.tr\/wp-content\/uploads\/2025\/06\/kingfa-1.jpg 400w, https:\/\/www.tepro.com.tr\/wp-content\/uploads\/2025\/06\/kingfa-1-300x300.jpg 300w, https:\/\/www.tepro.com.tr\/wp-content\/uploads\/2025\/06\/kingfa-1-150x150.jpg 150w\" sizes=\"(max-width: 400px) 100vw, 400px\" \/>\t\t\t\t\t\t\t\t<\/a>\n\t\t\t\t\t\t\t\t\t\t\t\t\t\t\t<\/div>\n\t\t\t\t<\/div>\n\t\t\t\t<div class=\"elementor-element elementor-element-070077d elementor-widget elementor-widget-image\" data-id=\"070077d\" data-element_type=\"widget\" data-e-type=\"widget\" data-widget_type=\"image.default\">\n\t\t\t\t<div class=\"elementor-widget-container\">\n\t\t\t\t\t\t\t\t\t\t\t\t\t\t\t\t<a href=\"https:\/\/www.tepro.com.tr\/de\/unsere-marken\/nexeo\/kumho\/\">\n\t\t\t\t\t\t\t<img loading=\"lazy\" decoding=\"async\" width=\"400\" height=\"400\" src=\"https:\/\/www.tepro.com.tr\/wp-content\/uploads\/2025\/06\/kumho-1.jpg\" class=\"attachment-large size-large wp-image-993440\" alt=\"\" srcset=\"https:\/\/www.tepro.com.tr\/wp-content\/uploads\/2025\/06\/kumho-1.jpg 400w, https:\/\/www.tepro.com.tr\/wp-content\/uploads\/2025\/06\/kumho-1-300x300.jpg 300w, https:\/\/www.tepro.com.tr\/wp-content\/uploads\/2025\/06\/kumho-1-150x150.jpg 150w\" sizes=\"(max-width: 400px) 100vw, 400px\" \/>\t\t\t\t\t\t\t\t<\/a>\n\t\t\t\t\t\t\t\t\t\t\t\t\t\t\t<\/div>\n\t\t\t\t<\/div>\n\t\t\t\t<div class=\"elementor-element elementor-element-edeae6c elementor-widget elementor-widget-image\" data-id=\"edeae6c\" data-element_type=\"widget\" data-e-type=\"widget\" data-widget_type=\"image.default\">\n\t\t\t\t<div class=\"elementor-widget-container\">\n\t\t\t\t\t\t\t\t\t\t\t\t\t\t\t\t<a href=\"https:\/\/www.tepro.com.tr\/de\/unsere-marken\/nexeo\/lyondellbasell\/\">\n\t\t\t\t\t\t\t<img loading=\"lazy\" decoding=\"async\" width=\"400\" height=\"400\" src=\"https:\/\/www.tepro.com.tr\/wp-content\/uploads\/2025\/06\/lyb.jpg\" class=\"attachment-large size-large wp-image-993441\" alt=\"\" srcset=\"https:\/\/www.tepro.com.tr\/wp-content\/uploads\/2025\/06\/lyb.jpg 400w, https:\/\/www.tepro.com.tr\/wp-content\/uploads\/2025\/06\/lyb-300x300.jpg 300w, https:\/\/www.tepro.com.tr\/wp-content\/uploads\/2025\/06\/lyb-150x150.jpg 150w\" sizes=\"(max-width: 400px) 100vw, 400px\" \/>\t\t\t\t\t\t\t\t<\/a>\n\t\t\t\t\t\t\t\t\t\t\t\t\t\t\t<\/div>\n\t\t\t\t<\/div>\n\t\t\t\t<div class=\"elementor-element elementor-element-9ebf14e elementor-widget elementor-widget-image\" data-id=\"9ebf14e\" data-element_type=\"widget\" data-e-type=\"widget\" data-widget_type=\"image.default\">\n\t\t\t\t<div class=\"elementor-widget-container\">\n\t\t\t\t\t\t\t\t\t\t\t\t\t\t\t\t<a href=\"https:\/\/www.tepro.com.tr\/de\/unsere-marken\/nexeo\/mitsubishi\/\">\n\t\t\t\t\t\t\t<img loading=\"lazy\" decoding=\"async\" width=\"400\" height=\"400\" src=\"https:\/\/www.tepro.com.tr\/wp-content\/uploads\/2025\/06\/mitsubishi-1.jpg\" class=\"attachment-large size-large wp-image-993442\" alt=\"\" srcset=\"https:\/\/www.tepro.com.tr\/wp-content\/uploads\/2025\/06\/mitsubishi-1.jpg 400w, https:\/\/www.tepro.com.tr\/wp-content\/uploads\/2025\/06\/mitsubishi-1-300x300.jpg 300w, https:\/\/www.tepro.com.tr\/wp-content\/uploads\/2025\/06\/mitsubishi-1-150x150.jpg 150w\" sizes=\"(max-width: 400px) 100vw, 400px\" \/>\t\t\t\t\t\t\t\t<\/a>\n\t\t\t\t\t\t\t\t\t\t\t\t\t\t\t<\/div>\n\t\t\t\t<\/div>\n\t\t\t\t<div class=\"elementor-element elementor-element-5b66726 elementor-widget elementor-widget-image\" data-id=\"5b66726\" data-element_type=\"widget\" data-e-type=\"widget\" data-widget_type=\"image.default\">\n\t\t\t\t<div class=\"elementor-widget-container\">\n\t\t\t\t\t\t\t\t\t\t\t\t\t\t\t\t<a href=\"https:\/\/www.tepro.com.tr\/de\/unsere-marken\/nexeo\/nevicolor\/\">\n\t\t\t\t\t\t\t<img loading=\"lazy\" decoding=\"async\" width=\"400\" height=\"400\" src=\"https:\/\/www.tepro.com.tr\/wp-content\/uploads\/2025\/06\/nevicolor-1.jpg\" class=\"attachment-large size-large wp-image-993443\" alt=\"\" srcset=\"https:\/\/www.tepro.com.tr\/wp-content\/uploads\/2025\/06\/nevicolor-1.jpg 400w, https:\/\/www.tepro.com.tr\/wp-content\/uploads\/2025\/06\/nevicolor-1-300x300.jpg 300w, https:\/\/www.tepro.com.tr\/wp-content\/uploads\/2025\/06\/nevicolor-1-150x150.jpg 150w\" sizes=\"(max-width: 400px) 100vw, 400px\" \/>\t\t\t\t\t\t\t\t<\/a>\n\t\t\t\t\t\t\t\t\t\t\t\t\t\t\t<\/div>\n\t\t\t\t<\/div>\n\t\t\t\t<div class=\"elementor-element elementor-element-40adcdd elementor-widget elementor-widget-image\" data-id=\"40adcdd\" data-element_type=\"widget\" data-e-type=\"widget\" data-widget_type=\"image.default\">\n\t\t\t\t<div class=\"elementor-widget-container\">\n\t\t\t\t\t\t\t\t\t\t\t\t\t\t\t\t<a href=\"https:\/\/www.tepro.com.tr\/de\/unsere-marken\/nexeo\/syensqo\/\">\n\t\t\t\t\t\t\t<img loading=\"lazy\" decoding=\"async\" width=\"400\" height=\"400\" src=\"https:\/\/www.tepro.com.tr\/wp-content\/uploads\/2025\/06\/syensco.jpg\" class=\"attachment-large size-large wp-image-993444\" alt=\"\" srcset=\"https:\/\/www.tepro.com.tr\/wp-content\/uploads\/2025\/06\/syensco.jpg 400w, https:\/\/www.tepro.com.tr\/wp-content\/uploads\/2025\/06\/syensco-300x300.jpg 300w, https:\/\/www.tepro.com.tr\/wp-content\/uploads\/2025\/06\/syensco-150x150.jpg 150w\" sizes=\"(max-width: 400px) 100vw, 400px\" \/>\t\t\t\t\t\t\t\t<\/a>\n\t\t\t\t\t\t\t\t\t\t\t\t\t\t\t<\/div>\n\t\t\t\t<\/div>\n\t\t\t\t<div class=\"elementor-element elementor-element-f88b61c elementor-widget elementor-widget-image\" data-id=\"f88b61c\" data-element_type=\"widget\" data-e-type=\"widget\" data-widget_type=\"image.default\">\n\t\t\t\t<div class=\"elementor-widget-container\">\n\t\t\t\t\t\t\t\t\t\t\t\t\t\t\t\t<a href=\"https:\/\/www.tepro.com.tr\/de\/unsere-marken\/nexeo\/teknor-apex\/\">\n\t\t\t\t\t\t\t<img loading=\"lazy\" decoding=\"async\" width=\"400\" height=\"400\" src=\"https:\/\/www.tepro.com.tr\/wp-content\/uploads\/2025\/06\/teknor.jpg\" class=\"attachment-large size-large wp-image-993445\" alt=\"\" srcset=\"https:\/\/www.tepro.com.tr\/wp-content\/uploads\/2025\/06\/teknor.jpg 400w, https:\/\/www.tepro.com.tr\/wp-content\/uploads\/2025\/06\/teknor-300x300.jpg 300w, https:\/\/www.tepro.com.tr\/wp-content\/uploads\/2025\/06\/teknor-150x150.jpg 150w\" sizes=\"(max-width: 400px) 100vw, 400px\" \/>\t\t\t\t\t\t\t\t<\/a>\n\t\t\t\t\t\t\t\t\t\t\t\t\t\t\t<\/div>\n\t\t\t\t<\/div>\n\t\t\t\t\t<\/div>\n\t\t\t\t<\/div>\n\t\t\t\t<\/div>\n\t\t","protected":false},"excerpt":{"rendered":"<p>PC und PC\/ABS XANTAR\u2122 Neben der Grundqualit\u00e4t mit hervorragender Transparenz und Schlagfestigkeit bietet die XANTAR\u2122-Serie die &#8222;FC&#8220;-Qualit\u00e4t mit hohem Flammschutz, die bew\u00e4hrte Leistung in Elektro- und Elektronikanwendungen liefert; sowie die Serien &#8222;C&#8220; und &#8222;E&#8220;, die sich durch hohe Flie\u00dff\u00e4higkeit und Best\u00e4ndigkeit gegen\u00fcber verschiedenen Umgebungsbedingungen auszeichnen und ideal f\u00fcr Informations- und Kommunikationstechnologie sowie Automobilanwendungen sind. Die&#8230;<\/p>\n","protected":false},"author":1,"featured_media":998605,"parent":998603,"menu_order":0,"comment_status":"closed","ping_status":"closed","template":"","meta":{"footnotes":""},"class_list":["post-998616","page","type-page","status-publish","has-post-thumbnail","hentry"],"aioseo_notices":[],"_links":{"self":[{"href":"https:\/\/www.tepro.com.tr\/de\/wp-json\/wp\/v2\/pages\/998616","targetHints":{"allow":["GET"]}}],"collection":[{"href":"https:\/\/www.tepro.com.tr\/de\/wp-json\/wp\/v2\/pages"}],"about":[{"href":"https:\/\/www.tepro.com.tr\/de\/wp-json\/wp\/v2\/types\/page"}],"author":[{"embeddable":true,"href":"https:\/\/www.tepro.com.tr\/de\/wp-json\/wp\/v2\/users\/1"}],"replies":[{"embeddable":true,"href":"https:\/\/www.tepro.com.tr\/de\/wp-json\/wp\/v2\/comments?post=998616"}],"version-history":[{"count":0,"href":"https:\/\/www.tepro.com.tr\/de\/wp-json\/wp\/v2\/pages\/998616\/revisions"}],"up":[{"embeddable":true,"href":"https:\/\/www.tepro.com.tr\/de\/wp-json\/wp\/v2\/pages\/998603"}],"wp:featuredmedia":[{"embeddable":true,"href":"https:\/\/www.tepro.com.tr\/de\/wp-json\/wp\/v2\/media\/998605"}],"wp:attachment":[{"href":"https:\/\/www.tepro.com.tr\/de\/wp-json\/wp\/v2\/media?parent=998616"}],"curies":[{"name":"wp","href":"https:\/\/api.w.org\/{rel}","templated":true}]}}