{"id":998612,"date":"2025-06-08T19:43:54","date_gmt":"2025-06-08T16:43:54","guid":{"rendered":"https:\/\/www.tepro.com.tr\/markalarimiz\/nexeo\/kumho\/"},"modified":"2025-07-29T20:20:36","modified_gmt":"2025-07-29T17:20:36","slug":"kumho","status":"publish","type":"page","link":"https:\/\/www.tepro.com.tr\/de\/unsere-marken\/nexeo\/kumho\/","title":{"rendered":"Kumho"},"content":{"rendered":"\t\t<div data-elementor-type=\"wp-page\" data-elementor-id=\"998612\" class=\"elementor elementor-998612\" data-elementor-post-type=\"page\">\n\t\t\t\t\t\t<section class=\"elementor-section elementor-top-section elementor-element elementor-element-11125229 elementor-section-boxed elementor-section-height-default elementor-section-height-default\" data-id=\"11125229\" data-element_type=\"section\" data-e-type=\"section\">\n\t\t\t\t\t\t<div class=\"elementor-container elementor-column-gap-no\">\n\t\t\t\t\t<div class=\"elementor-column elementor-col-50 elementor-top-column elementor-element elementor-element-26936164\" data-id=\"26936164\" data-element_type=\"column\" data-e-type=\"column\" data-settings=\"{&quot;background_background&quot;:&quot;classic&quot;,&quot;background_motion_fx_motion_fx_scrolling&quot;:&quot;yes&quot;,&quot;background_motion_fx_scale_effect&quot;:&quot;yes&quot;,&quot;background_motion_fx_scale_speed&quot;:{&quot;unit&quot;:&quot;px&quot;,&quot;size&quot;:2,&quot;sizes&quot;:[]},&quot;background_motion_fx_devices&quot;:[&quot;desktop&quot;],&quot;background_motion_fx_scale_direction&quot;:&quot;out-in&quot;,&quot;background_motion_fx_scale_range&quot;:{&quot;unit&quot;:&quot;%&quot;,&quot;size&quot;:&quot;&quot;,&quot;sizes&quot;:{&quot;start&quot;:20,&quot;end&quot;:80}}}\">\n\t\t\t<div class=\"elementor-widget-wrap elementor-element-populated\">\n\t\t\t\t\t\t<div class=\"elementor-element elementor-element-5b30a284 elementor-widget elementor-widget-spacer\" data-id=\"5b30a284\" data-element_type=\"widget\" data-e-type=\"widget\" data-widget_type=\"spacer.default\">\n\t\t\t\t<div class=\"elementor-widget-container\">\n\t\t\t\t\t\t\t<div class=\"elementor-spacer\">\n\t\t\t<div class=\"elementor-spacer-inner\"><\/div>\n\t\t<\/div>\n\t\t\t\t\t\t<\/div>\n\t\t\t\t<\/div>\n\t\t\t\t\t<\/div>\n\t\t<\/div>\n\t\t\t\t<div class=\"elementor-column elementor-col-50 elementor-top-column elementor-element elementor-element-3c6711a\" data-id=\"3c6711a\" data-element_type=\"column\" data-e-type=\"column\" data-settings=\"{&quot;background_background&quot;:&quot;classic&quot;}\">\n\t\t\t<div class=\"elementor-widget-wrap elementor-element-populated\">\n\t\t\t\t\t\t<section class=\"elementor-section elementor-inner-section elementor-element elementor-element-2fdadb0 elementor-section-full_width elementor-section-height-default elementor-section-height-default\" data-id=\"2fdadb0\" data-element_type=\"section\" data-e-type=\"section\">\n\t\t\t\t\t\t<div class=\"elementor-container elementor-column-gap-no\">\n\t\t\t\t\t<div class=\"elementor-column elementor-col-100 elementor-inner-column elementor-element elementor-element-955ca9f\" data-id=\"955ca9f\" data-element_type=\"column\" data-e-type=\"column\">\n\t\t\t<div class=\"elementor-widget-wrap elementor-element-populated\">\n\t\t\t\t\t\t<div class=\"elementor-element elementor-element-f5288d3 elementor-widget__width-initial elementor-widget elementor-widget-image\" data-id=\"f5288d3\" data-element_type=\"widget\" data-e-type=\"widget\" data-widget_type=\"image.default\">\n\t\t\t\t<div class=\"elementor-widget-container\">\n\t\t\t\t\t\t\t\t\t\t\t\t\t\t\t<img fetchpriority=\"high\" decoding=\"async\" width=\"900\" height=\"900\" src=\"https:\/\/www.tepro.com.tr\/wp-content\/uploads\/2025\/06\/kumho.jpg\" class=\"attachment-full size-full wp-image-993366\" alt=\"\" srcset=\"https:\/\/www.tepro.com.tr\/wp-content\/uploads\/2025\/06\/kumho.jpg 900w, https:\/\/www.tepro.com.tr\/wp-content\/uploads\/2025\/06\/kumho-300x300.jpg 300w, https:\/\/www.tepro.com.tr\/wp-content\/uploads\/2025\/06\/kumho-150x150.jpg 150w, https:\/\/www.tepro.com.tr\/wp-content\/uploads\/2025\/06\/kumho-768x768.jpg 768w\" sizes=\"(max-width: 900px) 100vw, 900px\" \/>\t\t\t\t\t\t\t\t\t\t\t\t\t\t\t<\/div>\n\t\t\t\t<\/div>\n\t\t\t\t<div class=\"vamtam-has-theme-widget-styles elementor-element elementor-element-101423c elementor-widget elementor-widget-text-editor\" data-id=\"101423c\" data-element_type=\"widget\" data-e-type=\"widget\" data-widget_type=\"text-editor.default\">\n\t\t\t\t<div class=\"elementor-widget-container\">\n\t\t\t\t\t\t\t\t\t<p style=\"font-weight: 400;\"><strong>Kumho Petrochemical<\/strong> wird weltweit als einer der f\u00fchrenden Hersteller von <strong>ABS (Acrylnitril-Butadien-Styrol)<\/strong> anerkannt. Unterst\u00fctzt durch fortschrittliche Polymertechnologien, werden Kumho ABS-Produkte in einem breiten Anwendungsspektrum eingesetzt, um sowohl technische Leistung als auch \u00e4sthetische Anforderungen zu erf\u00fcllen.<\/p>\n<p style=\"font-weight: 400;\">Kumho ABS-Verbindungen bieten hohe Schlagfestigkeit, exzellente Verarbeitbarkeit, Oberfl\u00e4chenqualit\u00e4t und Hitzebest\u00e4ndigkeit und werden in zahlreichen Branchen bevorzugt \u2013 von der Automobilindustrie \u00fcber Haushaltsger\u00e4te und Elektronik bis hin zur Bauindustrie und Konsumg\u00fctern.<\/p>\n<p style=\"font-weight: 400;\"><strong>Hauptvorteile der Produkte:<\/strong><\/p>\n<ul style=\"font-weight: 400;\">\n \t<li>Hohe Glanzwerte und hervorragende Oberfl\u00e4chenoptik<\/li>\n \t<li>Variable Schlagz\u00e4higkeit<\/li>\n \t<li>Einfache Verarbeitbarkeit und Formbarkeit<\/li>\n \t<li>Spezielle Formulierungen mit flammhemmenden, hitzebest\u00e4ndigen und elektrostatischen Eigenschaften<\/li>\n<\/ul>\n<p style=\"font-weight: 400;\"><strong>Anwendungsbereiche:<\/strong><\/p>\n<ul style=\"font-weight: 400;\">\n \t<li>Innen- und Au\u00dfenteile f\u00fcr die Automobilindustrie<\/li>\n \t<li>Unterhaltungselektronik und Haushaltsger\u00e4te<\/li>\n \t<li>B\u00fcroausstattung und Spielzeug<\/li>\n \t<li>Allgemeine langlebige Konsumg\u00fcter<\/li>\n<\/ul>\n<p style=\"font-weight: 400;\"><strong>Kumho ABS \u2013 Wertsch\u00f6pfung f\u00fcr Design, Funktionalit\u00e4t und Produktionseffizienz.<\/strong><\/p>\n\t\t\t\t\t\t\t\t<\/div>\n\t\t\t\t<\/div>\n\t\t\t\t<div class=\"vamtam-has-theme-widget-styles elementor-element elementor-element-db551ba elementor-align-justify elementor-mobile-align-justify vamtam-has-bg-hover-anim elementor-widget elementor-widget-button\" data-id=\"db551ba\" data-element_type=\"widget\" data-e-type=\"widget\" data-widget_type=\"button.default\">\n\t\t\t\t<div class=\"elementor-widget-container\">\n\t\t\t\t\t\t\t\t\t<div class=\"elementor-button-wrapper\">\n\t\t\t\t\t<a class=\"elementor-button elementor-button-link elementor-size-sm\" href=\"https:\/\/www.tepro.com.tr\/de\/birlikte-calisalim\/nexeo-teknik-bilgi-istiyorum\/\">\n\t\t\t\t\t\t<span class=\"elementor-button-content-wrapper\">\n\t\t\t\t\t\t<span class=\"elementor-button-icon\">\n\t\t\t\t<i aria-hidden=\"true\" class=\"vamtamtheme- vamtam-theme-arrow-right\"><\/i>\t\t\t<\/span>\n\t\t\t\t\t\t\t\t\t<span class=\"elementor-button-text\">INFORMATIONEN<\/span>\n\t\t\t\t\t<\/span>\n\t\t\t\t\t<\/a>\n\t\t\t\t<\/div>\n\t\t\t\t\t\t\t\t<\/div>\n\t\t\t\t<\/div>\n\t\t\t\t\t<\/div>\n\t\t<\/div>\n\t\t\t\t\t<\/div>\n\t\t<\/section>\n\t\t\t\t\t<\/div>\n\t\t<\/div>\n\t\t\t\t\t<\/div>\n\t\t<\/section>\n\t\t<div class=\"elementor-element elementor-element-805a72c e-grid e-con-boxed e-con e-parent\" data-id=\"805a72c\" data-element_type=\"container\" data-e-type=\"container\">\n\t\t\t\t\t<div class=\"e-con-inner\">\n\t\t\t\t<div class=\"elementor-element elementor-element-96e1bd4 elementor-widget elementor-widget-image\" data-id=\"96e1bd4\" data-element_type=\"widget\" data-e-type=\"widget\" data-widget_type=\"image.default\">\n\t\t\t\t<div class=\"elementor-widget-container\">\n\t\t\t\t\t\t\t\t\t\t\t\t\t\t\t\t<a href=\"https:\/\/www.tepro.com.tr\/de\/unsere-marken\/nexeo\/\">\n\t\t\t\t\t\t\t<img decoding=\"async\" width=\"400\" height=\"400\" src=\"https:\/\/www.tepro.com.tr\/wp-content\/uploads\/2025\/06\/nexeo-1.jpg\" class=\"attachment-large size-large wp-image-993437\" alt=\"\" srcset=\"https:\/\/www.tepro.com.tr\/wp-content\/uploads\/2025\/06\/nexeo-1.jpg 400w, https:\/\/www.tepro.com.tr\/wp-content\/uploads\/2025\/06\/nexeo-1-300x300.jpg 300w, https:\/\/www.tepro.com.tr\/wp-content\/uploads\/2025\/06\/nexeo-1-150x150.jpg 150w\" sizes=\"(max-width: 400px) 100vw, 400px\" \/>\t\t\t\t\t\t\t\t<\/a>\n\t\t\t\t\t\t\t\t\t\t\t\t\t\t\t<\/div>\n\t\t\t\t<\/div>\n\t\t\t\t<div class=\"elementor-element elementor-element-73dcdb5 elementor-widget elementor-widget-image\" data-id=\"73dcdb5\" data-element_type=\"widget\" data-e-type=\"widget\" data-widget_type=\"image.default\">\n\t\t\t\t<div class=\"elementor-widget-container\">\n\t\t\t\t\t\t\t\t\t\t\t\t\t\t\t\t<a href=\"https:\/\/www.tepro.com.tr\/de\/unsere-marken\/nexeo\/invista\/\">\n\t\t\t\t\t\t\t<img decoding=\"async\" width=\"400\" height=\"400\" src=\"https:\/\/www.tepro.com.tr\/wp-content\/uploads\/2025\/06\/invista-1.jpg\" class=\"attachment-large size-large wp-image-993438\" alt=\"\" srcset=\"https:\/\/www.tepro.com.tr\/wp-content\/uploads\/2025\/06\/invista-1.jpg 400w, https:\/\/www.tepro.com.tr\/wp-content\/uploads\/2025\/06\/invista-1-300x300.jpg 300w, https:\/\/www.tepro.com.tr\/wp-content\/uploads\/2025\/06\/invista-1-150x150.jpg 150w\" sizes=\"(max-width: 400px) 100vw, 400px\" \/>\t\t\t\t\t\t\t\t<\/a>\n\t\t\t\t\t\t\t\t\t\t\t\t\t\t\t<\/div>\n\t\t\t\t<\/div>\n\t\t\t\t<div class=\"elementor-element elementor-element-972c663 elementor-widget elementor-widget-image\" data-id=\"972c663\" data-element_type=\"widget\" data-e-type=\"widget\" data-widget_type=\"image.default\">\n\t\t\t\t<div class=\"elementor-widget-container\">\n\t\t\t\t\t\t\t\t\t\t\t\t\t\t\t\t<a href=\"https:\/\/www.tepro.com.tr\/de\/unsere-marken\/nexeo\/kingfa\/\">\n\t\t\t\t\t\t\t<img loading=\"lazy\" decoding=\"async\" width=\"400\" height=\"400\" src=\"https:\/\/www.tepro.com.tr\/wp-content\/uploads\/2025\/06\/kingfa-1.jpg\" class=\"attachment-large size-large wp-image-993439\" alt=\"\" srcset=\"https:\/\/www.tepro.com.tr\/wp-content\/uploads\/2025\/06\/kingfa-1.jpg 400w, https:\/\/www.tepro.com.tr\/wp-content\/uploads\/2025\/06\/kingfa-1-300x300.jpg 300w, https:\/\/www.tepro.com.tr\/wp-content\/uploads\/2025\/06\/kingfa-1-150x150.jpg 150w\" sizes=\"(max-width: 400px) 100vw, 400px\" \/>\t\t\t\t\t\t\t\t<\/a>\n\t\t\t\t\t\t\t\t\t\t\t\t\t\t\t<\/div>\n\t\t\t\t<\/div>\n\t\t\t\t<div class=\"elementor-element elementor-element-ddd4a9e elementor-widget elementor-widget-image\" data-id=\"ddd4a9e\" data-element_type=\"widget\" data-e-type=\"widget\" data-widget_type=\"image.default\">\n\t\t\t\t<div class=\"elementor-widget-container\">\n\t\t\t\t\t\t\t\t\t\t\t\t\t\t\t\t<a href=\"https:\/\/www.tepro.com.tr\/de\/unsere-marken\/nexeo\/kumho\/\">\n\t\t\t\t\t\t\t<img loading=\"lazy\" decoding=\"async\" width=\"400\" height=\"400\" src=\"https:\/\/www.tepro.com.tr\/wp-content\/uploads\/2025\/06\/kumho-1.jpg\" class=\"attachment-large size-large wp-image-993440\" alt=\"\" srcset=\"https:\/\/www.tepro.com.tr\/wp-content\/uploads\/2025\/06\/kumho-1.jpg 400w, https:\/\/www.tepro.com.tr\/wp-content\/uploads\/2025\/06\/kumho-1-300x300.jpg 300w, https:\/\/www.tepro.com.tr\/wp-content\/uploads\/2025\/06\/kumho-1-150x150.jpg 150w\" sizes=\"(max-width: 400px) 100vw, 400px\" \/>\t\t\t\t\t\t\t\t<\/a>\n\t\t\t\t\t\t\t\t\t\t\t\t\t\t\t<\/div>\n\t\t\t\t<\/div>\n\t\t\t\t<div class=\"elementor-element elementor-element-f214dc5 elementor-widget elementor-widget-image\" data-id=\"f214dc5\" data-element_type=\"widget\" data-e-type=\"widget\" data-widget_type=\"image.default\">\n\t\t\t\t<div class=\"elementor-widget-container\">\n\t\t\t\t\t\t\t\t\t\t\t\t\t\t\t\t<a href=\"https:\/\/www.tepro.com.tr\/de\/unsere-marken\/nexeo\/lyondellbasell\/\">\n\t\t\t\t\t\t\t<img loading=\"lazy\" decoding=\"async\" width=\"400\" height=\"400\" src=\"https:\/\/www.tepro.com.tr\/wp-content\/uploads\/2025\/06\/lyb.jpg\" class=\"attachment-large size-large wp-image-993441\" alt=\"\" srcset=\"https:\/\/www.tepro.com.tr\/wp-content\/uploads\/2025\/06\/lyb.jpg 400w, https:\/\/www.tepro.com.tr\/wp-content\/uploads\/2025\/06\/lyb-300x300.jpg 300w, https:\/\/www.tepro.com.tr\/wp-content\/uploads\/2025\/06\/lyb-150x150.jpg 150w\" sizes=\"(max-width: 400px) 100vw, 400px\" \/>\t\t\t\t\t\t\t\t<\/a>\n\t\t\t\t\t\t\t\t\t\t\t\t\t\t\t<\/div>\n\t\t\t\t<\/div>\n\t\t\t\t<div class=\"elementor-element elementor-element-1caa490 elementor-widget elementor-widget-image\" data-id=\"1caa490\" data-element_type=\"widget\" data-e-type=\"widget\" data-widget_type=\"image.default\">\n\t\t\t\t<div class=\"elementor-widget-container\">\n\t\t\t\t\t\t\t\t\t\t\t\t\t\t\t\t<a href=\"https:\/\/www.tepro.com.tr\/de\/unsere-marken\/nexeo\/mitsubishi\/\">\n\t\t\t\t\t\t\t<img loading=\"lazy\" decoding=\"async\" width=\"400\" height=\"400\" src=\"https:\/\/www.tepro.com.tr\/wp-content\/uploads\/2025\/06\/mitsubishi-1.jpg\" class=\"attachment-large size-large wp-image-993442\" alt=\"\" srcset=\"https:\/\/www.tepro.com.tr\/wp-content\/uploads\/2025\/06\/mitsubishi-1.jpg 400w, https:\/\/www.tepro.com.tr\/wp-content\/uploads\/2025\/06\/mitsubishi-1-300x300.jpg 300w, https:\/\/www.tepro.com.tr\/wp-content\/uploads\/2025\/06\/mitsubishi-1-150x150.jpg 150w\" sizes=\"(max-width: 400px) 100vw, 400px\" \/>\t\t\t\t\t\t\t\t<\/a>\n\t\t\t\t\t\t\t\t\t\t\t\t\t\t\t<\/div>\n\t\t\t\t<\/div>\n\t\t\t\t<div class=\"elementor-element elementor-element-0c4aea7 elementor-widget elementor-widget-image\" data-id=\"0c4aea7\" data-element_type=\"widget\" data-e-type=\"widget\" data-widget_type=\"image.default\">\n\t\t\t\t<div class=\"elementor-widget-container\">\n\t\t\t\t\t\t\t\t\t\t\t\t\t\t\t\t<a href=\"https:\/\/www.tepro.com.tr\/de\/unsere-marken\/nexeo\/nevicolor\/\">\n\t\t\t\t\t\t\t<img loading=\"lazy\" decoding=\"async\" width=\"400\" height=\"400\" src=\"https:\/\/www.tepro.com.tr\/wp-content\/uploads\/2025\/06\/nevicolor-1.jpg\" class=\"attachment-large size-large wp-image-993443\" alt=\"\" srcset=\"https:\/\/www.tepro.com.tr\/wp-content\/uploads\/2025\/06\/nevicolor-1.jpg 400w, https:\/\/www.tepro.com.tr\/wp-content\/uploads\/2025\/06\/nevicolor-1-300x300.jpg 300w, https:\/\/www.tepro.com.tr\/wp-content\/uploads\/2025\/06\/nevicolor-1-150x150.jpg 150w\" sizes=\"(max-width: 400px) 100vw, 400px\" \/>\t\t\t\t\t\t\t\t<\/a>\n\t\t\t\t\t\t\t\t\t\t\t\t\t\t\t<\/div>\n\t\t\t\t<\/div>\n\t\t\t\t<div class=\"elementor-element elementor-element-57f01fa elementor-widget elementor-widget-image\" data-id=\"57f01fa\" data-element_type=\"widget\" data-e-type=\"widget\" data-widget_type=\"image.default\">\n\t\t\t\t<div class=\"elementor-widget-container\">\n\t\t\t\t\t\t\t\t\t\t\t\t\t\t\t\t<a href=\"https:\/\/www.tepro.com.tr\/de\/unsere-marken\/nexeo\/syensqo\/\">\n\t\t\t\t\t\t\t<img loading=\"lazy\" decoding=\"async\" width=\"400\" height=\"400\" src=\"https:\/\/www.tepro.com.tr\/wp-content\/uploads\/2025\/06\/syensco.jpg\" class=\"attachment-large size-large wp-image-993444\" alt=\"\" srcset=\"https:\/\/www.tepro.com.tr\/wp-content\/uploads\/2025\/06\/syensco.jpg 400w, https:\/\/www.tepro.com.tr\/wp-content\/uploads\/2025\/06\/syensco-300x300.jpg 300w, https:\/\/www.tepro.com.tr\/wp-content\/uploads\/2025\/06\/syensco-150x150.jpg 150w\" sizes=\"(max-width: 400px) 100vw, 400px\" \/>\t\t\t\t\t\t\t\t<\/a>\n\t\t\t\t\t\t\t\t\t\t\t\t\t\t\t<\/div>\n\t\t\t\t<\/div>\n\t\t\t\t<div class=\"elementor-element elementor-element-0703886 elementor-widget elementor-widget-image\" data-id=\"0703886\" data-element_type=\"widget\" data-e-type=\"widget\" data-widget_type=\"image.default\">\n\t\t\t\t<div class=\"elementor-widget-container\">\n\t\t\t\t\t\t\t\t\t\t\t\t\t\t\t\t<a href=\"https:\/\/www.tepro.com.tr\/de\/unsere-marken\/nexeo\/teknor-apex\/\">\n\t\t\t\t\t\t\t<img loading=\"lazy\" decoding=\"async\" width=\"400\" height=\"400\" src=\"https:\/\/www.tepro.com.tr\/wp-content\/uploads\/2025\/06\/teknor.jpg\" class=\"attachment-large size-large wp-image-993445\" alt=\"\" srcset=\"https:\/\/www.tepro.com.tr\/wp-content\/uploads\/2025\/06\/teknor.jpg 400w, https:\/\/www.tepro.com.tr\/wp-content\/uploads\/2025\/06\/teknor-300x300.jpg 300w, https:\/\/www.tepro.com.tr\/wp-content\/uploads\/2025\/06\/teknor-150x150.jpg 150w\" sizes=\"(max-width: 400px) 100vw, 400px\" \/>\t\t\t\t\t\t\t\t<\/a>\n\t\t\t\t\t\t\t\t\t\t\t\t\t\t\t<\/div>\n\t\t\t\t<\/div>\n\t\t\t\t\t<\/div>\n\t\t\t\t<\/div>\n\t\t\t\t<\/div>\n\t\t","protected":false},"excerpt":{"rendered":"<p>Kumho Petrochemical wird weltweit als einer der f\u00fchrenden Hersteller von ABS (Acrylnitril-Butadien-Styrol) anerkannt. Unterst\u00fctzt durch fortschrittliche Polymertechnologien, werden Kumho ABS-Produkte in einem breiten Anwendungsspektrum eingesetzt, um sowohl technische Leistung als auch \u00e4sthetische Anforderungen zu erf\u00fcllen. Kumho ABS-Verbindungen bieten hohe Schlagfestigkeit, exzellente Verarbeitbarkeit, Oberfl\u00e4chenqualit\u00e4t und Hitzebest\u00e4ndigkeit und werden in zahlreichen Branchen bevorzugt \u2013 von der Automobilindustrie&#8230;<\/p>\n","protected":false},"author":1,"featured_media":998605,"parent":998603,"menu_order":0,"comment_status":"closed","ping_status":"closed","template":"","meta":{"footnotes":""},"class_list":["post-998612","page","type-page","status-publish","has-post-thumbnail","hentry"],"aioseo_notices":[],"_links":{"self":[{"href":"https:\/\/www.tepro.com.tr\/de\/wp-json\/wp\/v2\/pages\/998612","targetHints":{"allow":["GET"]}}],"collection":[{"href":"https:\/\/www.tepro.com.tr\/de\/wp-json\/wp\/v2\/pages"}],"about":[{"href":"https:\/\/www.tepro.com.tr\/de\/wp-json\/wp\/v2\/types\/page"}],"author":[{"embeddable":true,"href":"https:\/\/www.tepro.com.tr\/de\/wp-json\/wp\/v2\/users\/1"}],"replies":[{"embeddable":true,"href":"https:\/\/www.tepro.com.tr\/de\/wp-json\/wp\/v2\/comments?post=998612"}],"version-history":[{"count":0,"href":"https:\/\/www.tepro.com.tr\/de\/wp-json\/wp\/v2\/pages\/998612\/revisions"}],"up":[{"embeddable":true,"href":"https:\/\/www.tepro.com.tr\/de\/wp-json\/wp\/v2\/pages\/998603"}],"wp:featuredmedia":[{"embeddable":true,"href":"https:\/\/www.tepro.com.tr\/de\/wp-json\/wp\/v2\/media\/998605"}],"wp:attachment":[{"href":"https:\/\/www.tepro.com.tr\/de\/wp-json\/wp\/v2\/media?parent=998612"}],"curies":[{"name":"wp","href":"https:\/\/api.w.org\/{rel}","templated":true}]}}