{"id":998610,"date":"2025-06-08T19:31:04","date_gmt":"2025-06-08T16:31:04","guid":{"rendered":"https:\/\/www.tepro.com.tr\/markalarimiz\/nexeo\/kingfa\/"},"modified":"2025-07-29T20:20:16","modified_gmt":"2025-07-29T17:20:16","slug":"kingfa","status":"publish","type":"page","link":"https:\/\/www.tepro.com.tr\/de\/unsere-marken\/nexeo\/kingfa\/","title":{"rendered":"Kingfa"},"content":{"rendered":"\t\t<div data-elementor-type=\"wp-page\" data-elementor-id=\"998610\" class=\"elementor elementor-998610\" data-elementor-post-type=\"page\">\n\t\t\t\t\t\t<section class=\"elementor-section elementor-top-section elementor-element elementor-element-11125229 elementor-section-boxed elementor-section-height-default elementor-section-height-default\" data-id=\"11125229\" data-element_type=\"section\" data-e-type=\"section\">\n\t\t\t\t\t\t<div class=\"elementor-container elementor-column-gap-no\">\n\t\t\t\t\t<div class=\"elementor-column elementor-col-50 elementor-top-column elementor-element elementor-element-26936164\" data-id=\"26936164\" data-element_type=\"column\" data-e-type=\"column\" data-settings=\"{&quot;background_background&quot;:&quot;classic&quot;,&quot;background_motion_fx_motion_fx_scrolling&quot;:&quot;yes&quot;,&quot;background_motion_fx_scale_effect&quot;:&quot;yes&quot;,&quot;background_motion_fx_scale_speed&quot;:{&quot;unit&quot;:&quot;px&quot;,&quot;size&quot;:2,&quot;sizes&quot;:[]},&quot;background_motion_fx_devices&quot;:[&quot;desktop&quot;],&quot;background_motion_fx_scale_direction&quot;:&quot;out-in&quot;,&quot;background_motion_fx_scale_range&quot;:{&quot;unit&quot;:&quot;%&quot;,&quot;size&quot;:&quot;&quot;,&quot;sizes&quot;:{&quot;start&quot;:20,&quot;end&quot;:80}}}\">\n\t\t\t<div class=\"elementor-widget-wrap elementor-element-populated\">\n\t\t\t\t\t\t<div class=\"elementor-element elementor-element-5b30a284 elementor-widget elementor-widget-spacer\" data-id=\"5b30a284\" data-element_type=\"widget\" data-e-type=\"widget\" data-widget_type=\"spacer.default\">\n\t\t\t\t<div class=\"elementor-widget-container\">\n\t\t\t\t\t\t\t<div class=\"elementor-spacer\">\n\t\t\t<div class=\"elementor-spacer-inner\"><\/div>\n\t\t<\/div>\n\t\t\t\t\t\t<\/div>\n\t\t\t\t<\/div>\n\t\t\t\t\t<\/div>\n\t\t<\/div>\n\t\t\t\t<div class=\"elementor-column elementor-col-50 elementor-top-column elementor-element elementor-element-3c6711a\" data-id=\"3c6711a\" data-element_type=\"column\" data-e-type=\"column\" data-settings=\"{&quot;background_background&quot;:&quot;classic&quot;}\">\n\t\t\t<div class=\"elementor-widget-wrap elementor-element-populated\">\n\t\t\t\t\t\t<section class=\"elementor-section elementor-inner-section elementor-element elementor-element-2fdadb0 elementor-section-full_width elementor-section-height-default elementor-section-height-default\" data-id=\"2fdadb0\" data-element_type=\"section\" data-e-type=\"section\">\n\t\t\t\t\t\t<div class=\"elementor-container elementor-column-gap-no\">\n\t\t\t\t\t<div class=\"elementor-column elementor-col-100 elementor-inner-column elementor-element elementor-element-955ca9f\" data-id=\"955ca9f\" data-element_type=\"column\" data-e-type=\"column\">\n\t\t\t<div class=\"elementor-widget-wrap elementor-element-populated\">\n\t\t\t\t\t\t<div class=\"elementor-element elementor-element-f5288d3 elementor-widget__width-initial elementor-widget elementor-widget-image\" data-id=\"f5288d3\" data-element_type=\"widget\" data-e-type=\"widget\" data-widget_type=\"image.default\">\n\t\t\t\t<div class=\"elementor-widget-container\">\n\t\t\t\t\t\t\t\t\t\t\t\t\t\t\t<img fetchpriority=\"high\" decoding=\"async\" width=\"900\" height=\"900\" src=\"https:\/\/www.tepro.com.tr\/wp-content\/uploads\/2025\/06\/kingfa.jpg\" class=\"attachment-full size-full wp-image-993356\" alt=\"\" srcset=\"https:\/\/www.tepro.com.tr\/wp-content\/uploads\/2025\/06\/kingfa.jpg 900w, https:\/\/www.tepro.com.tr\/wp-content\/uploads\/2025\/06\/kingfa-300x300.jpg 300w, https:\/\/www.tepro.com.tr\/wp-content\/uploads\/2025\/06\/kingfa-150x150.jpg 150w, https:\/\/www.tepro.com.tr\/wp-content\/uploads\/2025\/06\/kingfa-768x768.jpg 768w\" sizes=\"(max-width: 900px) 100vw, 900px\" \/>\t\t\t\t\t\t\t\t\t\t\t\t\t\t\t<\/div>\n\t\t\t\t<\/div>\n\t\t\t\t<div class=\"vamtam-has-theme-widget-styles elementor-element elementor-element-101423c elementor-widget elementor-widget-text-editor\" data-id=\"101423c\" data-element_type=\"widget\" data-e-type=\"widget\" data-widget_type=\"text-editor.default\">\n\t\t\t\t<div class=\"elementor-widget-container\">\n\t\t\t\t\t\t\t\t\t<p class=\"p1\">Kingfa ist ein weltweit f\u00fchrendes Unternehmen in Forschung, Produktion und Vertrieb fortschrittlicher Polymermaterialien. Der Produktions- und Dienstleistungsstandort in Europa befindet sich in Wiesbaden, Deutschland. Diese Anlage wurde zur Versorgung der EMEA-Region errichtet und verf\u00fcgt \u00fcber eine Jahresproduktion von 30.000 Tonnen, eine hochmoderne Produktionsst\u00e4tte, integrierte Lagerfl\u00e4chen sowie vollst\u00e4ndig ausgestattete technische Labore f\u00fcr umfangreiche Tests.<\/p><p class=\"p1\">Die technischen Kunststoffe von Kingfa werden erfolgreich in anspruchsvollen Anwendungen und M\u00e4rkten wie der Automobilindustrie, Haushaltsger\u00e4ten, B\u00fcro- und Informationstechnologieger\u00e4ten sowie der Elektro- und Elektronikindustrie eingesetzt.<\/p><p class=\"p1\">Der Hauptsitz von Kingfa befindet sich in China, wo das Unternehmen mit mehreren modernen Produktionsst\u00e4tten t\u00e4tig ist. Diese Werke bieten mit einer j\u00e4hrlichen Kapazit\u00e4t von Hunderttausenden von Tonnen eine zuverl\u00e4ssige Versorgung der globalen Lieferkette. Durch die Forschungs- und Entwicklungszentren sowie Produktionsstandorte in China ist Kingfa in der Lage, Produktentwicklung, Anpassung und hochvolumige Fertigung effizient zu erf\u00fcllen und seinen Kunden weltweit innovative L\u00f6sungen anzubieten.<\/p><p class=\"p1\">Kingfa nimmt eine f\u00fchrende Position im Bereich der fortschrittlichen technischen Thermoplaste ein und bietet mit seinen auf PA6, ABS, PBT und Compound-PP basierenden Materialien intelligente L\u00f6sungen f\u00fcr die Anforderungen zahlreicher Industrien.<\/p><p class=\"p1\">PA6 (Polyamid 6)<\/p><p class=\"p1\">Die auf PA6 basierenden Verbindungen von Kingfa zeichnen sich durch hohe mechanische Festigkeit, W\u00e4rmebest\u00e4ndigkeit und Abriebfestigkeit aus. Sie bieten ideale L\u00f6sungen f\u00fcr Automobilteile, Industrieausr\u00fcstungen und elektronische Komponenten.<\/p>\t\t\t\t\t\t\t\t<\/div>\n\t\t\t\t<\/div>\n\t\t\t\t<div class=\"vamtam-has-theme-widget-styles elementor-element elementor-element-db551ba elementor-align-justify elementor-mobile-align-justify vamtam-has-bg-hover-anim elementor-widget elementor-widget-button\" data-id=\"db551ba\" data-element_type=\"widget\" data-e-type=\"widget\" data-widget_type=\"button.default\">\n\t\t\t\t<div class=\"elementor-widget-container\">\n\t\t\t\t\t\t\t\t\t<div class=\"elementor-button-wrapper\">\n\t\t\t\t\t<a class=\"elementor-button elementor-button-link elementor-size-sm\" href=\"https:\/\/www.tepro.com.tr\/de\/birlikte-calisalim\/nexeo-teknik-bilgi-istiyorum\/\">\n\t\t\t\t\t\t<span class=\"elementor-button-content-wrapper\">\n\t\t\t\t\t\t<span class=\"elementor-button-icon\">\n\t\t\t\t<i aria-hidden=\"true\" class=\"vamtamtheme- vamtam-theme-arrow-right\"><\/i>\t\t\t<\/span>\n\t\t\t\t\t\t\t\t\t<span class=\"elementor-button-text\">INFORMATIONEN<\/span>\n\t\t\t\t\t<\/span>\n\t\t\t\t\t<\/a>\n\t\t\t\t<\/div>\n\t\t\t\t\t\t\t\t<\/div>\n\t\t\t\t<\/div>\n\t\t\t\t\t<\/div>\n\t\t<\/div>\n\t\t\t\t\t<\/div>\n\t\t<\/section>\n\t\t\t\t\t<\/div>\n\t\t<\/div>\n\t\t\t\t\t<\/div>\n\t\t<\/section>\n\t\t<div class=\"elementor-element elementor-element-aea3963 e-flex e-con-boxed e-con e-parent\" data-id=\"aea3963\" data-element_type=\"container\" data-e-type=\"container\">\n\t\t\t\t\t<div class=\"e-con-inner\">\n\t\t\t\t<div class=\"elementor-element elementor-element-4af36c7 elementor-widget elementor-widget-spacer\" data-id=\"4af36c7\" data-element_type=\"widget\" data-e-type=\"widget\" data-widget_type=\"spacer.default\">\n\t\t\t\t<div class=\"elementor-widget-container\">\n\t\t\t\t\t\t\t<div class=\"elementor-spacer\">\n\t\t\t<div class=\"elementor-spacer-inner\"><\/div>\n\t\t<\/div>\n\t\t\t\t\t\t<\/div>\n\t\t\t\t<\/div>\n\t\t\t\t\t<\/div>\n\t\t\t\t<\/div>\n\t\t<div class=\"elementor-element elementor-element-a09608c e-flex e-con-boxed e-con e-parent\" data-id=\"a09608c\" data-element_type=\"container\" data-e-type=\"container\">\n\t\t\t\t\t<div class=\"e-con-inner\">\n\t\t\t\t<div class=\"vamtam-has-theme-widget-styles elementor-element elementor-element-1198de7 elementor-widget elementor-widget-text-editor\" data-id=\"1198de7\" data-element_type=\"widget\" data-e-type=\"widget\" data-widget_type=\"text-editor.default\">\n\t\t\t\t<div class=\"elementor-widget-container\">\n\t\t\t\t\t\t\t\t\t<div style=\"overflow-x: auto; font-family: Inter, sans-serif;\">\n<table style=\"width: 100%; border-collapse: collapse; min-width: 800px; font-size: 14px; color: #333;\">\n<thead>\n<tr>\n<th style=\"background-color: #f3f3f3; padding: 12px 16px; text-align: left; border-bottom: 2px solid #ccc;\">Produkt<\/th>\n<th style=\"background-color: #f3f3f3; padding: 12px 16px; text-align: left; border-bottom: 2px solid #ccc;\">Beschreibung und Hauptmerkmale<\/th>\n<\/tr>\n<\/thead>\n<tbody>\n<tr>\n<td style=\"padding: 12px 16px; border-bottom: 1px solid #ddd;\"><strong>Allgemeine Eigenschaften<\/strong><\/td>\n<td style=\"padding: 12px 16px; border-bottom: 1px solid #ddd;\">Kingfa Engineering-Kunststoffe zeichnen sich durch folgende Grundvorteile aus:\n<ul>\n \t<li>Hohe H\u00e4rte und Festigkeit<\/li>\n \t<li>Widerstandsf\u00e4higkeit gegen Hitze und Chemikalien<\/li>\n \t<li>Verschlei\u00dffestigkeit und Ma\u00dfhaltigkeit<\/li>\n<\/ul>\n<\/td>\n<\/tr>\n<tr>\n<td style=\"padding: 12px 16px; border-bottom: 1px solid #ddd;\"><strong>ABS<\/strong><\/td>\n<td style=\"padding: 12px 16px; border-bottom: 1px solid #ddd;\">ABS besticht durch eine hervorragende Kombination aus Schlagfestigkeit, Oberfl\u00e4chenqualit\u00e4t und Verarbeitbarkeit.\n<ul>\n \t<li>Hohe Schlagz\u00e4higkeit<\/li>\n \t<li>\u00c4sthetische Oberfl\u00e4chenqualit\u00e4t<\/li>\n \t<li>Exzellente Verarbeitbarkeit und Ma\u00dfhaltigkeit<\/li>\n \t<li><strong>Anwendung:<\/strong> Haushaltsger\u00e4te, Unterhaltungselektronik, Innenausstattung<\/li>\n<\/ul>\n<\/td>\n<\/tr>\n<tr>\n<td style=\"padding: 12px 16px; border-bottom: 1px solid #ddd;\"><strong>PBT<\/strong><\/td>\n<td style=\"padding: 12px 16px; border-bottom: 1px solid #ddd;\">Das teilkristalline PBT wird h\u00e4ufig f\u00fcr pr\u00e4zise Teile und elektrische Komponenten eingesetzt.\n<ul>\n \t<li>W\u00e4rme- und Chemikalienbest\u00e4ndigkeit<\/li>\n \t<li>Hohe Flie\u00dff\u00e4higkeit<\/li>\n \t<li>Elektrische Isolierung und UV-Best\u00e4ndigkeit<\/li>\n \t<li><strong>Anwendung:<\/strong> Elektro- und Elektronikindustrie, Automobil, industrielle Anwendungen<\/li>\n<\/ul>\n<\/td>\n<\/tr>\n<tr>\n<td style=\"padding: 12px 16px;\"><strong>PP Compound<\/strong><\/td>\n<td style=\"padding: 12px 16px;\">Kingfas speziell formulierte PP-Compounds bieten vielseitige Einsatzm\u00f6glichkeiten.\n<ul>\n \t<li>Gewichtsreduzierung durch niedrige Dichte<\/li>\n \t<li>Verbesserte Schlagfestigkeit<\/li>\n \t<li>Breites Anwendungsspektrum und Recyclingf\u00e4higkeit<\/li>\n \t<li><strong>Anwendung:<\/strong> Automobilindustrie, Haushaltsger\u00e4te, Konsumg\u00fcter<\/li>\n<\/ul>\n<\/td>\n<\/tr>\n<\/tbody>\n<\/table>\n<\/div>\n\t\t\t\t\t\t\t\t<\/div>\n\t\t\t\t<\/div>\n\t\t\t\t\t<\/div>\n\t\t\t\t<\/div>\n\t\t<div class=\"elementor-element elementor-element-f070a66 e-grid e-con-boxed e-con e-parent\" data-id=\"f070a66\" data-element_type=\"container\" data-e-type=\"container\">\n\t\t\t\t\t<div class=\"e-con-inner\">\n\t\t\t\t<div class=\"elementor-element elementor-element-2e0a8a1 elementor-widget elementor-widget-image\" data-id=\"2e0a8a1\" data-element_type=\"widget\" data-e-type=\"widget\" data-widget_type=\"image.default\">\n\t\t\t\t<div class=\"elementor-widget-container\">\n\t\t\t\t\t\t\t\t\t\t\t\t\t\t\t\t<a href=\"https:\/\/www.tepro.com.tr\/de\/unsere-marken\/nexeo\/\">\n\t\t\t\t\t\t\t<img decoding=\"async\" width=\"400\" height=\"400\" src=\"https:\/\/www.tepro.com.tr\/wp-content\/uploads\/2025\/06\/nexeo-1.jpg\" class=\"attachment-large size-large wp-image-993437\" alt=\"\" srcset=\"https:\/\/www.tepro.com.tr\/wp-content\/uploads\/2025\/06\/nexeo-1.jpg 400w, https:\/\/www.tepro.com.tr\/wp-content\/uploads\/2025\/06\/nexeo-1-300x300.jpg 300w, https:\/\/www.tepro.com.tr\/wp-content\/uploads\/2025\/06\/nexeo-1-150x150.jpg 150w\" sizes=\"(max-width: 400px) 100vw, 400px\" \/>\t\t\t\t\t\t\t\t<\/a>\n\t\t\t\t\t\t\t\t\t\t\t\t\t\t\t<\/div>\n\t\t\t\t<\/div>\n\t\t\t\t<div class=\"elementor-element elementor-element-9d246b1 elementor-widget elementor-widget-image\" data-id=\"9d246b1\" data-element_type=\"widget\" data-e-type=\"widget\" data-widget_type=\"image.default\">\n\t\t\t\t<div class=\"elementor-widget-container\">\n\t\t\t\t\t\t\t\t\t\t\t\t\t\t\t\t<a href=\"https:\/\/www.tepro.com.tr\/de\/unsere-marken\/nexeo\/invista\/\">\n\t\t\t\t\t\t\t<img decoding=\"async\" width=\"400\" height=\"400\" src=\"https:\/\/www.tepro.com.tr\/wp-content\/uploads\/2025\/06\/invista-1.jpg\" class=\"attachment-large size-large wp-image-993438\" alt=\"\" srcset=\"https:\/\/www.tepro.com.tr\/wp-content\/uploads\/2025\/06\/invista-1.jpg 400w, https:\/\/www.tepro.com.tr\/wp-content\/uploads\/2025\/06\/invista-1-300x300.jpg 300w, https:\/\/www.tepro.com.tr\/wp-content\/uploads\/2025\/06\/invista-1-150x150.jpg 150w\" sizes=\"(max-width: 400px) 100vw, 400px\" \/>\t\t\t\t\t\t\t\t<\/a>\n\t\t\t\t\t\t\t\t\t\t\t\t\t\t\t<\/div>\n\t\t\t\t<\/div>\n\t\t\t\t<div class=\"elementor-element elementor-element-a0ca8b8 elementor-widget elementor-widget-image\" data-id=\"a0ca8b8\" data-element_type=\"widget\" data-e-type=\"widget\" data-widget_type=\"image.default\">\n\t\t\t\t<div class=\"elementor-widget-container\">\n\t\t\t\t\t\t\t\t\t\t\t\t\t\t\t\t<a href=\"https:\/\/www.tepro.com.tr\/de\/unsere-marken\/nexeo\/kingfa\/\">\n\t\t\t\t\t\t\t<img loading=\"lazy\" decoding=\"async\" width=\"400\" height=\"400\" src=\"https:\/\/www.tepro.com.tr\/wp-content\/uploads\/2025\/06\/kingfa-1.jpg\" class=\"attachment-large size-large wp-image-993439\" alt=\"\" srcset=\"https:\/\/www.tepro.com.tr\/wp-content\/uploads\/2025\/06\/kingfa-1.jpg 400w, https:\/\/www.tepro.com.tr\/wp-content\/uploads\/2025\/06\/kingfa-1-300x300.jpg 300w, https:\/\/www.tepro.com.tr\/wp-content\/uploads\/2025\/06\/kingfa-1-150x150.jpg 150w\" sizes=\"(max-width: 400px) 100vw, 400px\" \/>\t\t\t\t\t\t\t\t<\/a>\n\t\t\t\t\t\t\t\t\t\t\t\t\t\t\t<\/div>\n\t\t\t\t<\/div>\n\t\t\t\t<div class=\"elementor-element elementor-element-094790b elementor-widget elementor-widget-image\" data-id=\"094790b\" data-element_type=\"widget\" data-e-type=\"widget\" data-widget_type=\"image.default\">\n\t\t\t\t<div class=\"elementor-widget-container\">\n\t\t\t\t\t\t\t\t\t\t\t\t\t\t\t\t<a href=\"https:\/\/www.tepro.com.tr\/de\/unsere-marken\/nexeo\/kumho\/\">\n\t\t\t\t\t\t\t<img loading=\"lazy\" decoding=\"async\" width=\"400\" height=\"400\" src=\"https:\/\/www.tepro.com.tr\/wp-content\/uploads\/2025\/06\/kumho-1.jpg\" class=\"attachment-large size-large wp-image-993440\" alt=\"\" srcset=\"https:\/\/www.tepro.com.tr\/wp-content\/uploads\/2025\/06\/kumho-1.jpg 400w, https:\/\/www.tepro.com.tr\/wp-content\/uploads\/2025\/06\/kumho-1-300x300.jpg 300w, https:\/\/www.tepro.com.tr\/wp-content\/uploads\/2025\/06\/kumho-1-150x150.jpg 150w\" sizes=\"(max-width: 400px) 100vw, 400px\" \/>\t\t\t\t\t\t\t\t<\/a>\n\t\t\t\t\t\t\t\t\t\t\t\t\t\t\t<\/div>\n\t\t\t\t<\/div>\n\t\t\t\t<div class=\"elementor-element elementor-element-1b454ad elementor-widget elementor-widget-image\" data-id=\"1b454ad\" data-element_type=\"widget\" data-e-type=\"widget\" data-widget_type=\"image.default\">\n\t\t\t\t<div class=\"elementor-widget-container\">\n\t\t\t\t\t\t\t\t\t\t\t\t\t\t\t\t<a href=\"https:\/\/www.tepro.com.tr\/de\/unsere-marken\/nexeo\/lyondellbasell\/\">\n\t\t\t\t\t\t\t<img loading=\"lazy\" decoding=\"async\" width=\"400\" height=\"400\" src=\"https:\/\/www.tepro.com.tr\/wp-content\/uploads\/2025\/06\/lyb.jpg\" class=\"attachment-large size-large wp-image-993441\" alt=\"\" srcset=\"https:\/\/www.tepro.com.tr\/wp-content\/uploads\/2025\/06\/lyb.jpg 400w, https:\/\/www.tepro.com.tr\/wp-content\/uploads\/2025\/06\/lyb-300x300.jpg 300w, https:\/\/www.tepro.com.tr\/wp-content\/uploads\/2025\/06\/lyb-150x150.jpg 150w\" sizes=\"(max-width: 400px) 100vw, 400px\" \/>\t\t\t\t\t\t\t\t<\/a>\n\t\t\t\t\t\t\t\t\t\t\t\t\t\t\t<\/div>\n\t\t\t\t<\/div>\n\t\t\t\t<div class=\"elementor-element elementor-element-33ca935 elementor-widget elementor-widget-image\" data-id=\"33ca935\" data-element_type=\"widget\" data-e-type=\"widget\" data-widget_type=\"image.default\">\n\t\t\t\t<div class=\"elementor-widget-container\">\n\t\t\t\t\t\t\t\t\t\t\t\t\t\t\t\t<a href=\"https:\/\/www.tepro.com.tr\/de\/unsere-marken\/nexeo\/mitsubishi\/\">\n\t\t\t\t\t\t\t<img loading=\"lazy\" decoding=\"async\" width=\"400\" height=\"400\" src=\"https:\/\/www.tepro.com.tr\/wp-content\/uploads\/2025\/06\/mitsubishi-1.jpg\" class=\"attachment-large size-large wp-image-993442\" alt=\"\" srcset=\"https:\/\/www.tepro.com.tr\/wp-content\/uploads\/2025\/06\/mitsubishi-1.jpg 400w, https:\/\/www.tepro.com.tr\/wp-content\/uploads\/2025\/06\/mitsubishi-1-300x300.jpg 300w, https:\/\/www.tepro.com.tr\/wp-content\/uploads\/2025\/06\/mitsubishi-1-150x150.jpg 150w\" sizes=\"(max-width: 400px) 100vw, 400px\" \/>\t\t\t\t\t\t\t\t<\/a>\n\t\t\t\t\t\t\t\t\t\t\t\t\t\t\t<\/div>\n\t\t\t\t<\/div>\n\t\t\t\t<div class=\"elementor-element elementor-element-87302ed elementor-widget elementor-widget-image\" data-id=\"87302ed\" data-element_type=\"widget\" data-e-type=\"widget\" data-widget_type=\"image.default\">\n\t\t\t\t<div class=\"elementor-widget-container\">\n\t\t\t\t\t\t\t\t\t\t\t\t\t\t\t\t<a href=\"https:\/\/www.tepro.com.tr\/de\/unsere-marken\/nexeo\/nevicolor\/\">\n\t\t\t\t\t\t\t<img loading=\"lazy\" decoding=\"async\" width=\"400\" height=\"400\" src=\"https:\/\/www.tepro.com.tr\/wp-content\/uploads\/2025\/06\/nevicolor-1.jpg\" class=\"attachment-large size-large wp-image-993443\" alt=\"\" srcset=\"https:\/\/www.tepro.com.tr\/wp-content\/uploads\/2025\/06\/nevicolor-1.jpg 400w, https:\/\/www.tepro.com.tr\/wp-content\/uploads\/2025\/06\/nevicolor-1-300x300.jpg 300w, https:\/\/www.tepro.com.tr\/wp-content\/uploads\/2025\/06\/nevicolor-1-150x150.jpg 150w\" sizes=\"(max-width: 400px) 100vw, 400px\" \/>\t\t\t\t\t\t\t\t<\/a>\n\t\t\t\t\t\t\t\t\t\t\t\t\t\t\t<\/div>\n\t\t\t\t<\/div>\n\t\t\t\t<div class=\"elementor-element elementor-element-9d40b66 elementor-widget elementor-widget-image\" data-id=\"9d40b66\" data-element_type=\"widget\" data-e-type=\"widget\" data-widget_type=\"image.default\">\n\t\t\t\t<div class=\"elementor-widget-container\">\n\t\t\t\t\t\t\t\t\t\t\t\t\t\t\t\t<a href=\"https:\/\/www.tepro.com.tr\/de\/unsere-marken\/nexeo\/syensqo\/\">\n\t\t\t\t\t\t\t<img loading=\"lazy\" decoding=\"async\" width=\"400\" height=\"400\" src=\"https:\/\/www.tepro.com.tr\/wp-content\/uploads\/2025\/06\/syensco.jpg\" class=\"attachment-large size-large wp-image-993444\" alt=\"\" srcset=\"https:\/\/www.tepro.com.tr\/wp-content\/uploads\/2025\/06\/syensco.jpg 400w, https:\/\/www.tepro.com.tr\/wp-content\/uploads\/2025\/06\/syensco-300x300.jpg 300w, https:\/\/www.tepro.com.tr\/wp-content\/uploads\/2025\/06\/syensco-150x150.jpg 150w\" sizes=\"(max-width: 400px) 100vw, 400px\" \/>\t\t\t\t\t\t\t\t<\/a>\n\t\t\t\t\t\t\t\t\t\t\t\t\t\t\t<\/div>\n\t\t\t\t<\/div>\n\t\t\t\t<div class=\"elementor-element elementor-element-289a57d elementor-widget elementor-widget-image\" data-id=\"289a57d\" data-element_type=\"widget\" data-e-type=\"widget\" data-widget_type=\"image.default\">\n\t\t\t\t<div class=\"elementor-widget-container\">\n\t\t\t\t\t\t\t\t\t\t\t\t\t\t\t\t<a href=\"https:\/\/www.tepro.com.tr\/de\/unsere-marken\/nexeo\/teknor-apex\/\">\n\t\t\t\t\t\t\t<img loading=\"lazy\" decoding=\"async\" width=\"400\" height=\"400\" src=\"https:\/\/www.tepro.com.tr\/wp-content\/uploads\/2025\/06\/teknor.jpg\" class=\"attachment-large size-large wp-image-993445\" alt=\"\" srcset=\"https:\/\/www.tepro.com.tr\/wp-content\/uploads\/2025\/06\/teknor.jpg 400w, https:\/\/www.tepro.com.tr\/wp-content\/uploads\/2025\/06\/teknor-300x300.jpg 300w, https:\/\/www.tepro.com.tr\/wp-content\/uploads\/2025\/06\/teknor-150x150.jpg 150w\" sizes=\"(max-width: 400px) 100vw, 400px\" \/>\t\t\t\t\t\t\t\t<\/a>\n\t\t\t\t\t\t\t\t\t\t\t\t\t\t\t<\/div>\n\t\t\t\t<\/div>\n\t\t\t\t\t<\/div>\n\t\t\t\t<\/div>\n\t\t\t\t<\/div>\n\t\t","protected":false},"excerpt":{"rendered":"<p>Kingfa ist ein weltweit f\u00fchrendes Unternehmen in Forschung, Produktion und Vertrieb fortschrittlicher Polymermaterialien. Der Produktions- und Dienstleistungsstandort in Europa befindet sich in Wiesbaden, Deutschland. Diese Anlage wurde zur Versorgung der EMEA-Region errichtet und verf\u00fcgt \u00fcber eine Jahresproduktion von 30.000 Tonnen, eine hochmoderne Produktionsst\u00e4tte, integrierte Lagerfl\u00e4chen sowie vollst\u00e4ndig ausgestattete technische Labore f\u00fcr umfangreiche Tests. Die technischen&#8230;<\/p>\n","protected":false},"author":1,"featured_media":998605,"parent":998603,"menu_order":0,"comment_status":"closed","ping_status":"closed","template":"","meta":{"footnotes":""},"class_list":["post-998610","page","type-page","status-publish","has-post-thumbnail","hentry"],"aioseo_notices":[],"_links":{"self":[{"href":"https:\/\/www.tepro.com.tr\/de\/wp-json\/wp\/v2\/pages\/998610","targetHints":{"allow":["GET"]}}],"collection":[{"href":"https:\/\/www.tepro.com.tr\/de\/wp-json\/wp\/v2\/pages"}],"about":[{"href":"https:\/\/www.tepro.com.tr\/de\/wp-json\/wp\/v2\/types\/page"}],"author":[{"embeddable":true,"href":"https:\/\/www.tepro.com.tr\/de\/wp-json\/wp\/v2\/users\/1"}],"replies":[{"embeddable":true,"href":"https:\/\/www.tepro.com.tr\/de\/wp-json\/wp\/v2\/comments?post=998610"}],"version-history":[{"count":0,"href":"https:\/\/www.tepro.com.tr\/de\/wp-json\/wp\/v2\/pages\/998610\/revisions"}],"up":[{"embeddable":true,"href":"https:\/\/www.tepro.com.tr\/de\/wp-json\/wp\/v2\/pages\/998603"}],"wp:featuredmedia":[{"embeddable":true,"href":"https:\/\/www.tepro.com.tr\/de\/wp-json\/wp\/v2\/media\/998605"}],"wp:attachment":[{"href":"https:\/\/www.tepro.com.tr\/de\/wp-json\/wp\/v2\/media?parent=998610"}],"curies":[{"name":"wp","href":"https:\/\/api.w.org\/{rel}","templated":true}]}}