{"id":998608,"date":"2025-06-08T19:20:29","date_gmt":"2025-06-08T16:20:29","guid":{"rendered":"https:\/\/www.tepro.com.tr\/markalarimiz\/nexeo\/invista\/"},"modified":"2025-07-29T20:19:53","modified_gmt":"2025-07-29T17:19:53","slug":"invista","status":"publish","type":"page","link":"https:\/\/www.tepro.com.tr\/de\/unsere-marken\/nexeo\/invista\/","title":{"rendered":"Invista"},"content":{"rendered":"\t\t<div data-elementor-type=\"wp-page\" data-elementor-id=\"998608\" class=\"elementor elementor-998608\" data-elementor-post-type=\"page\">\n\t\t\t\t\t\t<section class=\"elementor-section elementor-top-section elementor-element elementor-element-11125229 elementor-section-boxed elementor-section-height-default elementor-section-height-default\" data-id=\"11125229\" data-element_type=\"section\" data-e-type=\"section\">\n\t\t\t\t\t\t<div class=\"elementor-container elementor-column-gap-no\">\n\t\t\t\t\t<div class=\"elementor-column elementor-col-50 elementor-top-column elementor-element elementor-element-26936164\" data-id=\"26936164\" data-element_type=\"column\" data-e-type=\"column\" data-settings=\"{&quot;background_background&quot;:&quot;classic&quot;,&quot;background_motion_fx_motion_fx_scrolling&quot;:&quot;yes&quot;,&quot;background_motion_fx_scale_effect&quot;:&quot;yes&quot;,&quot;background_motion_fx_scale_speed&quot;:{&quot;unit&quot;:&quot;px&quot;,&quot;size&quot;:2,&quot;sizes&quot;:[]},&quot;background_motion_fx_devices&quot;:[&quot;desktop&quot;],&quot;background_motion_fx_scale_direction&quot;:&quot;out-in&quot;,&quot;background_motion_fx_scale_range&quot;:{&quot;unit&quot;:&quot;%&quot;,&quot;size&quot;:&quot;&quot;,&quot;sizes&quot;:{&quot;start&quot;:20,&quot;end&quot;:80}}}\">\n\t\t\t<div class=\"elementor-widget-wrap elementor-element-populated\">\n\t\t\t\t\t\t<div class=\"elementor-element elementor-element-5b30a284 elementor-widget elementor-widget-spacer\" data-id=\"5b30a284\" data-element_type=\"widget\" data-e-type=\"widget\" data-widget_type=\"spacer.default\">\n\t\t\t\t<div class=\"elementor-widget-container\">\n\t\t\t\t\t\t\t<div class=\"elementor-spacer\">\n\t\t\t<div class=\"elementor-spacer-inner\"><\/div>\n\t\t<\/div>\n\t\t\t\t\t\t<\/div>\n\t\t\t\t<\/div>\n\t\t\t\t\t<\/div>\n\t\t<\/div>\n\t\t\t\t<div class=\"elementor-column elementor-col-50 elementor-top-column elementor-element elementor-element-3c6711a\" data-id=\"3c6711a\" data-element_type=\"column\" data-e-type=\"column\" data-settings=\"{&quot;background_background&quot;:&quot;classic&quot;}\">\n\t\t\t<div class=\"elementor-widget-wrap elementor-element-populated\">\n\t\t\t\t\t\t<section class=\"elementor-section elementor-inner-section elementor-element elementor-element-2fdadb0 elementor-section-full_width elementor-section-height-default elementor-section-height-default\" data-id=\"2fdadb0\" data-element_type=\"section\" data-e-type=\"section\">\n\t\t\t\t\t\t<div class=\"elementor-container elementor-column-gap-no\">\n\t\t\t\t\t<div class=\"elementor-column elementor-col-100 elementor-inner-column elementor-element elementor-element-955ca9f\" data-id=\"955ca9f\" data-element_type=\"column\" data-e-type=\"column\">\n\t\t\t<div class=\"elementor-widget-wrap elementor-element-populated\">\n\t\t\t\t\t\t<div class=\"elementor-element elementor-element-f5288d3 elementor-widget__width-initial elementor-widget elementor-widget-image\" data-id=\"f5288d3\" data-element_type=\"widget\" data-e-type=\"widget\" data-widget_type=\"image.default\">\n\t\t\t\t<div class=\"elementor-widget-container\">\n\t\t\t\t\t\t\t\t\t\t\t\t\t\t\t<img fetchpriority=\"high\" decoding=\"async\" width=\"900\" height=\"900\" src=\"https:\/\/www.tepro.com.tr\/wp-content\/uploads\/2025\/06\/invista.jpg\" class=\"attachment-full size-full wp-image-993343\" alt=\"\" srcset=\"https:\/\/www.tepro.com.tr\/wp-content\/uploads\/2025\/06\/invista.jpg 900w, https:\/\/www.tepro.com.tr\/wp-content\/uploads\/2025\/06\/invista-300x300.jpg 300w, https:\/\/www.tepro.com.tr\/wp-content\/uploads\/2025\/06\/invista-150x150.jpg 150w, https:\/\/www.tepro.com.tr\/wp-content\/uploads\/2025\/06\/invista-768x768.jpg 768w\" sizes=\"(max-width: 900px) 100vw, 900px\" \/>\t\t\t\t\t\t\t\t\t\t\t\t\t\t\t<\/div>\n\t\t\t\t<\/div>\n\t\t\t\t<div class=\"vamtam-has-theme-widget-styles elementor-element elementor-element-101423c elementor-widget elementor-widget-text-editor\" data-id=\"101423c\" data-element_type=\"widget\" data-e-type=\"widget\" data-widget_type=\"text-editor.default\">\n\t\t\t\t<div class=\"elementor-widget-container\">\n\t\t\t\t\t\t\t\t\t<p style=\"font-weight: 400;\"><strong>Fachkompetenz in medizinischen Polypropylenen: INVISTA MedSelect Serie<\/strong><\/p>\n<p style=\"font-weight: 400;\">In der Medizintechnik spielt die richtige Auswahl von Polypropylen f\u00fcr die Produktqualit\u00e4t eine entscheidende Rolle. INVISTA arbeitet seit \u00fcber 40 Jahren mit medizinischen OEMs zusammen und entwickelt sowie produziert hochleistungsf\u00e4hige und pr\u00e4zise Polymere f\u00fcr Diagnose-, Pharma- und Gesundheitsanwendungen.<\/p>\n<p style=\"font-weight: 400;\">Das Unternehmen verf\u00fcgt \u00fcber eine Produktionskapazit\u00e4t von mehr als 800 Millionen Pfund Polypropylen pro Jahr und kann \u00fcber 100 verschiedene Qualit\u00e4ten an die Bed\u00fcrfnisse seiner Kunden anpassen. Dadurch wird die vollst\u00e4ndige Einhaltung der Standards f\u00fcr medizinische Produkte sichergestellt.<\/p>\n<p style=\"font-weight: 400;\">Das F&#038;E-Team von INVISTA f\u00fchrt umfassende Labortests durch, um die Leistungs- und Regulierungsanforderungen jeder Anwendung zu erf\u00fcllen und garantiert die \u00dcbereinstimmung der Produkte mit allen internationalen Normen. In enger Zusammenarbeit mit den Kunden von der Konzeptphase bis zur Produktion tr\u00e4gt es dazu bei, die Produkte schnell und sicher auf den Markt zu bringen.<\/p>\n<p style=\"font-weight: 400;\">Die Anlagen in Longview, Texas, liegen 200 Meilen landeinw\u00e4rts vom Golf entfernt, was eine unterbrechungsfreie Produktion ohne Beeintr\u00e4chtigung durch widrige Wetterbedingungen erm\u00f6glicht. Das integrierte Rohstoffversorgungssystem sorgt f\u00fcr eine zuverl\u00e4ssige Lieferkette.<\/p>\n\t\t\t\t\t\t\t\t<\/div>\n\t\t\t\t<\/div>\n\t\t\t\t<div class=\"vamtam-has-theme-widget-styles elementor-element elementor-element-db551ba elementor-align-justify elementor-mobile-align-justify vamtam-has-bg-hover-anim elementor-widget elementor-widget-button\" data-id=\"db551ba\" data-element_type=\"widget\" data-e-type=\"widget\" data-widget_type=\"button.default\">\n\t\t\t\t<div class=\"elementor-widget-container\">\n\t\t\t\t\t\t\t\t\t<div class=\"elementor-button-wrapper\">\n\t\t\t\t\t<a class=\"elementor-button elementor-button-link elementor-size-sm\" href=\"https:\/\/www.tepro.com.tr\/de\/birlikte-calisalim\/nexeo-teknik-bilgi-istiyorum\/\">\n\t\t\t\t\t\t<span class=\"elementor-button-content-wrapper\">\n\t\t\t\t\t\t<span class=\"elementor-button-icon\">\n\t\t\t\t<i aria-hidden=\"true\" class=\"vamtamtheme- vamtam-theme-arrow-right\"><\/i>\t\t\t<\/span>\n\t\t\t\t\t\t\t\t\t<span class=\"elementor-button-text\">INFORMATIONEN<\/span>\n\t\t\t\t\t<\/span>\n\t\t\t\t\t<\/a>\n\t\t\t\t<\/div>\n\t\t\t\t\t\t\t\t<\/div>\n\t\t\t\t<\/div>\n\t\t\t\t\t<\/div>\n\t\t<\/div>\n\t\t\t\t\t<\/div>\n\t\t<\/section>\n\t\t\t\t\t<\/div>\n\t\t<\/div>\n\t\t\t\t\t<\/div>\n\t\t<\/section>\n\t\t<div class=\"elementor-element elementor-element-aea3963 e-flex e-con-boxed e-con e-parent\" data-id=\"aea3963\" data-element_type=\"container\" data-e-type=\"container\">\n\t\t\t\t\t<div class=\"e-con-inner\">\n\t\t\t\t<div class=\"elementor-element elementor-element-4af36c7 elementor-widget elementor-widget-spacer\" data-id=\"4af36c7\" data-element_type=\"widget\" data-e-type=\"widget\" data-widget_type=\"spacer.default\">\n\t\t\t\t<div class=\"elementor-widget-container\">\n\t\t\t\t\t\t\t<div class=\"elementor-spacer\">\n\t\t\t<div class=\"elementor-spacer-inner\"><\/div>\n\t\t<\/div>\n\t\t\t\t\t\t<\/div>\n\t\t\t\t<\/div>\n\t\t\t\t\t<\/div>\n\t\t\t\t<\/div>\n\t\t<div class=\"elementor-element elementor-element-a09608c e-flex e-con-boxed e-con e-parent\" data-id=\"a09608c\" data-element_type=\"container\" data-e-type=\"container\">\n\t\t\t\t\t<div class=\"e-con-inner\">\n\t\t\t\t<div class=\"vamtam-has-theme-widget-styles elementor-element elementor-element-1198de7 elementor-widget elementor-widget-text-editor\" data-id=\"1198de7\" data-element_type=\"widget\" data-e-type=\"widget\" data-widget_type=\"text-editor.default\">\n\t\t\t\t<div class=\"elementor-widget-container\">\n\t\t\t\t\t\t\t\t\t<style>\n  .medselect-wrapper {\n    font-family: 'Inter', 'Helvetica Neue', system-ui, sans-serif;\n    margin: 40px 0;\n  }\n  .medselect-wrapper h2 {\n    text-align: center;\n    font-size: 22px;\n    color: #444;\n    margin-bottom: 20px;\n  }\n  .table-scroll {\n    overflow-x: auto;\n    -webkit-overflow-scrolling: touch;\n  }\n  .medselect-table {\n    width: 100%;\n    border-collapse: collapse;\n    min-width: 900px;\n    font-size: 14px;\n  }\n  .medselect-table thead {\n    background-color: #f1f1f1;\n  }\n  .medselect-table th, .medselect-table td {\n    padding: 12px 16px;\n    text-align: left;\n    border: 1px solid #e0e0e0;\n    color: #333;\n  }\n  .medselect-table tbody tr:nth-child(even) {\n    background-color: #fafafa;\n  }\n  .medselect-table tbody tr:hover {\n    background-color: #f5f5f5;\n  }\n  @media (max-width: 768px) {\n    .medselect-table {\n      font-size: 13px;\n    }\n  }\n<\/style>\n<div class=\"medselect-wrapper\">\n  <h2>MedSelect Polypropylen-Produktserie<\/h2>\n  <div class=\"table-scroll\">\n    <table class=\"medselect-table\">\n      <thead>\n        <tr>\n          <th>Produktcode<\/th>\n          <th>Typ<\/th>\n          <th>Schmelzflussrate (g\/10min)<\/th>\n          <th>Sterilisationsmethode<\/th>\n          <th>Anwendungsbereich<\/th>\n        <\/tr>\n      <\/thead>\n      <tbody>\n        <tr>\n          <td>H0500HN<\/td>\n          <td>Homopolymer<\/td>\n          <td>5<\/td>\n          <td>Strahlung, Autoklav<\/td>\n          <td>Deckel, Medizinische Ger\u00e4tekomponenten<\/td>\n        <\/tr>\n        <tr>\n          <td>P4C5N-046<\/td>\n          <td>Homopolymer<\/td>\n          <td>20<\/td>\n          <td>Strahlung, Autoklav<\/td>\n          <td>Gek\u00f6rnt, Medizinische Ger\u00e4te, Deckel, Spritzen<\/td>\n        <\/tr>\n        <tr>\n          <td>23M2A<\/td>\n          <td>Random Copolymer<\/td>\n          <td>2<\/td>\n          <td>Strahlung, Autoklav<\/td>\n          <td>Pharmaverpackung; BFS-Flaschen, autoklavierbar<\/td>\n        <\/tr>\n        <tr>\n          <td>23R2A<\/td>\n          <td>Random Copolymer<\/td>\n          <td>2<\/td>\n          <td>Strahlung, Autoklav, EtO<\/td>\n          <td>Strahlensterilisiert, Flaschen und Flakons<\/td>\n        <\/tr>\n        <tr>\n          <td>139RA<\/td>\n          <td>Random Copolymer<\/td>\n          <td>9<\/td>\n          <td>Strahlung, Autoklav<\/td>\n          <td>Medizinische Ger\u00e4te und Laborbedarf<\/td>\n        <\/tr>\n        <tr>\n          <td>23N10A<\/td>\n          <td>Random Copolymer<\/td>\n          <td>10<\/td>\n          <td>Strahlung, Autoklav<\/td>\n          <td>Pharmaverpackung, SBM, Flaschen, autoklavierbar<\/td>\n        <\/tr>\n        <tr>\n          <td>13T25A<\/td>\n          <td>Random Copolymer<\/td>\n          <td>25<\/td>\n          <td>Strahlung, Autoklav<\/td>\n          <td>Medizinische Ger\u00e4te, autoklavierbar, transparent<\/td>\n        <\/tr>\n        <tr>\n          <td>13R27V<\/td>\n          <td>Random Copolymer<\/td>\n          <td>27<\/td>\n          <td>Strahlung, Autoklav, EtO<\/td>\n          <td>Medizinische Ger\u00e4te und Laborbedarf, hohe Transparenz<\/td>\n        <\/tr>\n        <tr>\n          <td>13G27M<\/td>\n          <td>Random Copolymer<\/td>\n          <td>27<\/td>\n          <td>Strahlung, Autoklav, EtO<\/td>\n          <td>Medizinische Ger\u00e4te und Laborbedarf, niedriger E\/L Wert<\/td>\n        <\/tr>\n        <tr>\n          <td>P5M6K-080<\/td>\n          <td>Random Copolymer<\/td>\n          <td>27<\/td>\n          <td>Strahlung, Autoklav<\/td>\n          <td>Transparente medizinische Ger\u00e4te und Laborbedarf<\/td>\n        <\/tr>\n        <tr>\n          <td>11R12A<\/td>\n          <td>Spezial<\/td>\n          <td>12<\/td>\n          <td>Strahlung, Autoklav, EtO<\/td>\n          <td>Deckel und medizinische Ger\u00e4te<\/td>\n        <\/tr>\n        <tr>\n          <td>12G50M<\/td>\n          <td>Spezial<\/td>\n          <td>55<\/td>\n          <td>Strahlung, Autoklav, EtO<\/td>\n          <td>Pipettenspitzen, Laborbedarf, transparent<\/td>\n        <\/tr>\n        <tr>\n          <td>P9M7R-056<\/td>\n          <td>Spezial<\/td>\n          <td>55<\/td>\n          <td>Strahlung, Autoklav, EtO<\/td>\n          <td>Pipettenspitzen, Laborbedarf, transparent<\/td>\n        <\/tr>\n      <\/tbody>\n    <\/table>\n  <\/div>\n<\/div>\n\t\t\t\t\t\t\t\t<\/div>\n\t\t\t\t<\/div>\n\t\t\t\t\t<\/div>\n\t\t\t\t<\/div>\n\t\t<div class=\"elementor-element elementor-element-15010c2 e-grid e-con-boxed e-con e-parent\" data-id=\"15010c2\" data-element_type=\"container\" data-e-type=\"container\">\n\t\t\t\t\t<div class=\"e-con-inner\">\n\t\t\t\t<div class=\"elementor-element elementor-element-f053bf8 elementor-widget elementor-widget-image\" data-id=\"f053bf8\" data-element_type=\"widget\" data-e-type=\"widget\" data-widget_type=\"image.default\">\n\t\t\t\t<div class=\"elementor-widget-container\">\n\t\t\t\t\t\t\t\t\t\t\t\t\t\t\t\t<a href=\"https:\/\/www.tepro.com.tr\/de\/unsere-marken\/nexeo\/\">\n\t\t\t\t\t\t\t<img decoding=\"async\" width=\"400\" height=\"400\" src=\"https:\/\/www.tepro.com.tr\/wp-content\/uploads\/2025\/06\/nexeo-1.jpg\" class=\"attachment-large size-large wp-image-993437\" alt=\"\" srcset=\"https:\/\/www.tepro.com.tr\/wp-content\/uploads\/2025\/06\/nexeo-1.jpg 400w, https:\/\/www.tepro.com.tr\/wp-content\/uploads\/2025\/06\/nexeo-1-300x300.jpg 300w, https:\/\/www.tepro.com.tr\/wp-content\/uploads\/2025\/06\/nexeo-1-150x150.jpg 150w\" sizes=\"(max-width: 400px) 100vw, 400px\" \/>\t\t\t\t\t\t\t\t<\/a>\n\t\t\t\t\t\t\t\t\t\t\t\t\t\t\t<\/div>\n\t\t\t\t<\/div>\n\t\t\t\t<div class=\"elementor-element elementor-element-4f4582c elementor-widget elementor-widget-image\" data-id=\"4f4582c\" data-element_type=\"widget\" data-e-type=\"widget\" data-widget_type=\"image.default\">\n\t\t\t\t<div class=\"elementor-widget-container\">\n\t\t\t\t\t\t\t\t\t\t\t\t\t\t\t\t<a href=\"https:\/\/www.tepro.com.tr\/de\/unsere-marken\/nexeo\/invista\/\">\n\t\t\t\t\t\t\t<img decoding=\"async\" width=\"400\" height=\"400\" src=\"https:\/\/www.tepro.com.tr\/wp-content\/uploads\/2025\/06\/invista-1.jpg\" class=\"attachment-large size-large wp-image-993438\" alt=\"\" srcset=\"https:\/\/www.tepro.com.tr\/wp-content\/uploads\/2025\/06\/invista-1.jpg 400w, https:\/\/www.tepro.com.tr\/wp-content\/uploads\/2025\/06\/invista-1-300x300.jpg 300w, https:\/\/www.tepro.com.tr\/wp-content\/uploads\/2025\/06\/invista-1-150x150.jpg 150w\" sizes=\"(max-width: 400px) 100vw, 400px\" \/>\t\t\t\t\t\t\t\t<\/a>\n\t\t\t\t\t\t\t\t\t\t\t\t\t\t\t<\/div>\n\t\t\t\t<\/div>\n\t\t\t\t<div class=\"elementor-element elementor-element-9c13f66 elementor-widget elementor-widget-image\" data-id=\"9c13f66\" data-element_type=\"widget\" data-e-type=\"widget\" data-widget_type=\"image.default\">\n\t\t\t\t<div class=\"elementor-widget-container\">\n\t\t\t\t\t\t\t\t\t\t\t\t\t\t\t\t<a href=\"https:\/\/www.tepro.com.tr\/de\/unsere-marken\/nexeo\/kingfa\/\">\n\t\t\t\t\t\t\t<img loading=\"lazy\" decoding=\"async\" width=\"400\" height=\"400\" src=\"https:\/\/www.tepro.com.tr\/wp-content\/uploads\/2025\/06\/kingfa-1.jpg\" class=\"attachment-large size-large wp-image-993439\" alt=\"\" srcset=\"https:\/\/www.tepro.com.tr\/wp-content\/uploads\/2025\/06\/kingfa-1.jpg 400w, https:\/\/www.tepro.com.tr\/wp-content\/uploads\/2025\/06\/kingfa-1-300x300.jpg 300w, https:\/\/www.tepro.com.tr\/wp-content\/uploads\/2025\/06\/kingfa-1-150x150.jpg 150w\" sizes=\"(max-width: 400px) 100vw, 400px\" \/>\t\t\t\t\t\t\t\t<\/a>\n\t\t\t\t\t\t\t\t\t\t\t\t\t\t\t<\/div>\n\t\t\t\t<\/div>\n\t\t\t\t<div class=\"elementor-element elementor-element-6962a89 elementor-widget elementor-widget-image\" data-id=\"6962a89\" data-element_type=\"widget\" data-e-type=\"widget\" data-widget_type=\"image.default\">\n\t\t\t\t<div class=\"elementor-widget-container\">\n\t\t\t\t\t\t\t\t\t\t\t\t\t\t\t\t<a href=\"https:\/\/www.tepro.com.tr\/de\/unsere-marken\/nexeo\/kumho\/\">\n\t\t\t\t\t\t\t<img loading=\"lazy\" decoding=\"async\" width=\"400\" height=\"400\" src=\"https:\/\/www.tepro.com.tr\/wp-content\/uploads\/2025\/06\/kumho-1.jpg\" class=\"attachment-large size-large wp-image-993440\" alt=\"\" srcset=\"https:\/\/www.tepro.com.tr\/wp-content\/uploads\/2025\/06\/kumho-1.jpg 400w, https:\/\/www.tepro.com.tr\/wp-content\/uploads\/2025\/06\/kumho-1-300x300.jpg 300w, https:\/\/www.tepro.com.tr\/wp-content\/uploads\/2025\/06\/kumho-1-150x150.jpg 150w\" sizes=\"(max-width: 400px) 100vw, 400px\" \/>\t\t\t\t\t\t\t\t<\/a>\n\t\t\t\t\t\t\t\t\t\t\t\t\t\t\t<\/div>\n\t\t\t\t<\/div>\n\t\t\t\t<div class=\"elementor-element elementor-element-1c6277b elementor-widget elementor-widget-image\" data-id=\"1c6277b\" data-element_type=\"widget\" data-e-type=\"widget\" data-widget_type=\"image.default\">\n\t\t\t\t<div class=\"elementor-widget-container\">\n\t\t\t\t\t\t\t\t\t\t\t\t\t\t\t\t<a href=\"https:\/\/www.tepro.com.tr\/de\/unsere-marken\/nexeo\/lyondellbasell\/\">\n\t\t\t\t\t\t\t<img loading=\"lazy\" decoding=\"async\" width=\"400\" height=\"400\" src=\"https:\/\/www.tepro.com.tr\/wp-content\/uploads\/2025\/06\/lyb.jpg\" class=\"attachment-large size-large wp-image-993441\" alt=\"\" srcset=\"https:\/\/www.tepro.com.tr\/wp-content\/uploads\/2025\/06\/lyb.jpg 400w, https:\/\/www.tepro.com.tr\/wp-content\/uploads\/2025\/06\/lyb-300x300.jpg 300w, https:\/\/www.tepro.com.tr\/wp-content\/uploads\/2025\/06\/lyb-150x150.jpg 150w\" sizes=\"(max-width: 400px) 100vw, 400px\" \/>\t\t\t\t\t\t\t\t<\/a>\n\t\t\t\t\t\t\t\t\t\t\t\t\t\t\t<\/div>\n\t\t\t\t<\/div>\n\t\t\t\t<div class=\"elementor-element elementor-element-77551fe elementor-widget elementor-widget-image\" data-id=\"77551fe\" data-element_type=\"widget\" data-e-type=\"widget\" data-widget_type=\"image.default\">\n\t\t\t\t<div class=\"elementor-widget-container\">\n\t\t\t\t\t\t\t\t\t\t\t\t\t\t\t\t<a href=\"https:\/\/www.tepro.com.tr\/de\/unsere-marken\/nexeo\/mitsubishi\/\">\n\t\t\t\t\t\t\t<img loading=\"lazy\" decoding=\"async\" width=\"400\" height=\"400\" src=\"https:\/\/www.tepro.com.tr\/wp-content\/uploads\/2025\/06\/mitsubishi-1.jpg\" class=\"attachment-large size-large wp-image-993442\" alt=\"\" srcset=\"https:\/\/www.tepro.com.tr\/wp-content\/uploads\/2025\/06\/mitsubishi-1.jpg 400w, https:\/\/www.tepro.com.tr\/wp-content\/uploads\/2025\/06\/mitsubishi-1-300x300.jpg 300w, https:\/\/www.tepro.com.tr\/wp-content\/uploads\/2025\/06\/mitsubishi-1-150x150.jpg 150w\" sizes=\"(max-width: 400px) 100vw, 400px\" \/>\t\t\t\t\t\t\t\t<\/a>\n\t\t\t\t\t\t\t\t\t\t\t\t\t\t\t<\/div>\n\t\t\t\t<\/div>\n\t\t\t\t<div class=\"elementor-element elementor-element-00ae761 elementor-widget elementor-widget-image\" data-id=\"00ae761\" data-element_type=\"widget\" data-e-type=\"widget\" data-widget_type=\"image.default\">\n\t\t\t\t<div class=\"elementor-widget-container\">\n\t\t\t\t\t\t\t\t\t\t\t\t\t\t\t\t<a href=\"https:\/\/www.tepro.com.tr\/de\/unsere-marken\/nexeo\/nevicolor\/\">\n\t\t\t\t\t\t\t<img loading=\"lazy\" decoding=\"async\" width=\"400\" height=\"400\" src=\"https:\/\/www.tepro.com.tr\/wp-content\/uploads\/2025\/06\/nevicolor-1.jpg\" class=\"attachment-large size-large wp-image-993443\" alt=\"\" srcset=\"https:\/\/www.tepro.com.tr\/wp-content\/uploads\/2025\/06\/nevicolor-1.jpg 400w, https:\/\/www.tepro.com.tr\/wp-content\/uploads\/2025\/06\/nevicolor-1-300x300.jpg 300w, https:\/\/www.tepro.com.tr\/wp-content\/uploads\/2025\/06\/nevicolor-1-150x150.jpg 150w\" sizes=\"(max-width: 400px) 100vw, 400px\" \/>\t\t\t\t\t\t\t\t<\/a>\n\t\t\t\t\t\t\t\t\t\t\t\t\t\t\t<\/div>\n\t\t\t\t<\/div>\n\t\t\t\t<div class=\"elementor-element elementor-element-7f36004 elementor-widget elementor-widget-image\" data-id=\"7f36004\" data-element_type=\"widget\" data-e-type=\"widget\" data-widget_type=\"image.default\">\n\t\t\t\t<div class=\"elementor-widget-container\">\n\t\t\t\t\t\t\t\t\t\t\t\t\t\t\t\t<a href=\"https:\/\/www.tepro.com.tr\/de\/unsere-marken\/nexeo\/syensqo\/\">\n\t\t\t\t\t\t\t<img loading=\"lazy\" decoding=\"async\" width=\"400\" height=\"400\" src=\"https:\/\/www.tepro.com.tr\/wp-content\/uploads\/2025\/06\/syensco.jpg\" class=\"attachment-large size-large wp-image-993444\" alt=\"\" srcset=\"https:\/\/www.tepro.com.tr\/wp-content\/uploads\/2025\/06\/syensco.jpg 400w, https:\/\/www.tepro.com.tr\/wp-content\/uploads\/2025\/06\/syensco-300x300.jpg 300w, https:\/\/www.tepro.com.tr\/wp-content\/uploads\/2025\/06\/syensco-150x150.jpg 150w\" sizes=\"(max-width: 400px) 100vw, 400px\" \/>\t\t\t\t\t\t\t\t<\/a>\n\t\t\t\t\t\t\t\t\t\t\t\t\t\t\t<\/div>\n\t\t\t\t<\/div>\n\t\t\t\t<div class=\"elementor-element elementor-element-aadf39a elementor-widget elementor-widget-image\" data-id=\"aadf39a\" data-element_type=\"widget\" data-e-type=\"widget\" data-widget_type=\"image.default\">\n\t\t\t\t<div class=\"elementor-widget-container\">\n\t\t\t\t\t\t\t\t\t\t\t\t\t\t\t\t<a href=\"https:\/\/www.tepro.com.tr\/de\/unsere-marken\/nexeo\/teknor-apex\/\">\n\t\t\t\t\t\t\t<img loading=\"lazy\" decoding=\"async\" width=\"400\" height=\"400\" src=\"https:\/\/www.tepro.com.tr\/wp-content\/uploads\/2025\/06\/teknor.jpg\" class=\"attachment-large size-large wp-image-993445\" alt=\"\" srcset=\"https:\/\/www.tepro.com.tr\/wp-content\/uploads\/2025\/06\/teknor.jpg 400w, https:\/\/www.tepro.com.tr\/wp-content\/uploads\/2025\/06\/teknor-300x300.jpg 300w, https:\/\/www.tepro.com.tr\/wp-content\/uploads\/2025\/06\/teknor-150x150.jpg 150w\" sizes=\"(max-width: 400px) 100vw, 400px\" \/>\t\t\t\t\t\t\t\t<\/a>\n\t\t\t\t\t\t\t\t\t\t\t\t\t\t\t<\/div>\n\t\t\t\t<\/div>\n\t\t\t\t\t<\/div>\n\t\t\t\t<\/div>\n\t\t\t\t<\/div>\n\t\t","protected":false},"excerpt":{"rendered":"<p>Fachkompetenz in medizinischen Polypropylenen: INVISTA MedSelect Serie In der Medizintechnik spielt die richtige Auswahl von Polypropylen f\u00fcr die Produktqualit\u00e4t eine entscheidende Rolle. INVISTA arbeitet seit \u00fcber 40 Jahren mit medizinischen OEMs zusammen und entwickelt sowie produziert hochleistungsf\u00e4hige und pr\u00e4zise Polymere f\u00fcr Diagnose-, Pharma- und Gesundheitsanwendungen. Das Unternehmen verf\u00fcgt \u00fcber eine Produktionskapazit\u00e4t von mehr als 800&#8230;<\/p>\n","protected":false},"author":1,"featured_media":998605,"parent":998603,"menu_order":0,"comment_status":"closed","ping_status":"closed","template":"","meta":{"footnotes":""},"class_list":["post-998608","page","type-page","status-publish","has-post-thumbnail","hentry"],"aioseo_notices":[],"_links":{"self":[{"href":"https:\/\/www.tepro.com.tr\/de\/wp-json\/wp\/v2\/pages\/998608","targetHints":{"allow":["GET"]}}],"collection":[{"href":"https:\/\/www.tepro.com.tr\/de\/wp-json\/wp\/v2\/pages"}],"about":[{"href":"https:\/\/www.tepro.com.tr\/de\/wp-json\/wp\/v2\/types\/page"}],"author":[{"embeddable":true,"href":"https:\/\/www.tepro.com.tr\/de\/wp-json\/wp\/v2\/users\/1"}],"replies":[{"embeddable":true,"href":"https:\/\/www.tepro.com.tr\/de\/wp-json\/wp\/v2\/comments?post=998608"}],"version-history":[{"count":0,"href":"https:\/\/www.tepro.com.tr\/de\/wp-json\/wp\/v2\/pages\/998608\/revisions"}],"up":[{"embeddable":true,"href":"https:\/\/www.tepro.com.tr\/de\/wp-json\/wp\/v2\/pages\/998603"}],"wp:featuredmedia":[{"embeddable":true,"href":"https:\/\/www.tepro.com.tr\/de\/wp-json\/wp\/v2\/media\/998605"}],"wp:attachment":[{"href":"https:\/\/www.tepro.com.tr\/de\/wp-json\/wp\/v2\/media?parent=998608"}],"curies":[{"name":"wp","href":"https:\/\/api.w.org\/{rel}","templated":true}]}}