{"id":998525,"date":"2023-08-07T12:41:29","date_gmt":"2023-08-07T09:41:29","guid":{"rendered":"https:\/\/www.tepro.com.tr\/gizlilik-politikasi\/"},"modified":"2025-07-29T15:12:48","modified_gmt":"2025-07-29T12:12:48","slug":"gizlilik-politikasi","status":"publish","type":"page","link":"https:\/\/www.tepro.com.tr\/de\/gizlilik-politikasi\/","title":{"rendered":"Datenschutzerkl\u00e4rung"},"content":{"rendered":"\t\t<div data-elementor-type=\"wp-page\" data-elementor-id=\"998525\" class=\"elementor elementor-998525\" data-elementor-post-type=\"page\">\n\t\t\t\t\t\t<section class=\"elementor-section elementor-top-section elementor-element elementor-element-235c714 elementor-section-height-min-height elementor-section-items-stretch elementor-section-full_width elementor-section-height-default\" data-id=\"235c714\" data-element_type=\"section\" data-e-type=\"section\" data-settings=\"{&quot;background_motion_fx_scale_effect&quot;:&quot;yes&quot;,&quot;background_motion_fx_scale_speed&quot;:{&quot;unit&quot;:&quot;px&quot;,&quot;size&quot;:2,&quot;sizes&quot;:[]},&quot;background_motion_fx_scale_range&quot;:{&quot;unit&quot;:&quot;%&quot;,&quot;size&quot;:&quot;&quot;,&quot;sizes&quot;:{&quot;start&quot;:31,&quot;end&quot;:100}},&quot;background_motion_fx_devices&quot;:[&quot;desktop&quot;],&quot;background_motion_fx_scale_direction&quot;:&quot;out-in&quot;}\">\n\t\t\t\t\t\t<div class=\"elementor-container elementor-column-gap-no\">\n\t\t\t\t\t<div class=\"elementor-column elementor-col-100 elementor-top-column elementor-element elementor-element-e0c0221\" data-id=\"e0c0221\" data-element_type=\"column\" data-e-type=\"column\" data-settings=\"{&quot;background_motion_fx_devices&quot;:[&quot;desktop&quot;]}\">\n\t\t\t<div class=\"elementor-widget-wrap elementor-element-populated\">\n\t\t\t\t\t\t<section class=\"elementor-section elementor-inner-section elementor-element elementor-element-3602ffe elementor-section-boxed elementor-section-height-default elementor-section-height-default\" data-id=\"3602ffe\" data-element_type=\"section\" data-e-type=\"section\" data-settings=\"{&quot;background_background&quot;:&quot;gradient&quot;}\">\n\t\t\t\t\t\t<div class=\"elementor-container elementor-column-gap-no\">\n\t\t\t\t\t<div class=\"elementor-column elementor-col-100 elementor-inner-column elementor-element elementor-element-e069b26\" data-id=\"e069b26\" data-element_type=\"column\" data-e-type=\"column\">\n\t\t\t<div class=\"elementor-widget-wrap elementor-element-populated\">\n\t\t\t\t\t\t<div class=\"elementor-element elementor-element-151ffb8 e-transform elementor-absolute elementor-hidden-mobile elementor-widget-divider--view-line elementor-widget elementor-widget-divider\" data-id=\"151ffb8\" data-element_type=\"widget\" data-e-type=\"widget\" data-settings=\"{&quot;_transform_rotateZ_effect&quot;:{&quot;unit&quot;:&quot;px&quot;,&quot;size&quot;:90,&quot;sizes&quot;:[]},&quot;_position&quot;:&quot;absolute&quot;,&quot;_transform_rotateZ_effect_tablet&quot;:{&quot;unit&quot;:&quot;deg&quot;,&quot;size&quot;:&quot;&quot;,&quot;sizes&quot;:[]},&quot;_transform_rotateZ_effect_mobile&quot;:{&quot;unit&quot;:&quot;deg&quot;,&quot;size&quot;:&quot;&quot;,&quot;sizes&quot;:[]}}\" data-widget_type=\"divider.default\">\n\t\t\t\t<div class=\"elementor-widget-container\">\n\t\t\t\t\t\t\t<div class=\"elementor-divider\">\n\t\t\t<span class=\"elementor-divider-separator\">\n\t\t\t\t\t\t<\/span>\n\t\t<\/div>\n\t\t\t\t\t\t<\/div>\n\t\t\t\t<\/div>\n\t\t\t\t<div class=\"elementor-element elementor-element-a1bc80a e-transform elementor-absolute elementor-hidden-mobile elementor-widget-divider--view-line elementor-widget elementor-widget-divider\" data-id=\"a1bc80a\" data-element_type=\"widget\" data-e-type=\"widget\" data-settings=\"{&quot;_transform_rotateZ_effect&quot;:{&quot;unit&quot;:&quot;px&quot;,&quot;size&quot;:90,&quot;sizes&quot;:[]},&quot;_position&quot;:&quot;absolute&quot;,&quot;_transform_rotateZ_effect_tablet&quot;:{&quot;unit&quot;:&quot;deg&quot;,&quot;size&quot;:&quot;&quot;,&quot;sizes&quot;:[]},&quot;_transform_rotateZ_effect_mobile&quot;:{&quot;unit&quot;:&quot;deg&quot;,&quot;size&quot;:&quot;&quot;,&quot;sizes&quot;:[]}}\" data-widget_type=\"divider.default\">\n\t\t\t\t<div class=\"elementor-widget-container\">\n\t\t\t\t\t\t\t<div class=\"elementor-divider\">\n\t\t\t<span class=\"elementor-divider-separator\">\n\t\t\t\t\t\t<\/span>\n\t\t<\/div>\n\t\t\t\t\t\t<\/div>\n\t\t\t\t<\/div>\n\t\t\t\t<div class=\"elementor-element elementor-element-bdaeca1 elementor-widget elementor-widget-spacer\" data-id=\"bdaeca1\" data-element_type=\"widget\" data-e-type=\"widget\" data-widget_type=\"spacer.default\">\n\t\t\t\t<div class=\"elementor-widget-container\">\n\t\t\t\t\t\t\t<div class=\"elementor-spacer\">\n\t\t\t<div class=\"elementor-spacer-inner\"><\/div>\n\t\t<\/div>\n\t\t\t\t\t\t<\/div>\n\t\t\t\t<\/div>\n\t\t\t\t<div class=\"elementor-element elementor-element-174fe21 elementor-widget__width-initial elementor-invisible elementor-widget elementor-widget-heading\" data-id=\"174fe21\" data-element_type=\"widget\" data-e-type=\"widget\" data-settings=\"{&quot;_animation&quot;:&quot;fadeIn&quot;,&quot;_animation_tablet&quot;:&quot;none&quot;,&quot;_animation_delay&quot;:300}\" data-widget_type=\"heading.default\">\n\t\t\t\t<div class=\"elementor-widget-container\">\n\t\t\t\t\t<h1 class=\"elementor-heading-title elementor-size-default\">Datenschutzerkl\u00e4rung<\/h1>\t\t\t\t<\/div>\n\t\t\t\t<\/div>\n\t\t\t\t<div class=\"elementor-element elementor-element-ed25108 elementor-hidden-mobile elementor-widget elementor-widget-spacer\" data-id=\"ed25108\" data-element_type=\"widget\" data-e-type=\"widget\" data-widget_type=\"spacer.default\">\n\t\t\t\t<div class=\"elementor-widget-container\">\n\t\t\t\t\t\t\t<div class=\"elementor-spacer\">\n\t\t\t<div class=\"elementor-spacer-inner\"><\/div>\n\t\t<\/div>\n\t\t\t\t\t\t<\/div>\n\t\t\t\t<\/div>\n\t\t\t\t\t<\/div>\n\t\t<\/div>\n\t\t\t\t\t<\/div>\n\t\t<\/section>\n\t\t\t\t\t<\/div>\n\t\t<\/div>\n\t\t\t\t\t<\/div>\n\t\t<\/section>\n\t\t\t\t<section class=\"elementor-section elementor-top-section elementor-element elementor-element-96e86db elementor-section-boxed elementor-section-height-default elementor-section-height-default\" data-id=\"96e86db\" data-element_type=\"section\" data-e-type=\"section\">\n\t\t\t\t\t\t<div class=\"elementor-container elementor-column-gap-no\">\n\t\t\t\t\t<div class=\"elementor-column elementor-col-100 elementor-top-column elementor-element elementor-element-00657ac\" data-id=\"00657ac\" data-element_type=\"column\" data-e-type=\"column\">\n\t\t\t<div class=\"elementor-widget-wrap elementor-element-populated\">\n\t\t\t\t\t\t<div class=\"vamtam-has-theme-widget-styles elementor-element elementor-element-543d0e0 elementor-widget elementor-widget-text-editor\" data-id=\"543d0e0\" data-element_type=\"widget\" data-e-type=\"widget\" data-widget_type=\"text-editor.default\">\n\t\t\t\t<div class=\"elementor-widget-container\">\n\t\t\t\t\t\t\t\t\t<p class=\"p1\">TEPRO Maschinen- und Automationssysteme A.\u015e. legt gem\u00e4\u00df dem t\u00fcrkischen Gesetz Nr. 6698 zum Schutz personenbezogener Daten (\u201eKVKK\u201c) gro\u00dfen Wert auf die Sicherheit Ihrer personenbezogenen Daten und handelt bei deren Verarbeitung gesetzeskonform. Dieser Text wurde erstellt, um Sie \u00fcber die personenbezogenen Daten zu informieren, die wir \u00fcber unsere Website (www.tepro.com.tr) erheben.<\/p>\n<p class=\"p2\">\u00a0<\/p>\n<ol start=\"1\">\n<li>\n<p class=\"p1\">Erhebung und Verarbeitung personenbezogener Daten<\/p>\n<p class=\"p1\">Personenbezogene Daten wie Name, Nachname, Telefonnummer und E-Mail-Adresse, die Sie uns \u00fcber unsere Website \u00fcbermitteln, werden ausschlie\u00dflich zu folgenden Zwecken und im Einklang mit dem KVKK verarbeitet:<\/p>\n<\/li>\n<\/ol>\n<p>\u00a0<\/p>\n<p class=\"p2\">\u00a0<\/p>\n<ul>\n<li>\n<p class=\"p1\">Beantwortung Ihrer Anfragen,<\/p>\n<\/li>\n<li>\n<p class=\"p1\">Verbesserung unserer Dienstleistungen,<\/p>\n<\/li>\n<li>\n<p class=\"p1\">Kommunikation mit Ihnen,<\/p>\n<\/li>\n<li>\n<p class=\"p1\">Information \u00fcber Produkt- und Dienstleistungsangebote.<\/p>\n<\/li>\n<\/ul>\n<p>\u00a0<\/p>\n<p class=\"p2\">\u00a0<\/p>\n<ol start=\"2\">\n<li>\n<p class=\"p1\">Speicherung und Schutz personenbezogener Daten<\/p>\n<p class=\"p1\">TEPRO speichert Ihre personenbezogenen Daten nur f\u00fcr die notwendige Dauer und sch\u00fctzt sie sicher. Nach Ablauf der gesetzlichen Aufbewahrungsfristen werden die Daten sicher gel\u00f6scht, vernichtet oder anonymisiert.<\/p>\n<\/li>\n<li>\n<p class=\"p1\">Weitergabe von Daten an Dritte<\/p>\n<p class=\"p1\">Erhobene Daten werden weder verkauft noch zu Marketingzwecken an Dritte weitergegeben. Eine Weitergabe an zust\u00e4ndige Beh\u00f6rden erfolgt nur im Rahmen gesetzlicher Verpflichtungen oder beh\u00f6rdlicher Anfragen.<\/p>\n<\/li>\n<li>\n<p class=\"p1\">Ihre Rechte gem\u00e4\u00df KVKK<\/p>\n<p class=\"p1\">Gem\u00e4\u00df Artikel 11 des KVKK haben Sie folgende Rechte:<\/p>\n<\/li>\n<\/ol>\n<p>\u00a0<\/p>\n<p class=\"p2\">\u00a0<\/p>\n<ul>\n<li>\n<p class=\"p1\">Auskunft dar\u00fcber, ob Ihre personenbezogenen Daten verarbeitet werden,<\/p>\n<\/li>\n<li>\n<p class=\"p1\">Anforderung von Informationen, wenn Daten verarbeitet wurden,<\/p>\n<\/li>\n<li>\n<p class=\"p1\">Erkundigung \u00fcber die Zweckm\u00e4\u00dfigkeit der Nutzung der Daten,<\/p>\n<\/li>\n<li>\n<p class=\"p1\">Berichtigung unvollst\u00e4ndiger oder falscher Daten,<\/p>\n<\/li>\n<li>\n<p class=\"p1\">L\u00f6schung oder Vernichtung der Daten unter den gesetzlichen Voraussetzungen.<\/p>\n<\/li>\n<\/ul>\n<p>\u00a0<\/p>\n<p class=\"p1\">Zur Aus\u00fcbung Ihrer Rechte k\u00f6nnen Sie eine E-Mail an info@tepro.com.tr senden.<\/p>\t\t\t\t\t\t\t\t<\/div>\n\t\t\t\t<\/div>\n\t\t\t\t\t<\/div>\n\t\t<\/div>\n\t\t\t\t\t<\/div>\n\t\t<\/section>\n\t\t\t\t<\/div>\n\t\t","protected":false},"excerpt":{"rendered":"<p>TEPRO Maschinen- und Automationssysteme A.\u015e. legt gem\u00e4\u00df dem t\u00fcrkischen Gesetz Nr. 6698 zum Schutz personenbezogener Daten (\u201eKVKK\u201c) gro\u00dfen Wert auf die Sicherheit Ihrer personenbezogenen Daten und handelt bei deren Verarbeitung gesetzeskonform. Dieser Text wurde erstellt, um Sie \u00fcber die personenbezogenen Daten zu informieren, die wir \u00fcber unsere Website (www.tepro.com.tr) erheben. \u00a0 Erhebung und Verarbeitung personenbezogener&#8230;<\/p>\n","protected":false},"author":1,"featured_media":0,"parent":0,"menu_order":0,"comment_status":"closed","ping_status":"closed","template":"","meta":{"footnotes":""},"class_list":["post-998525","page","type-page","status-publish","hentry"],"aioseo_notices":[],"aioseo_head":"\n\t\t<!-- All in One SEO Pro 4.9.6.2 - aioseo.com -->\n\t<meta name=\"description\" content=\"Datenschutzerkl\u00e4rung TEPRO Maschinen- und Automationssysteme A.\u015e. legt gem\u00e4\u00df dem t\u00fcrkischen Gesetz Nr. 6698 zum Schutz personenbezogener Daten (\u201eKVKK\u201c) gro\u00dfen Wert auf die Sicherheit Ihrer personenbezogenen Daten und handelt bei deren Verarbeitung gesetzeskonform. Dieser Text wurde erstellt, um Sie \u00fcber die personenbezogenen Daten zu informieren, die wir \u00fcber unsere Website (www.tepro.com.tr) erheben. Erhebung und Verarbeitung\" \/>\n\t<meta name=\"robots\" content=\"max-image-preview:large\" \/>\n\t<link rel=\"canonical\" href=\"https:\/\/www.tepro.com.tr\/de\/gizlilik-politikasi\/\" \/>\n\t<meta name=\"generator\" content=\"All in One SEO Pro (AIOSEO) 4.9.6.2\" \/>\n\t\t<meta property=\"og:locale\" content=\"de_DE\" \/>\n\t\t<meta property=\"og:site_name\" content=\"TEPRO - Makine ve Otomasyon Sistemleri\" \/>\n\t\t<meta property=\"og:type\" content=\"article\" \/>\n\t\t<meta property=\"og:title\" content=\"Datenschutzerkl\u00e4rung - TEPRO\" \/>\n\t\t<meta property=\"og:description\" content=\"Datenschutzerkl\u00e4rung TEPRO Maschinen- und Automationssysteme A.\u015e. legt gem\u00e4\u00df dem t\u00fcrkischen Gesetz Nr. 6698 zum Schutz personenbezogener Daten (\u201eKVKK\u201c) gro\u00dfen Wert auf die Sicherheit Ihrer personenbezogenen Daten und handelt bei deren Verarbeitung gesetzeskonform. Dieser Text wurde erstellt, um Sie \u00fcber die personenbezogenen Daten zu informieren, die wir \u00fcber unsere Website (www.tepro.com.tr) erheben. Erhebung und Verarbeitung\" \/>\n\t\t<meta property=\"og:url\" content=\"https:\/\/www.tepro.com.tr\/de\/gizlilik-politikasi\/\" \/>\n\t\t<meta property=\"og:image\" content=\"https:\/\/www.tepro.com.tr\/wp-content\/uploads\/2025\/04\/tepro-logo-2.png\" \/>\n\t\t<meta property=\"og:image:secure_url\" content=\"https:\/\/www.tepro.com.tr\/wp-content\/uploads\/2025\/04\/tepro-logo-2.png\" \/>\n\t\t<meta property=\"article:published_time\" content=\"2023-08-07T09:41:29+00:00\" \/>\n\t\t<meta property=\"article:modified_time\" content=\"2025-07-29T12:12:48+00:00\" \/>\n\t\t<meta name=\"twitter:card\" content=\"summary_large_image\" \/>\n\t\t<meta name=\"twitter:title\" content=\"Datenschutzerkl\u00e4rung - TEPRO\" \/>\n\t\t<meta name=\"twitter:description\" content=\"Datenschutzerkl\u00e4rung TEPRO Maschinen- und Automationssysteme A.\u015e. legt gem\u00e4\u00df dem t\u00fcrkischen Gesetz Nr. 6698 zum Schutz personenbezogener Daten (\u201eKVKK\u201c) gro\u00dfen Wert auf die Sicherheit Ihrer personenbezogenen Daten und handelt bei deren Verarbeitung gesetzeskonform. Dieser Text wurde erstellt, um Sie \u00fcber die personenbezogenen Daten zu informieren, die wir \u00fcber unsere Website (www.tepro.com.tr) erheben. Erhebung und Verarbeitung\" \/>\n\t\t<meta name=\"twitter:image\" content=\"https:\/\/www.tepro.com.tr\/wp-content\/uploads\/2025\/04\/tepro-logo-2.png\" \/>\n\t\t<script type=\"application\/ld+json\" class=\"aioseo-schema\">\n\t\t\t{\"@context\":\"https:\\\/\\\/schema.org\",\"@graph\":[{\"@type\":\"BreadcrumbList\",\"@id\":\"https:\\\/\\\/www.tepro.com.tr\\\/de\\\/gizlilik-politikasi\\\/#breadcrumblist\",\"itemListElement\":[{\"@type\":\"ListItem\",\"@id\":\"https:\\\/\\\/www.tepro.com.tr\\\/de\\\/#listItem\",\"position\":1,\"name\":\"Home\",\"item\":\"https:\\\/\\\/www.tepro.com.tr\\\/de\\\/\",\"nextItem\":{\"@type\":\"ListItem\",\"@id\":\"https:\\\/\\\/www.tepro.com.tr\\\/de\\\/gizlilik-politikasi\\\/#listItem\",\"name\":\"Datenschutzerkl\\u00e4rung\"}},{\"@type\":\"ListItem\",\"@id\":\"https:\\\/\\\/www.tepro.com.tr\\\/de\\\/gizlilik-politikasi\\\/#listItem\",\"position\":2,\"name\":\"Datenschutzerkl\\u00e4rung\",\"previousItem\":{\"@type\":\"ListItem\",\"@id\":\"https:\\\/\\\/www.tepro.com.tr\\\/de\\\/#listItem\",\"name\":\"Home\"}}]},{\"@type\":\"Organization\",\"@id\":\"https:\\\/\\\/www.tepro.com.tr\\\/de\\\/#organization\",\"name\":\"TEPRO\",\"description\":\"Makine ve Otomasyon Sistemleri\",\"url\":\"https:\\\/\\\/www.tepro.com.tr\\\/de\\\/\",\"telephone\":\"+902167092600\",\"logo\":{\"@type\":\"ImageObject\",\"url\":\"https:\\\/\\\/www.tepro.com.tr\\\/wp-content\\\/uploads\\\/2025\\\/04\\\/tepro-logo-2.png\",\"@id\":\"https:\\\/\\\/www.tepro.com.tr\\\/de\\\/gizlilik-politikasi\\\/#organizationLogo\",\"width\":283,\"height\":103},\"image\":{\"@id\":\"https:\\\/\\\/www.tepro.com.tr\\\/de\\\/gizlilik-politikasi\\\/#organizationLogo\"}},{\"@type\":\"WebPage\",\"@id\":\"https:\\\/\\\/www.tepro.com.tr\\\/de\\\/gizlilik-politikasi\\\/#webpage\",\"url\":\"https:\\\/\\\/www.tepro.com.tr\\\/de\\\/gizlilik-politikasi\\\/\",\"name\":\"Datenschutzerkl\\u00e4rung - TEPRO\",\"description\":\"Datenschutzerkl\\u00e4rung TEPRO Maschinen- und Automationssysteme A.\\u015e. legt gem\\u00e4\\u00df dem t\\u00fcrkischen Gesetz Nr. 6698 zum Schutz personenbezogener Daten (\\u201eKVKK\\u201c) gro\\u00dfen Wert auf die Sicherheit Ihrer personenbezogenen Daten und handelt bei deren Verarbeitung gesetzeskonform. Dieser Text wurde erstellt, um Sie \\u00fcber die personenbezogenen Daten zu informieren, die wir \\u00fcber unsere Website (www.tepro.com.tr) erheben. Erhebung und Verarbeitung\",\"inLanguage\":\"de-DE\",\"isPartOf\":{\"@id\":\"https:\\\/\\\/www.tepro.com.tr\\\/de\\\/#website\"},\"breadcrumb\":{\"@id\":\"https:\\\/\\\/www.tepro.com.tr\\\/de\\\/gizlilik-politikasi\\\/#breadcrumblist\"},\"datePublished\":\"2023-08-07T12:41:29+03:00\",\"dateModified\":\"2025-07-29T15:12:48+03:00\"},{\"@type\":\"WebSite\",\"@id\":\"https:\\\/\\\/www.tepro.com.tr\\\/de\\\/#website\",\"url\":\"https:\\\/\\\/www.tepro.com.tr\\\/de\\\/\",\"name\":\"TEPRO\",\"description\":\"Makine ve Otomasyon Sistemleri\",\"inLanguage\":\"de-DE\",\"publisher\":{\"@id\":\"https:\\\/\\\/www.tepro.com.tr\\\/de\\\/#organization\"}}]}\n\t\t<\/script>\n\t\t<!-- All in One SEO Pro -->\r\n\t\t<title>Datenschutzerkl\u00e4rung - TEPRO<\/title>\n\n","aioseo_head_json":{"title":"Datenschutzerkl\u00e4rung - TEPRO","description":"Datenschutzerkl\u00e4rung TEPRO Maschinen- und Automationssysteme A.\u015e. legt gem\u00e4\u00df dem t\u00fcrkischen Gesetz Nr. 6698 zum Schutz personenbezogener Daten (\u201eKVKK\u201c) gro\u00dfen Wert auf die Sicherheit Ihrer personenbezogenen Daten und handelt bei deren Verarbeitung gesetzeskonform. Dieser Text wurde erstellt, um Sie \u00fcber die personenbezogenen Daten zu informieren, die wir \u00fcber unsere Website (www.tepro.com.tr) erheben. Erhebung und Verarbeitung","canonical_url":"https:\/\/www.tepro.com.tr\/de\/gizlilik-politikasi\/","robots":"max-image-preview:large","keywords":"","webmasterTools":{"miscellaneous":""},"schema":{"@context":"https:\/\/schema.org","@graph":[{"@type":"BreadcrumbList","@id":"https:\/\/www.tepro.com.tr\/de\/gizlilik-politikasi\/#breadcrumblist","itemListElement":[{"@type":"ListItem","@id":"https:\/\/www.tepro.com.tr\/de\/#listItem","position":1,"name":"Home","item":"https:\/\/www.tepro.com.tr\/de\/","nextItem":{"@type":"ListItem","@id":"https:\/\/www.tepro.com.tr\/de\/gizlilik-politikasi\/#listItem","name":"Datenschutzerkl\u00e4rung"}},{"@type":"ListItem","@id":"https:\/\/www.tepro.com.tr\/de\/gizlilik-politikasi\/#listItem","position":2,"name":"Datenschutzerkl\u00e4rung","previousItem":{"@type":"ListItem","@id":"https:\/\/www.tepro.com.tr\/de\/#listItem","name":"Home"}}]},{"@type":"Organization","@id":"https:\/\/www.tepro.com.tr\/de\/#organization","name":"TEPRO","description":"Makine ve Otomasyon Sistemleri","url":"https:\/\/www.tepro.com.tr\/de\/","telephone":"+902167092600","logo":{"@type":"ImageObject","url":"https:\/\/www.tepro.com.tr\/wp-content\/uploads\/2025\/04\/tepro-logo-2.png","@id":"https:\/\/www.tepro.com.tr\/de\/gizlilik-politikasi\/#organizationLogo","width":283,"height":103},"image":{"@id":"https:\/\/www.tepro.com.tr\/de\/gizlilik-politikasi\/#organizationLogo"}},{"@type":"WebPage","@id":"https:\/\/www.tepro.com.tr\/de\/gizlilik-politikasi\/#webpage","url":"https:\/\/www.tepro.com.tr\/de\/gizlilik-politikasi\/","name":"Datenschutzerkl\u00e4rung - TEPRO","description":"Datenschutzerkl\u00e4rung TEPRO Maschinen- und Automationssysteme A.\u015e. legt gem\u00e4\u00df dem t\u00fcrkischen Gesetz Nr. 6698 zum Schutz personenbezogener Daten (\u201eKVKK\u201c) gro\u00dfen Wert auf die Sicherheit Ihrer personenbezogenen Daten und handelt bei deren Verarbeitung gesetzeskonform. Dieser Text wurde erstellt, um Sie \u00fcber die personenbezogenen Daten zu informieren, die wir \u00fcber unsere Website (www.tepro.com.tr) erheben. Erhebung und Verarbeitung","inLanguage":"de-DE","isPartOf":{"@id":"https:\/\/www.tepro.com.tr\/de\/#website"},"breadcrumb":{"@id":"https:\/\/www.tepro.com.tr\/de\/gizlilik-politikasi\/#breadcrumblist"},"datePublished":"2023-08-07T12:41:29+03:00","dateModified":"2025-07-29T15:12:48+03:00"},{"@type":"WebSite","@id":"https:\/\/www.tepro.com.tr\/de\/#website","url":"https:\/\/www.tepro.com.tr\/de\/","name":"TEPRO","description":"Makine ve Otomasyon Sistemleri","inLanguage":"de-DE","publisher":{"@id":"https:\/\/www.tepro.com.tr\/de\/#organization"}}]},"og:locale":"de_DE","og:site_name":"TEPRO - Makine ve Otomasyon Sistemleri","og:type":"article","og:title":"Datenschutzerkl\u00e4rung - TEPRO","og:description":"Datenschutzerkl\u00e4rung TEPRO Maschinen- und Automationssysteme A.\u015e. legt gem\u00e4\u00df dem t\u00fcrkischen Gesetz Nr. 6698 zum Schutz personenbezogener Daten (\u201eKVKK\u201c) gro\u00dfen Wert auf die Sicherheit Ihrer personenbezogenen Daten und handelt bei deren Verarbeitung gesetzeskonform. Dieser Text wurde erstellt, um Sie \u00fcber die personenbezogenen Daten zu informieren, die wir \u00fcber unsere Website (www.tepro.com.tr) erheben. Erhebung und Verarbeitung","og:url":"https:\/\/www.tepro.com.tr\/de\/gizlilik-politikasi\/","og:image":"https:\/\/www.tepro.com.tr\/wp-content\/uploads\/2025\/04\/tepro-logo-2.png","og:image:secure_url":"https:\/\/www.tepro.com.tr\/wp-content\/uploads\/2025\/04\/tepro-logo-2.png","article:published_time":"2023-08-07T09:41:29+00:00","article:modified_time":"2025-07-29T12:12:48+00:00","twitter:card":"summary_large_image","twitter:title":"Datenschutzerkl\u00e4rung - TEPRO","twitter:description":"Datenschutzerkl\u00e4rung TEPRO Maschinen- und Automationssysteme A.\u015e. legt gem\u00e4\u00df dem t\u00fcrkischen Gesetz Nr. 6698 zum Schutz personenbezogener Daten (\u201eKVKK\u201c) gro\u00dfen Wert auf die Sicherheit Ihrer personenbezogenen Daten und handelt bei deren Verarbeitung gesetzeskonform. Dieser Text wurde erstellt, um Sie \u00fcber die personenbezogenen Daten zu informieren, die wir \u00fcber unsere Website (www.tepro.com.tr) erheben. Erhebung und Verarbeitung","twitter:image":"https:\/\/www.tepro.com.tr\/wp-content\/uploads\/2025\/04\/tepro-logo-2.png"},"aioseo_meta_data":{"post_id":"998525","title":null,"description":null,"keywords":null,"keyphrases":{"focus":{"keyphrase":"","score":0,"analysis":{"keyphraseInTitle":{"score":0,"maxScore":9,"error":1}}},"additional":[]},"primary_term":null,"canonical_url":null,"og_title":null,"og_description":null,"og_object_type":"default","og_image_type":"default","og_image_url":null,"og_image_width":null,"og_image_height":null,"og_image_custom_url":null,"og_image_custom_fields":null,"og_video":"","og_custom_url":null,"og_article_section":null,"og_article_tags":null,"twitter_use_og":false,"twitter_card":"default","twitter_image_type":"default","twitter_image_url":null,"twitter_image_custom_url":null,"twitter_image_custom_fields":null,"twitter_title":null,"twitter_description":null,"schema":{"blockGraphs":[],"customGraphs":[],"default":{"data":{"Article":[],"Course":[],"Dataset":[],"FAQPage":[],"Movie":[],"Person":[],"Product":[],"ProductReview":[],"Car":[],"Recipe":[],"Service":[],"SoftwareApplication":[],"WebPage":[]},"graphName":"WebPage","isEnabled":true},"graphs":[]},"schema_type":"default","schema_type_options":null,"pillar_content":false,"robots_default":true,"robots_noindex":false,"robots_noarchive":false,"robots_nosnippet":false,"robots_nofollow":false,"robots_noimageindex":false,"robots_noodp":false,"robots_notranslate":false,"robots_max_snippet":"-1","robots_max_videopreview":"-1","robots_max_imagepreview":"large","priority":null,"frequency":"default","local_seo":null,"seo_analyzer_scan_date":"2025-08-18 08:32:35","breadcrumb_settings":null,"limit_modified_date":false,"open_ai":null,"ai":{"faqs":[],"keyPoints":[],"titles":[],"descriptions":[],"socialPosts":{"email":[],"linkedin":[],"twitter":[],"facebook":[],"instagram":[]}},"created":"2025-07-29 10:57:15","updated":"2025-11-16 18:17:10"},"aioseo_breadcrumb":"<div class=\"aioseo-breadcrumbs\"><span class=\"aioseo-breadcrumb\">\n\t<a href=\"https:\/\/www.tepro.com.tr\/de\/\" title=\"Home\">Home<\/a>\n<\/span><span class=\"aioseo-breadcrumb-separator\">&raquo;<\/span><span class=\"aioseo-breadcrumb\">\n\tDatenschutzerkl\u00e4rung\n<\/span><\/div>","aioseo_breadcrumb_json":[{"label":"Home","link":"https:\/\/www.tepro.com.tr\/de\/"},{"label":"Datenschutzerkl\u00e4rung","link":"https:\/\/www.tepro.com.tr\/de\/gizlilik-politikasi\/"}],"_links":{"self":[{"href":"https:\/\/www.tepro.com.tr\/de\/wp-json\/wp\/v2\/pages\/998525","targetHints":{"allow":["GET"]}}],"collection":[{"href":"https:\/\/www.tepro.com.tr\/de\/wp-json\/wp\/v2\/pages"}],"about":[{"href":"https:\/\/www.tepro.com.tr\/de\/wp-json\/wp\/v2\/types\/page"}],"author":[{"embeddable":true,"href":"https:\/\/www.tepro.com.tr\/de\/wp-json\/wp\/v2\/users\/1"}],"replies":[{"embeddable":true,"href":"https:\/\/www.tepro.com.tr\/de\/wp-json\/wp\/v2\/comments?post=998525"}],"version-history":[{"count":0,"href":"https:\/\/www.tepro.com.tr\/de\/wp-json\/wp\/v2\/pages\/998525\/revisions"}],"wp:attachment":[{"href":"https:\/\/www.tepro.com.tr\/de\/wp-json\/wp\/v2\/media?parent=998525"}],"curies":[{"name":"wp","href":"https:\/\/api.w.org\/{rel}","templated":true}]}}