{"id":998508,"date":"2025-04-05T09:58:32","date_gmt":"2025-04-05T06:58:32","guid":{"rendered":"https:\/\/www.tepro.com.tr\/etkinlikler\/krauss-maffei-techcenter-days\/"},"modified":"2025-07-29T21:19:32","modified_gmt":"2025-07-29T18:19:32","slug":"krauss-maffei-techcenter-days","status":"publish","type":"page","link":"https:\/\/www.tepro.com.tr\/de\/etkinlikler\/krauss-maffei-techcenter-days\/","title":{"rendered":"KRAUSS MAFFEI TechCenter Tage"},"content":{"rendered":"\t\t<div data-elementor-type=\"wp-page\" data-elementor-id=\"998508\" class=\"elementor elementor-998508\" data-elementor-post-type=\"page\">\n\t\t\t\t\t\t<section class=\"elementor-section elementor-top-section elementor-element elementor-element-32e02748 elementor-section-stretched elementor-section-boxed elementor-section-height-default elementor-section-height-default\" data-id=\"32e02748\" data-element_type=\"section\" data-e-type=\"section\" data-settings=\"{&quot;stretch_section&quot;:&quot;section-stretched&quot;}\">\n\t\t\t\t\t\t<div class=\"elementor-container elementor-column-gap-no\">\n\t\t\t\t\t<div class=\"elementor-column elementor-col-100 elementor-top-column elementor-element elementor-element-539d2114\" data-id=\"539d2114\" data-element_type=\"column\" data-e-type=\"column\">\n\t\t\t<div class=\"elementor-widget-wrap elementor-element-populated\">\n\t\t\t\t\t\t<section class=\"elementor-section elementor-inner-section elementor-element elementor-element-74fc0696 elementor-section-boxed elementor-section-height-default elementor-section-height-default\" data-id=\"74fc0696\" data-element_type=\"section\" data-e-type=\"section\" data-settings=\"{&quot;background_background&quot;:&quot;classic&quot;}\">\n\t\t\t\t\t\t<div class=\"elementor-container elementor-column-gap-default\">\n\t\t\t\t\t<div class=\"elementor-column elementor-col-50 elementor-inner-column elementor-element elementor-element-1cbf7d3d\" data-id=\"1cbf7d3d\" data-element_type=\"column\" data-e-type=\"column\">\n\t\t\t<div class=\"elementor-widget-wrap elementor-element-populated\">\n\t\t\t\t\t\t<div class=\"vamtam-has-theme-widget-styles elementor-element elementor-element-690f0380 elementor-widget elementor-widget-text-editor\" data-id=\"690f0380\" data-element_type=\"widget\" data-e-type=\"widget\" data-widget_type=\"text-editor.default\">\n\t\t\t\t<div class=\"elementor-widget-container\">\n\t\t\t\t\t\t\t\t\t<p class=\"p1\">Die Krauss Maffei TechCenter Days, die am 2. und 3. April in M\u00fcnchen stattfanden, wurden erfolgreich abgeschlossen. Bei diesem besonderen Treffen freuten wir uns, unsere neuesten Technologien und Sondermaschinen unseren Teilnehmern vorstellen zu d\u00fcrfen.<\/p>\n<p class=\"p1\">Pr\u00e4sentationen zu ColorForm, DCIM, FiberForm, CellForm, SilcoSet, Sandwich-Prozessen und weiteren digitalen L\u00f6sungen fanden gro\u00dfes Interesse. Zudem wurden pers\u00f6nliche Gespr\u00e4che mit unseren Technologieexperten gef\u00fchrt, in denen die Vorteile dieser Systeme f\u00fcr die Produktionsprozesse ausf\u00fchrlich erl\u00e4utert wurden. Wir danken allen G\u00e4sten f\u00fcr ihre Teilnahme.<\/p>\t\t\t\t\t\t\t\t<\/div>\n\t\t\t\t<\/div>\n\t\t\t\t<div class=\"vamtam-has-theme-widget-styles elementor-element elementor-element-8fd153 elementor-widget elementor-widget-text-editor\" data-id=\"8fd153\" data-element_type=\"widget\" data-e-type=\"widget\" data-widget_type=\"text-editor.default\">\n\t\t\t\t<div class=\"elementor-widget-container\">\n\t\t\t\t\t\t\t\t\t<p class=\"p1\">\u00a0<\/p>\n<p class=\"p1\">Neues Ausstellungsgel\u00e4nde f\u00fcr Spritzgie\u00dftechnologien der n\u00e4chsten Generation<\/p>\n<p class=\"p1\">Die Hochleistungs-Spritzgie\u00dfmaschinen von Krauss Maffei wurden von den Teilnehmern mit gro\u00dfem Interesse begutachtet.<\/p>\n<p class=\"p1\">Live-Prozess-Demonstrationen<\/p>\n<p class=\"p1\">Die Live-Anwendungen der CellForm- und FiberForm-Prozesse boten anschauliche Beispiele f\u00fcr innovative Fertigungsl\u00f6sungen.<\/p>\n<p class=\"p1\">Networking- und Technikgespr\u00e4chsbereiche<\/p>\n<p class=\"p1\">Besucher nutzten die M\u00f6glichkeit zu Einzelgespr\u00e4chen mit Experten, um detaillierte Informationen \u00fcber Technologien zu erhalten, die Mehrwert f\u00fcr ihre Produktionsprozesse schaffen.<\/p>\n<p class=\"p1\">Hervorgehobene Technologien<\/p>\n<p class=\"p1\">ColorForm<\/p>\n<p class=\"p1\">Ein doppelfunktionaler Prozess, der w\u00e4hrend des Formvorgangs eine Oberfl\u00e4chenbeschichtung integriert und die Produktionszeit verk\u00fcrzt.<\/p>\n<p class=\"p1\">DCIM (Digital Control Injection Molding)<\/p>\n<p class=\"p1\">Ein digitales Spritzgie\u00dfkontrollsystem, das die Prozess\u00fcberwachung erleichtert, die Qualit\u00e4t erh\u00f6ht und Konsistenz in der Produktion sicherstellt.<\/p>\n<p class=\"p1\">FiberForm<\/p>\n<p class=\"p1\">Eine spezielle Fertigungsmethode zur Herstellung leichter, aber verst\u00e4rkter Verbundteile.<\/p>\n<p class=\"p1\">SilcoSet<\/p>\n<p class=\"p1\">Eine moderne Technologie zur Herstellung von Fl\u00fcssigsilikonteilen mittels Spritzgie\u00dfen mit hoher Pr\u00e4zision.<\/p>\n<p class=\"p1\">CellForm<\/p>\n<p class=\"p1\">Ein nachhaltiger Prozess, der eine schaumartige Struktur erzeugt, die das Bauteilgewicht reduziert und gleichzeitig die mechanische Festigkeit erh\u00e4lt.<\/p>\t\t\t\t\t\t\t\t<\/div>\n\t\t\t\t<\/div>\n\t\t\t\t\t<\/div>\n\t\t<\/div>\n\t\t\t\t<div class=\"elementor-column elementor-col-50 elementor-inner-column elementor-element elementor-element-1ac059bd elementor-hidden-tablet elementor-hidden-mobile\" data-id=\"1ac059bd\" data-element_type=\"column\" data-e-type=\"column\">\n\t\t\t<div class=\"elementor-widget-wrap\">\n\t\t\t\t\t\t\t<\/div>\n\t\t<\/div>\n\t\t\t\t\t<\/div>\n\t\t<\/section>\n\t\t\t\t\t<\/div>\n\t\t<\/div>\n\t\t\t\t\t<\/div>\n\t\t<\/section>\n\t\t<div class=\"elementor-element elementor-element-67520ab e-grid elementor-hidden-mobile e-con-boxed e-con e-parent\" data-id=\"67520ab\" data-element_type=\"container\" data-e-type=\"container\">\n\t\t\t\t\t<div class=\"e-con-inner\">\n\t\t\t\t<div class=\"elementor-element elementor-element-647b916 elementor-widget elementor-widget-image\" data-id=\"647b916\" data-element_type=\"widget\" data-e-type=\"widget\" data-widget_type=\"image.default\">\n\t\t\t\t<div class=\"elementor-widget-container\">\n\t\t\t\t\t\t\t\t\t\t\t\t\t\t\t\t<a href=\"https:\/\/www.tepro.com.tr\/de\/unsere-marken\/kraussmaffei\/\">\n\t\t\t\t\t\t\t<img fetchpriority=\"high\" decoding=\"async\" width=\"500\" height=\"500\" src=\"https:\/\/www.tepro.com.tr\/wp-content\/uploads\/2025\/04\/km-2.jpg\" class=\"attachment-full size-full wp-image-992239\" alt=\"\" srcset=\"https:\/\/www.tepro.com.tr\/wp-content\/uploads\/2025\/04\/km-2.jpg 500w, https:\/\/www.tepro.com.tr\/wp-content\/uploads\/2025\/04\/km-2-300x300.jpg 300w, https:\/\/www.tepro.com.tr\/wp-content\/uploads\/2025\/04\/km-2-150x150.jpg 150w\" sizes=\"(max-width: 500px) 100vw, 500px\" \/>\t\t\t\t\t\t\t\t<\/a>\n\t\t\t\t\t\t\t\t\t\t\t\t\t\t\t<\/div>\n\t\t\t\t<\/div>\n\t\t\t\t<div class=\"elementor-element elementor-element-204bca3 elementor-widget elementor-widget-image\" data-id=\"204bca3\" data-element_type=\"widget\" data-e-type=\"widget\" data-widget_type=\"image.default\">\n\t\t\t\t<div class=\"elementor-widget-container\">\n\t\t\t\t\t\t\t\t\t\t\t\t\t\t\t\t<a href=\"https:\/\/www.tepro.com.tr\/de\/unsere-marken\/sepro-group\/\">\n\t\t\t\t\t\t\t<img decoding=\"async\" width=\"500\" height=\"500\" src=\"https:\/\/www.tepro.com.tr\/wp-content\/uploads\/2025\/04\/sepro-2.jpg\" class=\"attachment-full size-full wp-image-992240\" alt=\"\" srcset=\"https:\/\/www.tepro.com.tr\/wp-content\/uploads\/2025\/04\/sepro-2.jpg 500w, https:\/\/www.tepro.com.tr\/wp-content\/uploads\/2025\/04\/sepro-2-300x300.jpg 300w, https:\/\/www.tepro.com.tr\/wp-content\/uploads\/2025\/04\/sepro-2-150x150.jpg 150w\" sizes=\"(max-width: 500px) 100vw, 500px\" \/>\t\t\t\t\t\t\t\t<\/a>\n\t\t\t\t\t\t\t\t\t\t\t\t\t\t\t<\/div>\n\t\t\t\t<\/div>\n\t\t\t\t<div class=\"elementor-element elementor-element-2c66e86 elementor-widget elementor-widget-image\" data-id=\"2c66e86\" data-element_type=\"widget\" data-e-type=\"widget\" data-widget_type=\"image.default\">\n\t\t\t\t<div class=\"elementor-widget-container\">\n\t\t\t\t\t\t\t\t\t\t\t\t\t\t\t\t<a href=\"https:\/\/www.tepro.com.tr\/de\/unsere-marken\/motan\/\">\n\t\t\t\t\t\t\t<img decoding=\"async\" width=\"500\" height=\"500\" src=\"https:\/\/www.tepro.com.tr\/wp-content\/uploads\/2025\/04\/motan.jpg\" class=\"attachment-full size-full wp-image-992244\" alt=\"\" srcset=\"https:\/\/www.tepro.com.tr\/wp-content\/uploads\/2025\/04\/motan.jpg 500w, https:\/\/www.tepro.com.tr\/wp-content\/uploads\/2025\/04\/motan-300x300.jpg 300w, https:\/\/www.tepro.com.tr\/wp-content\/uploads\/2025\/04\/motan-150x150.jpg 150w\" sizes=\"(max-width: 500px) 100vw, 500px\" \/>\t\t\t\t\t\t\t\t<\/a>\n\t\t\t\t\t\t\t\t\t\t\t\t\t\t\t<\/div>\n\t\t\t\t<\/div>\n\t\t\t\t<div class=\"elementor-element elementor-element-13a3b26 elementor-widget elementor-widget-image\" data-id=\"13a3b26\" data-element_type=\"widget\" data-e-type=\"widget\" data-widget_type=\"image.default\">\n\t\t\t\t<div class=\"elementor-widget-container\">\n\t\t\t\t\t\t\t\t\t\t\t\t\t\t\t\t<a href=\"https:\/\/www.tepro.com.tr\/de\/unsere-marken\/regloplas\/\">\n\t\t\t\t\t\t\t<img loading=\"lazy\" decoding=\"async\" width=\"500\" height=\"500\" src=\"https:\/\/www.tepro.com.tr\/wp-content\/uploads\/2025\/04\/regloplas.jpg\" class=\"attachment-full size-full wp-image-992245\" alt=\"\" srcset=\"https:\/\/www.tepro.com.tr\/wp-content\/uploads\/2025\/04\/regloplas.jpg 500w, https:\/\/www.tepro.com.tr\/wp-content\/uploads\/2025\/04\/regloplas-300x300.jpg 300w, https:\/\/www.tepro.com.tr\/wp-content\/uploads\/2025\/04\/regloplas-150x150.jpg 150w\" sizes=\"(max-width: 500px) 100vw, 500px\" \/>\t\t\t\t\t\t\t\t<\/a>\n\t\t\t\t\t\t\t\t\t\t\t\t\t\t\t<\/div>\n\t\t\t\t<\/div>\n\t\t\t\t<div class=\"elementor-element elementor-element-048e1c7 elementor-widget elementor-widget-image\" data-id=\"048e1c7\" data-element_type=\"widget\" data-e-type=\"widget\" data-widget_type=\"image.default\">\n\t\t\t\t<div class=\"elementor-widget-container\">\n\t\t\t\t\t\t\t\t\t\t\t\t\t\t\t\t<a href=\"https:\/\/www.tepro.com.tr\/de\/unsere-marken\/helios-systems\/\">\n\t\t\t\t\t\t\t<img loading=\"lazy\" decoding=\"async\" width=\"500\" height=\"500\" src=\"https:\/\/www.tepro.com.tr\/wp-content\/uploads\/2025\/04\/helios-1.jpg\" class=\"attachment-full size-full wp-image-989304\" alt=\"\" srcset=\"https:\/\/www.tepro.com.tr\/wp-content\/uploads\/2025\/04\/helios-1.jpg 500w, https:\/\/www.tepro.com.tr\/wp-content\/uploads\/2025\/04\/helios-1-300x300.jpg 300w, https:\/\/www.tepro.com.tr\/wp-content\/uploads\/2025\/04\/helios-1-150x150.jpg 150w\" sizes=\"(max-width: 500px) 100vw, 500px\" \/>\t\t\t\t\t\t\t\t<\/a>\n\t\t\t\t\t\t\t\t\t\t\t\t\t\t\t<\/div>\n\t\t\t\t<\/div>\n\t\t\t\t<div class=\"elementor-element elementor-element-f05cc62 elementor-widget elementor-widget-image\" data-id=\"f05cc62\" data-element_type=\"widget\" data-e-type=\"widget\" data-widget_type=\"image.default\">\n\t\t\t\t<div class=\"elementor-widget-container\">\n\t\t\t\t\t\t\t\t\t\t\t\t\t\t\t\t<a href=\"https:\/\/www.tepro.com.tr\/de\/unsere-marken\/nexeo\/\">\n\t\t\t\t\t\t\t<img loading=\"lazy\" decoding=\"async\" width=\"500\" height=\"500\" src=\"https:\/\/www.tepro.com.tr\/wp-content\/uploads\/2025\/04\/nexeo-2.png\" class=\"attachment-full size-full wp-image-988537\" alt=\"\" srcset=\"https:\/\/www.tepro.com.tr\/wp-content\/uploads\/2025\/04\/nexeo-2.png 500w, https:\/\/www.tepro.com.tr\/wp-content\/uploads\/2025\/04\/nexeo-2-300x300.png 300w, https:\/\/www.tepro.com.tr\/wp-content\/uploads\/2025\/04\/nexeo-2-150x150.png 150w\" sizes=\"(max-width: 500px) 100vw, 500px\" \/>\t\t\t\t\t\t\t\t<\/a>\n\t\t\t\t\t\t\t\t\t\t\t\t\t\t\t<\/div>\n\t\t\t\t<\/div>\n\t\t\t\t<div class=\"elementor-element elementor-element-ae3be8c elementor-widget elementor-widget-image\" data-id=\"ae3be8c\" data-element_type=\"widget\" data-e-type=\"widget\" data-widget_type=\"image.default\">\n\t\t\t\t<div class=\"elementor-widget-container\">\n\t\t\t\t\t\t\t\t\t\t\t\t\t\t\t\t<a href=\"https:\/\/www.tepro.com.tr\/de\/unsere-marken\/t-max-proses\/\">\n\t\t\t\t\t\t\t<img loading=\"lazy\" decoding=\"async\" width=\"200\" height=\"200\" src=\"https:\/\/www.tepro.com.tr\/wp-content\/uploads\/2025\/04\/t-max-1.png\" class=\"attachment-full size-full wp-image-988803\" alt=\"\" srcset=\"https:\/\/www.tepro.com.tr\/wp-content\/uploads\/2025\/04\/t-max-1.png 200w, https:\/\/www.tepro.com.tr\/wp-content\/uploads\/2025\/04\/t-max-1-150x150.png 150w\" sizes=\"(max-width: 200px) 100vw, 200px\" \/>\t\t\t\t\t\t\t\t<\/a>\n\t\t\t\t\t\t\t\t\t\t\t\t\t\t\t<\/div>\n\t\t\t\t<\/div>\n\t\t\t\t<div class=\"elementor-element elementor-element-8ea2c62 elementor-widget elementor-widget-image\" data-id=\"8ea2c62\" data-element_type=\"widget\" data-e-type=\"widget\" data-widget_type=\"image.default\">\n\t\t\t\t<div class=\"elementor-widget-container\">\n\t\t\t\t\t\t\t\t\t\t\t\t\t\t\t\t<a href=\"https:\/\/www.tepro.com.tr\/de\/unsere-marken\/t-max-silo\/\">\n\t\t\t\t\t\t\t<img loading=\"lazy\" decoding=\"async\" width=\"200\" height=\"200\" src=\"https:\/\/www.tepro.com.tr\/wp-content\/uploads\/2025\/04\/silo-1.png\" class=\"attachment-full size-full wp-image-988807\" alt=\"\" srcset=\"https:\/\/www.tepro.com.tr\/wp-content\/uploads\/2025\/04\/silo-1.png 200w, https:\/\/www.tepro.com.tr\/wp-content\/uploads\/2025\/04\/silo-1-150x150.png 150w\" sizes=\"(max-width: 200px) 100vw, 200px\" \/>\t\t\t\t\t\t\t\t<\/a>\n\t\t\t\t\t\t\t\t\t\t\t\t\t\t\t<\/div>\n\t\t\t\t<\/div>\n\t\t\t\t<div class=\"elementor-element elementor-element-3b84af9 elementor-widget elementor-widget-image\" data-id=\"3b84af9\" data-element_type=\"widget\" data-e-type=\"widget\" data-widget_type=\"image.default\">\n\t\t\t\t<div class=\"elementor-widget-container\">\n\t\t\t\t\t\t\t\t\t\t\t\t\t\t\t\t<a href=\"https:\/\/www.tepro.com.tr\/de\/unsere-marken\/hamos\/\">\n\t\t\t\t\t\t\t<img loading=\"lazy\" decoding=\"async\" width=\"500\" height=\"500\" src=\"https:\/\/www.tepro.com.tr\/wp-content\/uploads\/2025\/04\/hamos-1.jpg\" class=\"attachment-full size-full wp-image-989299\" alt=\"\" srcset=\"https:\/\/www.tepro.com.tr\/wp-content\/uploads\/2025\/04\/hamos-1.jpg 500w, https:\/\/www.tepro.com.tr\/wp-content\/uploads\/2025\/04\/hamos-1-300x300.jpg 300w, https:\/\/www.tepro.com.tr\/wp-content\/uploads\/2025\/04\/hamos-1-150x150.jpg 150w\" sizes=\"(max-width: 500px) 100vw, 500px\" \/>\t\t\t\t\t\t\t\t<\/a>\n\t\t\t\t\t\t\t\t\t\t\t\t\t\t\t<\/div>\n\t\t\t\t<\/div>\n\t\t\t\t<div class=\"elementor-element elementor-element-55f7ca0 elementor-widget elementor-widget-image\" data-id=\"55f7ca0\" data-element_type=\"widget\" data-e-type=\"widget\" data-widget_type=\"image.default\">\n\t\t\t\t<div class=\"elementor-widget-container\">\n\t\t\t\t\t\t\t\t\t\t\t\t\t\t\t\t<a href=\"https:\/\/www.tepro.com.tr\/de\/unsere-marken\/comac\/\">\n\t\t\t\t\t\t\t<img loading=\"lazy\" decoding=\"async\" width=\"500\" height=\"500\" src=\"https:\/\/www.tepro.com.tr\/wp-content\/uploads\/2025\/04\/comac-1.jpg\" class=\"attachment-full size-full wp-image-989300\" alt=\"\" srcset=\"https:\/\/www.tepro.com.tr\/wp-content\/uploads\/2025\/04\/comac-1.jpg 500w, https:\/\/www.tepro.com.tr\/wp-content\/uploads\/2025\/04\/comac-1-300x300.jpg 300w, https:\/\/www.tepro.com.tr\/wp-content\/uploads\/2025\/04\/comac-1-150x150.jpg 150w\" sizes=\"(max-width: 500px) 100vw, 500px\" \/>\t\t\t\t\t\t\t\t<\/a>\n\t\t\t\t\t\t\t\t\t\t\t\t\t\t\t<\/div>\n\t\t\t\t<\/div>\n\t\t\t\t<div class=\"elementor-element elementor-element-4c11380 elementor-widget elementor-widget-image\" data-id=\"4c11380\" data-element_type=\"widget\" data-e-type=\"widget\" data-widget_type=\"image.default\">\n\t\t\t\t<div class=\"elementor-widget-container\">\n\t\t\t\t\t\t\t\t\t\t\t\t\t\t\t\t<a href=\"https:\/\/www.tepro.com.tr\/de\/unsere-marken\/pelletron\/\">\n\t\t\t\t\t\t\t<img loading=\"lazy\" decoding=\"async\" width=\"500\" height=\"500\" src=\"https:\/\/www.tepro.com.tr\/wp-content\/uploads\/2025\/04\/palletron-1.jpg\" class=\"attachment-full size-full wp-image-989301\" alt=\"\" srcset=\"https:\/\/www.tepro.com.tr\/wp-content\/uploads\/2025\/04\/palletron-1.jpg 500w, https:\/\/www.tepro.com.tr\/wp-content\/uploads\/2025\/04\/palletron-1-300x300.jpg 300w, https:\/\/www.tepro.com.tr\/wp-content\/uploads\/2025\/04\/palletron-1-150x150.jpg 150w\" sizes=\"(max-width: 500px) 100vw, 500px\" \/>\t\t\t\t\t\t\t\t<\/a>\n\t\t\t\t\t\t\t\t\t\t\t\t\t\t\t<\/div>\n\t\t\t\t<\/div>\n\t\t\t\t<div class=\"elementor-element elementor-element-f2839c9 elementor-widget elementor-widget-image\" data-id=\"f2839c9\" data-element_type=\"widget\" data-e-type=\"widget\" data-widget_type=\"image.default\">\n\t\t\t\t<div class=\"elementor-widget-container\">\n\t\t\t\t\t\t\t\t\t\t\t\t\t\t\t\t<a href=\"https:\/\/www.tepro.com.tr\/de\/unsere-marken\/magbo\/\">\n\t\t\t\t\t\t\t<img loading=\"lazy\" decoding=\"async\" width=\"500\" height=\"500\" src=\"https:\/\/www.tepro.com.tr\/wp-content\/uploads\/2025\/04\/magbo-1-1.png\" class=\"attachment-full size-full wp-image-988536\" alt=\"\" srcset=\"https:\/\/www.tepro.com.tr\/wp-content\/uploads\/2025\/04\/magbo-1-1.png 500w, https:\/\/www.tepro.com.tr\/wp-content\/uploads\/2025\/04\/magbo-1-1-300x300.png 300w, https:\/\/www.tepro.com.tr\/wp-content\/uploads\/2025\/04\/magbo-1-1-150x150.png 150w\" sizes=\"(max-width: 500px) 100vw, 500px\" \/>\t\t\t\t\t\t\t\t<\/a>\n\t\t\t\t\t\t\t\t\t\t\t\t\t\t\t<\/div>\n\t\t\t\t<\/div>\n\t\t\t\t<div class=\"elementor-element elementor-element-632091f elementor-widget elementor-widget-image\" data-id=\"632091f\" data-element_type=\"widget\" data-e-type=\"widget\" data-widget_type=\"image.default\">\n\t\t\t\t<div class=\"elementor-widget-container\">\n\t\t\t\t\t\t\t\t\t\t\t\t\t\t\t\t<a href=\"https:\/\/www.tepro.com.tr\/de\/unsere-marken\/tria-plastics\/\">\n\t\t\t\t\t\t\t<img loading=\"lazy\" decoding=\"async\" width=\"500\" height=\"500\" src=\"https:\/\/www.tepro.com.tr\/wp-content\/uploads\/2025\/04\/tria-1.jpg\" class=\"attachment-full size-full wp-image-989303\" alt=\"\" srcset=\"https:\/\/www.tepro.com.tr\/wp-content\/uploads\/2025\/04\/tria-1.jpg 500w, https:\/\/www.tepro.com.tr\/wp-content\/uploads\/2025\/04\/tria-1-300x300.jpg 300w, https:\/\/www.tepro.com.tr\/wp-content\/uploads\/2025\/04\/tria-1-150x150.jpg 150w\" sizes=\"(max-width: 500px) 100vw, 500px\" \/>\t\t\t\t\t\t\t\t<\/a>\n\t\t\t\t\t\t\t\t\t\t\t\t\t\t\t<\/div>\n\t\t\t\t<\/div>\n\t\t\t\t<div class=\"elementor-element elementor-element-241899b elementor-widget elementor-widget-image\" data-id=\"241899b\" data-element_type=\"widget\" data-e-type=\"widget\" data-widget_type=\"image.default\">\n\t\t\t\t<div class=\"elementor-widget-container\">\n\t\t\t\t\t\t\t\t\t\t\t\t\t\t\t\t<a href=\"https:\/\/www.tepro.com.tr\/de\/unsere-marken\/kongskilde\/\">\n\t\t\t\t\t\t\t<img loading=\"lazy\" decoding=\"async\" width=\"500\" height=\"500\" src=\"https:\/\/www.tepro.com.tr\/wp-content\/uploads\/2025\/04\/kongskilde-1.jpg\" class=\"attachment-full size-full wp-image-989307\" alt=\"\" srcset=\"https:\/\/www.tepro.com.tr\/wp-content\/uploads\/2025\/04\/kongskilde-1.jpg 500w, https:\/\/www.tepro.com.tr\/wp-content\/uploads\/2025\/04\/kongskilde-1-300x300.jpg 300w, https:\/\/www.tepro.com.tr\/wp-content\/uploads\/2025\/04\/kongskilde-1-150x150.jpg 150w\" sizes=\"(max-width: 500px) 100vw, 500px\" \/>\t\t\t\t\t\t\t\t<\/a>\n\t\t\t\t\t\t\t\t\t\t\t\t\t\t\t<\/div>\n\t\t\t\t<\/div>\n\t\t\t\t\t<\/div>\n\t\t\t\t<\/div>\n\t\t\t\t<\/div>\n\t\t","protected":false},"excerpt":{"rendered":"<p>Die Krauss Maffei TechCenter Days, die am 2. und 3. April in M\u00fcnchen stattfanden, wurden erfolgreich abgeschlossen. Bei diesem besonderen Treffen freuten wir uns, unsere neuesten Technologien und Sondermaschinen unseren Teilnehmern vorstellen zu d\u00fcrfen. Pr\u00e4sentationen zu ColorForm, DCIM, FiberForm, CellForm, SilcoSet, Sandwich-Prozessen und weiteren digitalen L\u00f6sungen fanden gro\u00dfes Interesse. Zudem wurden pers\u00f6nliche Gespr\u00e4che mit unseren&#8230;<\/p>\n","protected":false},"author":1,"featured_media":998509,"parent":998506,"menu_order":0,"comment_status":"closed","ping_status":"closed","template":"","meta":{"footnotes":""},"class_list":["post-998508","page","type-page","status-publish","has-post-thumbnail","hentry"],"aioseo_notices":[],"_links":{"self":[{"href":"https:\/\/www.tepro.com.tr\/de\/wp-json\/wp\/v2\/pages\/998508","targetHints":{"allow":["GET"]}}],"collection":[{"href":"https:\/\/www.tepro.com.tr\/de\/wp-json\/wp\/v2\/pages"}],"about":[{"href":"https:\/\/www.tepro.com.tr\/de\/wp-json\/wp\/v2\/types\/page"}],"author":[{"embeddable":true,"href":"https:\/\/www.tepro.com.tr\/de\/wp-json\/wp\/v2\/users\/1"}],"replies":[{"embeddable":true,"href":"https:\/\/www.tepro.com.tr\/de\/wp-json\/wp\/v2\/comments?post=998508"}],"version-history":[{"count":0,"href":"https:\/\/www.tepro.com.tr\/de\/wp-json\/wp\/v2\/pages\/998508\/revisions"}],"up":[{"embeddable":true,"href":"https:\/\/www.tepro.com.tr\/de\/wp-json\/wp\/v2\/pages\/998506"}],"wp:featuredmedia":[{"embeddable":true,"href":"https:\/\/www.tepro.com.tr\/de\/wp-json\/wp\/v2\/media\/998509"}],"wp:attachment":[{"href":"https:\/\/www.tepro.com.tr\/de\/wp-json\/wp\/v2\/media?parent=998508"}],"curies":[{"name":"wp","href":"https:\/\/api.w.org\/{rel}","templated":true}]}}