{"id":998504,"date":"2023-07-31T12:46:30","date_gmt":"2023-07-31T09:46:30","guid":{"rendered":"https:\/\/www.tepro.com.tr\/cevre-politikamiz\/"},"modified":"2025-07-29T14:50:55","modified_gmt":"2025-07-29T11:50:55","slug":"cevre-politikamiz","status":"publish","type":"page","link":"https:\/\/www.tepro.com.tr\/de\/cevre-politikamiz\/","title":{"rendered":"Unsere Umweltpolitik"},"content":{"rendered":"\t\t<div data-elementor-type=\"wp-page\" data-elementor-id=\"998504\" class=\"elementor elementor-998504\" data-elementor-post-type=\"page\">\n\t\t\t\t\t\t<section class=\"elementor-section elementor-top-section elementor-element elementor-element-43ced3f elementor-section-boxed elementor-section-height-default elementor-section-height-default\" data-id=\"43ced3f\" data-element_type=\"section\" data-e-type=\"section\">\n\t\t\t\t\t\t<div class=\"elementor-container elementor-column-gap-no\">\n\t\t\t\t\t<div class=\"elementor-column elementor-col-50 elementor-top-column elementor-element elementor-element-8665582\" data-id=\"8665582\" data-element_type=\"column\" data-e-type=\"column\" data-settings=\"{&quot;background_background&quot;:&quot;classic&quot;,&quot;background_motion_fx_motion_fx_scrolling&quot;:&quot;yes&quot;,&quot;background_motion_fx_scale_effect&quot;:&quot;yes&quot;,&quot;background_motion_fx_scale_speed&quot;:{&quot;unit&quot;:&quot;px&quot;,&quot;size&quot;:2,&quot;sizes&quot;:[]},&quot;background_motion_fx_devices&quot;:[&quot;desktop&quot;],&quot;background_motion_fx_scale_direction&quot;:&quot;out-in&quot;,&quot;background_motion_fx_scale_range&quot;:{&quot;unit&quot;:&quot;%&quot;,&quot;size&quot;:&quot;&quot;,&quot;sizes&quot;:{&quot;start&quot;:20,&quot;end&quot;:80}}}\">\n\t\t\t<div class=\"elementor-widget-wrap elementor-element-populated\">\n\t\t\t\t\t\t<div class=\"elementor-element elementor-element-bf94b0f elementor-widget elementor-widget-spacer\" data-id=\"bf94b0f\" data-element_type=\"widget\" data-e-type=\"widget\" data-widget_type=\"spacer.default\">\n\t\t\t\t<div class=\"elementor-widget-container\">\n\t\t\t\t\t\t\t<div class=\"elementor-spacer\">\n\t\t\t<div class=\"elementor-spacer-inner\"><\/div>\n\t\t<\/div>\n\t\t\t\t\t\t<\/div>\n\t\t\t\t<\/div>\n\t\t\t\t\t<\/div>\n\t\t<\/div>\n\t\t\t\t<div class=\"elementor-column elementor-col-50 elementor-top-column elementor-element elementor-element-da6325c\" data-id=\"da6325c\" data-element_type=\"column\" data-e-type=\"column\" data-settings=\"{&quot;background_background&quot;:&quot;classic&quot;}\">\n\t\t\t<div class=\"elementor-widget-wrap elementor-element-populated\">\n\t\t\t\t\t\t<section class=\"elementor-section elementor-inner-section elementor-element elementor-element-098c34d elementor-section-full_width elementor-section-height-default elementor-section-height-default\" data-id=\"098c34d\" data-element_type=\"section\" data-e-type=\"section\">\n\t\t\t\t\t\t<div class=\"elementor-container elementor-column-gap-no\">\n\t\t\t\t\t<div class=\"elementor-column elementor-col-100 elementor-inner-column elementor-element elementor-element-ddf2c61\" data-id=\"ddf2c61\" data-element_type=\"column\" data-e-type=\"column\">\n\t\t\t<div class=\"elementor-widget-wrap elementor-element-populated\">\n\t\t\t\t\t\t<div class=\"elementor-element elementor-element-dbdb534 elementor-widget elementor-widget-heading\" data-id=\"dbdb534\" data-element_type=\"widget\" data-e-type=\"widget\" data-widget_type=\"heading.default\">\n\t\t\t\t<div class=\"elementor-widget-container\">\n\t\t\t\t\t<h2 class=\"elementor-heading-title elementor-size-default\">Empfindsame Schritte f\u00fcr eine lebenswerte Welt<\/h2>\t\t\t\t<\/div>\n\t\t\t\t<\/div>\n\t\t\t\t<div class=\"vamtam-has-theme-widget-styles elementor-element elementor-element-8a2d31e elementor-widget elementor-widget-text-editor\" data-id=\"8a2d31e\" data-element_type=\"widget\" data-e-type=\"widget\" data-widget_type=\"text-editor.default\">\n\t\t\t\t<div class=\"elementor-widget-container\">\n\t\t\t\t\t\t\t\t\t<p class=\"p1\">Als TEPRO betrachten wir ein umweltbewusstes Gesch\u00e4ftsverst\u00e4ndnis nicht nur als Wahl, sondern als unternehmerische Verantwortung. Wir planen all unsere Aktivit\u00e4ten so, dass die Umweltauswirkungen minimiert werden und legen gro\u00dfen Wert auf eine effiziente Nutzung nat\u00fcrlicher Ressourcen. Mit unserem nachhaltigkeitsorientierten Ansatz arbeiten wir daran, zuk\u00fcnftigen Generationen eine lebenswerte Welt zu hinterlassen, und machen umweltfreundliche Technologien und Prozesse zu einem integralen Bestandteil unserer Arbeit.<\/p>\t\t\t\t\t\t\t\t<\/div>\n\t\t\t\t<\/div>\n\t\t\t\t\t<\/div>\n\t\t<\/div>\n\t\t\t\t\t<\/div>\n\t\t<\/section>\n\t\t\t\t\t<\/div>\n\t\t<\/div>\n\t\t\t\t\t<\/div>\n\t\t<\/section>\n\t\t\t\t<\/div>\n\t\t","protected":false},"excerpt":{"rendered":"<p>Empfindsame Schritte f\u00fcr eine lebenswerte Welt Als TEPRO betrachten wir ein umweltbewusstes Gesch\u00e4ftsverst\u00e4ndnis nicht nur als Wahl, sondern als unternehmerische Verantwortung. Wir planen all unsere Aktivit\u00e4ten so, dass die Umweltauswirkungen minimiert werden und legen gro\u00dfen Wert auf eine effiziente Nutzung nat\u00fcrlicher Ressourcen. Mit unserem nachhaltigkeitsorientierten Ansatz arbeiten wir daran, zuk\u00fcnftigen Generationen eine lebenswerte Welt zu&#8230;<\/p>\n","protected":false},"author":1,"featured_media":998505,"parent":0,"menu_order":0,"comment_status":"closed","ping_status":"closed","template":"","meta":{"footnotes":""},"class_list":["post-998504","page","type-page","status-publish","has-post-thumbnail","hentry"],"aioseo_notices":[],"aioseo_head":"\n\t\t<!-- All in One SEO Pro 4.9.6.2 - aioseo.com -->\n\t<meta name=\"description\" content=\"TEPRO konzentriert sich auf Energieeffizienz, Abfallmanagement und nachhaltige L\u00f6sungen mit einem umweltbewussten Produktionsansatz.\" \/>\n\t<meta name=\"robots\" content=\"max-image-preview:large\" \/>\n\t<link rel=\"canonical\" href=\"https:\/\/www.tepro.com.tr\/de\/cevre-politikamiz\/\" \/>\n\t<meta name=\"generator\" content=\"All in One SEO Pro (AIOSEO) 4.9.6.2\" \/>\n\t\t<meta property=\"og:locale\" content=\"de_DE\" \/>\n\t\t<meta property=\"og:site_name\" content=\"TEPRO - Makine ve Otomasyon Sistemleri\" \/>\n\t\t<meta property=\"og:type\" content=\"article\" \/>\n\t\t<meta property=\"og:title\" content=\"Unsere Umweltpolitik | Nachhaltige Vision TEPRO\" \/>\n\t\t<meta property=\"og:description\" content=\"TEPRO konzentriert sich auf Energieeffizienz, Abfallmanagement und nachhaltige L\u00f6sungen mit einem umweltbewussten Produktionsansatz.\" \/>\n\t\t<meta property=\"og:url\" content=\"https:\/\/www.tepro.com.tr\/de\/cevre-politikamiz\/\" \/>\n\t\t<meta property=\"og:image\" content=\"https:\/\/www.tepro.com.tr\/wp-content\/uploads\/2025\/04\/tepro-logo-2.png\" \/>\n\t\t<meta property=\"og:image:secure_url\" content=\"https:\/\/www.tepro.com.tr\/wp-content\/uploads\/2025\/04\/tepro-logo-2.png\" \/>\n\t\t<meta property=\"article:published_time\" content=\"2023-07-31T09:46:30+00:00\" \/>\n\t\t<meta property=\"article:modified_time\" content=\"2025-07-29T11:50:55+00:00\" \/>\n\t\t<meta name=\"twitter:card\" content=\"summary_large_image\" \/>\n\t\t<meta name=\"twitter:title\" content=\"Unsere Umweltpolitik | Nachhaltige Vision TEPRO\" \/>\n\t\t<meta name=\"twitter:description\" content=\"TEPRO konzentriert sich auf Energieeffizienz, Abfallmanagement und nachhaltige L\u00f6sungen mit einem umweltbewussten Produktionsansatz.\" \/>\n\t\t<meta name=\"twitter:image\" content=\"https:\/\/www.tepro.com.tr\/wp-content\/uploads\/2025\/04\/tepro-logo-2.png\" \/>\n\t\t<script type=\"application\/ld+json\" class=\"aioseo-schema\">\n\t\t\t{\"@context\":\"https:\\\/\\\/schema.org\",\"@graph\":[{\"@type\":\"BreadcrumbList\",\"@id\":\"https:\\\/\\\/www.tepro.com.tr\\\/de\\\/cevre-politikamiz\\\/#breadcrumblist\",\"itemListElement\":[{\"@type\":\"ListItem\",\"@id\":\"https:\\\/\\\/www.tepro.com.tr\\\/de\\\/#listItem\",\"position\":1,\"name\":\"Home\",\"item\":\"https:\\\/\\\/www.tepro.com.tr\\\/de\\\/\",\"nextItem\":{\"@type\":\"ListItem\",\"@id\":\"https:\\\/\\\/www.tepro.com.tr\\\/de\\\/cevre-politikamiz\\\/#listItem\",\"name\":\"Unsere Umweltpolitik\"}},{\"@type\":\"ListItem\",\"@id\":\"https:\\\/\\\/www.tepro.com.tr\\\/de\\\/cevre-politikamiz\\\/#listItem\",\"position\":2,\"name\":\"Unsere Umweltpolitik\",\"previousItem\":{\"@type\":\"ListItem\",\"@id\":\"https:\\\/\\\/www.tepro.com.tr\\\/de\\\/#listItem\",\"name\":\"Home\"}}]},{\"@type\":\"Organization\",\"@id\":\"https:\\\/\\\/www.tepro.com.tr\\\/de\\\/#organization\",\"name\":\"TEPRO\",\"description\":\"Makine ve Otomasyon Sistemleri\",\"url\":\"https:\\\/\\\/www.tepro.com.tr\\\/de\\\/\",\"telephone\":\"+902167092600\",\"logo\":{\"@type\":\"ImageObject\",\"url\":\"https:\\\/\\\/www.tepro.com.tr\\\/wp-content\\\/uploads\\\/2025\\\/04\\\/tepro-logo-2.png\",\"@id\":\"https:\\\/\\\/www.tepro.com.tr\\\/de\\\/cevre-politikamiz\\\/#organizationLogo\",\"width\":283,\"height\":103},\"image\":{\"@id\":\"https:\\\/\\\/www.tepro.com.tr\\\/de\\\/cevre-politikamiz\\\/#organizationLogo\"}},{\"@type\":\"WebPage\",\"@id\":\"https:\\\/\\\/www.tepro.com.tr\\\/de\\\/cevre-politikamiz\\\/#webpage\",\"url\":\"https:\\\/\\\/www.tepro.com.tr\\\/de\\\/cevre-politikamiz\\\/\",\"name\":\"Unsere Umweltpolitik | Nachhaltige Vision TEPRO\",\"description\":\"TEPRO konzentriert sich auf Energieeffizienz, Abfallmanagement und nachhaltige L\\u00f6sungen mit einem umweltbewussten Produktionsansatz.\",\"inLanguage\":\"de-DE\",\"isPartOf\":{\"@id\":\"https:\\\/\\\/www.tepro.com.tr\\\/de\\\/#website\"},\"breadcrumb\":{\"@id\":\"https:\\\/\\\/www.tepro.com.tr\\\/de\\\/cevre-politikamiz\\\/#breadcrumblist\"},\"image\":{\"@type\":\"ImageObject\",\"url\":\"https:\\\/\\\/www.tepro.com.tr\\\/wp-content\\\/uploads\\\/2025\\\/04\\\/cevre-1.jpg\",\"@id\":\"https:\\\/\\\/www.tepro.com.tr\\\/de\\\/cevre-politikamiz\\\/#mainImage\",\"width\":2560,\"height\":738},\"primaryImageOfPage\":{\"@id\":\"https:\\\/\\\/www.tepro.com.tr\\\/de\\\/cevre-politikamiz\\\/#mainImage\"},\"datePublished\":\"2023-07-31T12:46:30+03:00\",\"dateModified\":\"2025-07-29T14:50:55+03:00\"},{\"@type\":\"WebSite\",\"@id\":\"https:\\\/\\\/www.tepro.com.tr\\\/de\\\/#website\",\"url\":\"https:\\\/\\\/www.tepro.com.tr\\\/de\\\/\",\"name\":\"TEPRO\",\"description\":\"Makine ve Otomasyon Sistemleri\",\"inLanguage\":\"de-DE\",\"publisher\":{\"@id\":\"https:\\\/\\\/www.tepro.com.tr\\\/de\\\/#organization\"}}]}\n\t\t<\/script>\n\t\t<!-- All in One SEO Pro -->\r\n\t\t<title>Unsere Umweltpolitik | Nachhaltige Vision TEPRO<\/title>\n\n","aioseo_head_json":{"title":"Unsere Umweltpolitik | Nachhaltige Vision TEPRO","description":"TEPRO konzentriert sich auf Energieeffizienz, Abfallmanagement und nachhaltige L\u00f6sungen mit einem umweltbewussten Produktionsansatz.","canonical_url":"https:\/\/www.tepro.com.tr\/de\/cevre-politikamiz\/","robots":"max-image-preview:large","keywords":"","webmasterTools":{"miscellaneous":""},"schema":{"@context":"https:\/\/schema.org","@graph":[{"@type":"BreadcrumbList","@id":"https:\/\/www.tepro.com.tr\/de\/cevre-politikamiz\/#breadcrumblist","itemListElement":[{"@type":"ListItem","@id":"https:\/\/www.tepro.com.tr\/de\/#listItem","position":1,"name":"Home","item":"https:\/\/www.tepro.com.tr\/de\/","nextItem":{"@type":"ListItem","@id":"https:\/\/www.tepro.com.tr\/de\/cevre-politikamiz\/#listItem","name":"Unsere Umweltpolitik"}},{"@type":"ListItem","@id":"https:\/\/www.tepro.com.tr\/de\/cevre-politikamiz\/#listItem","position":2,"name":"Unsere Umweltpolitik","previousItem":{"@type":"ListItem","@id":"https:\/\/www.tepro.com.tr\/de\/#listItem","name":"Home"}}]},{"@type":"Organization","@id":"https:\/\/www.tepro.com.tr\/de\/#organization","name":"TEPRO","description":"Makine ve Otomasyon Sistemleri","url":"https:\/\/www.tepro.com.tr\/de\/","telephone":"+902167092600","logo":{"@type":"ImageObject","url":"https:\/\/www.tepro.com.tr\/wp-content\/uploads\/2025\/04\/tepro-logo-2.png","@id":"https:\/\/www.tepro.com.tr\/de\/cevre-politikamiz\/#organizationLogo","width":283,"height":103},"image":{"@id":"https:\/\/www.tepro.com.tr\/de\/cevre-politikamiz\/#organizationLogo"}},{"@type":"WebPage","@id":"https:\/\/www.tepro.com.tr\/de\/cevre-politikamiz\/#webpage","url":"https:\/\/www.tepro.com.tr\/de\/cevre-politikamiz\/","name":"Unsere Umweltpolitik | Nachhaltige Vision TEPRO","description":"TEPRO konzentriert sich auf Energieeffizienz, Abfallmanagement und nachhaltige L\u00f6sungen mit einem umweltbewussten Produktionsansatz.","inLanguage":"de-DE","isPartOf":{"@id":"https:\/\/www.tepro.com.tr\/de\/#website"},"breadcrumb":{"@id":"https:\/\/www.tepro.com.tr\/de\/cevre-politikamiz\/#breadcrumblist"},"image":{"@type":"ImageObject","url":"https:\/\/www.tepro.com.tr\/wp-content\/uploads\/2025\/04\/cevre-1.jpg","@id":"https:\/\/www.tepro.com.tr\/de\/cevre-politikamiz\/#mainImage","width":2560,"height":738},"primaryImageOfPage":{"@id":"https:\/\/www.tepro.com.tr\/de\/cevre-politikamiz\/#mainImage"},"datePublished":"2023-07-31T12:46:30+03:00","dateModified":"2025-07-29T14:50:55+03:00"},{"@type":"WebSite","@id":"https:\/\/www.tepro.com.tr\/de\/#website","url":"https:\/\/www.tepro.com.tr\/de\/","name":"TEPRO","description":"Makine ve Otomasyon Sistemleri","inLanguage":"de-DE","publisher":{"@id":"https:\/\/www.tepro.com.tr\/de\/#organization"}}]},"og:locale":"de_DE","og:site_name":"TEPRO - Makine ve Otomasyon Sistemleri","og:type":"article","og:title":"Unsere Umweltpolitik | Nachhaltige Vision TEPRO","og:description":"TEPRO konzentriert sich auf Energieeffizienz, Abfallmanagement und nachhaltige L\u00f6sungen mit einem umweltbewussten Produktionsansatz.","og:url":"https:\/\/www.tepro.com.tr\/de\/cevre-politikamiz\/","og:image":"https:\/\/www.tepro.com.tr\/wp-content\/uploads\/2025\/04\/tepro-logo-2.png","og:image:secure_url":"https:\/\/www.tepro.com.tr\/wp-content\/uploads\/2025\/04\/tepro-logo-2.png","article:published_time":"2023-07-31T09:46:30+00:00","article:modified_time":"2025-07-29T11:50:55+00:00","twitter:card":"summary_large_image","twitter:title":"Unsere Umweltpolitik | Nachhaltige Vision TEPRO","twitter:description":"TEPRO konzentriert sich auf Energieeffizienz, Abfallmanagement und nachhaltige L\u00f6sungen mit einem umweltbewussten Produktionsansatz.","twitter:image":"https:\/\/www.tepro.com.tr\/wp-content\/uploads\/2025\/04\/tepro-logo-2.png"},"aioseo_meta_data":{"post_id":"998504","title":"Unsere Umweltpolitik | Nachhaltige Vision TEPRO","description":"TEPRO konzentriert sich auf Energieeffizienz, Abfallmanagement und nachhaltige L\u00f6sungen mit einem umweltbewussten Produktionsansatz.","keywords":null,"keyphrases":{"focus":{"keyphrase":"","score":0,"analysis":{"keyphraseInTitle":{"score":0,"maxScore":9,"error":1}}},"additional":[]},"primary_term":null,"canonical_url":null,"og_title":"Unsere Umweltpolitik | Nachhaltige Vision TEPRO","og_description":"TEPRO konzentriert sich auf Energieeffizienz, Abfallmanagement und nachhaltige L\u00f6sungen mit einem umweltbewussten Produktionsansatz.","og_object_type":"default","og_image_type":"default","og_image_url":null,"og_image_width":null,"og_image_height":null,"og_image_custom_url":null,"og_image_custom_fields":null,"og_video":"","og_custom_url":null,"og_article_section":null,"og_article_tags":null,"twitter_use_og":false,"twitter_card":"default","twitter_image_type":"default","twitter_image_url":null,"twitter_image_custom_url":null,"twitter_image_custom_fields":null,"twitter_title":"Unsere Umweltpolitik | Nachhaltige Vision TEPRO","twitter_description":"TEPRO konzentriert sich auf Energieeffizienz, Abfallmanagement und nachhaltige L\u00f6sungen mit einem umweltbewussten Produktionsansatz.","schema":{"blockGraphs":[],"customGraphs":[],"default":{"data":{"Article":[],"Course":[],"Dataset":[],"FAQPage":[],"Movie":[],"Person":[],"Product":[],"ProductReview":[],"Car":[],"Recipe":[],"Service":[],"SoftwareApplication":[],"WebPage":[]},"graphName":"WebPage","isEnabled":true},"graphs":[]},"schema_type":"default","schema_type_options":null,"pillar_content":false,"robots_default":true,"robots_noindex":false,"robots_noarchive":false,"robots_nosnippet":false,"robots_nofollow":false,"robots_noimageindex":false,"robots_noodp":false,"robots_notranslate":false,"robots_max_snippet":"-1","robots_max_videopreview":"-1","robots_max_imagepreview":"large","priority":null,"frequency":"default","local_seo":null,"seo_analyzer_scan_date":"2025-08-18 08:16:11","breadcrumb_settings":null,"limit_modified_date":false,"open_ai":null,"ai":{"faqs":[],"keyPoints":[],"titles":[],"descriptions":[],"socialPosts":{"email":[],"linkedin":[],"twitter":[],"facebook":[],"instagram":[]}},"created":"2025-07-29 10:56:13","updated":"2025-11-16 18:17:10"},"aioseo_breadcrumb":"<div class=\"aioseo-breadcrumbs\"><span class=\"aioseo-breadcrumb\">\n\t<a href=\"https:\/\/www.tepro.com.tr\/de\/\" title=\"Home\">Home<\/a>\n<\/span><span class=\"aioseo-breadcrumb-separator\">&raquo;<\/span><span class=\"aioseo-breadcrumb\">\n\tUnsere Umweltpolitik\n<\/span><\/div>","aioseo_breadcrumb_json":[{"label":"Home","link":"https:\/\/www.tepro.com.tr\/de\/"},{"label":"Unsere Umweltpolitik","link":"https:\/\/www.tepro.com.tr\/de\/cevre-politikamiz\/"}],"_links":{"self":[{"href":"https:\/\/www.tepro.com.tr\/de\/wp-json\/wp\/v2\/pages\/998504","targetHints":{"allow":["GET"]}}],"collection":[{"href":"https:\/\/www.tepro.com.tr\/de\/wp-json\/wp\/v2\/pages"}],"about":[{"href":"https:\/\/www.tepro.com.tr\/de\/wp-json\/wp\/v2\/types\/page"}],"author":[{"embeddable":true,"href":"https:\/\/www.tepro.com.tr\/de\/wp-json\/wp\/v2\/users\/1"}],"replies":[{"embeddable":true,"href":"https:\/\/www.tepro.com.tr\/de\/wp-json\/wp\/v2\/comments?post=998504"}],"version-history":[{"count":0,"href":"https:\/\/www.tepro.com.tr\/de\/wp-json\/wp\/v2\/pages\/998504\/revisions"}],"wp:featuredmedia":[{"embeddable":true,"href":"https:\/\/www.tepro.com.tr\/de\/wp-json\/wp\/v2\/media\/998505"}],"wp:attachment":[{"href":"https:\/\/www.tepro.com.tr\/de\/wp-json\/wp\/v2\/media?parent=998504"}],"curies":[{"name":"wp","href":"https:\/\/api.w.org\/{rel}","templated":true}]}}