{"id":998503,"date":"2025-05-06T12:42:13","date_gmt":"2025-05-06T09:42:13","guid":{"rendered":"https:\/\/www.tepro.com.tr\/cerez-politikasi\/"},"modified":"2025-07-29T14:49:33","modified_gmt":"2025-07-29T11:49:33","slug":"cerez-politikasi","status":"publish","type":"page","link":"https:\/\/www.tepro.com.tr\/de\/cerez-politikasi\/","title":{"rendered":"Cookie-Richtlinie"},"content":{"rendered":"\t\t<div data-elementor-type=\"wp-page\" data-elementor-id=\"998503\" class=\"elementor elementor-998503\" data-elementor-post-type=\"page\">\n\t\t\t\t\t\t<section class=\"elementor-section elementor-top-section elementor-element elementor-element-235c714 elementor-section-height-min-height elementor-section-items-stretch elementor-section-full_width elementor-section-height-default\" data-id=\"235c714\" data-element_type=\"section\" data-e-type=\"section\" data-settings=\"{&quot;background_motion_fx_scale_effect&quot;:&quot;yes&quot;,&quot;background_motion_fx_scale_speed&quot;:{&quot;unit&quot;:&quot;px&quot;,&quot;size&quot;:2,&quot;sizes&quot;:[]},&quot;background_motion_fx_scale_range&quot;:{&quot;unit&quot;:&quot;%&quot;,&quot;size&quot;:&quot;&quot;,&quot;sizes&quot;:{&quot;start&quot;:31,&quot;end&quot;:100}},&quot;background_motion_fx_devices&quot;:[&quot;desktop&quot;],&quot;background_motion_fx_scale_direction&quot;:&quot;out-in&quot;}\">\n\t\t\t\t\t\t<div class=\"elementor-container elementor-column-gap-no\">\n\t\t\t\t\t<div class=\"elementor-column elementor-col-100 elementor-top-column elementor-element elementor-element-e0c0221\" data-id=\"e0c0221\" data-element_type=\"column\" data-e-type=\"column\" data-settings=\"{&quot;background_motion_fx_devices&quot;:[&quot;desktop&quot;]}\">\n\t\t\t<div class=\"elementor-widget-wrap elementor-element-populated\">\n\t\t\t\t\t\t<section class=\"elementor-section elementor-inner-section elementor-element elementor-element-3602ffe elementor-section-boxed elementor-section-height-default elementor-section-height-default\" data-id=\"3602ffe\" data-element_type=\"section\" data-e-type=\"section\" data-settings=\"{&quot;background_background&quot;:&quot;gradient&quot;}\">\n\t\t\t\t\t\t<div class=\"elementor-container elementor-column-gap-no\">\n\t\t\t\t\t<div class=\"elementor-column elementor-col-100 elementor-inner-column elementor-element elementor-element-e069b26\" data-id=\"e069b26\" data-element_type=\"column\" data-e-type=\"column\">\n\t\t\t<div class=\"elementor-widget-wrap elementor-element-populated\">\n\t\t\t\t\t\t<div class=\"elementor-element elementor-element-151ffb8 e-transform elementor-absolute elementor-hidden-mobile elementor-widget-divider--view-line elementor-widget elementor-widget-divider\" data-id=\"151ffb8\" data-element_type=\"widget\" data-e-type=\"widget\" data-settings=\"{&quot;_transform_rotateZ_effect&quot;:{&quot;unit&quot;:&quot;px&quot;,&quot;size&quot;:90,&quot;sizes&quot;:[]},&quot;_position&quot;:&quot;absolute&quot;,&quot;_transform_rotateZ_effect_tablet&quot;:{&quot;unit&quot;:&quot;deg&quot;,&quot;size&quot;:&quot;&quot;,&quot;sizes&quot;:[]},&quot;_transform_rotateZ_effect_mobile&quot;:{&quot;unit&quot;:&quot;deg&quot;,&quot;size&quot;:&quot;&quot;,&quot;sizes&quot;:[]}}\" data-widget_type=\"divider.default\">\n\t\t\t\t<div class=\"elementor-widget-container\">\n\t\t\t\t\t\t\t<div class=\"elementor-divider\">\n\t\t\t<span class=\"elementor-divider-separator\">\n\t\t\t\t\t\t<\/span>\n\t\t<\/div>\n\t\t\t\t\t\t<\/div>\n\t\t\t\t<\/div>\n\t\t\t\t<div class=\"elementor-element elementor-element-a1bc80a e-transform elementor-absolute elementor-hidden-mobile elementor-widget-divider--view-line elementor-widget elementor-widget-divider\" data-id=\"a1bc80a\" data-element_type=\"widget\" data-e-type=\"widget\" data-settings=\"{&quot;_transform_rotateZ_effect&quot;:{&quot;unit&quot;:&quot;px&quot;,&quot;size&quot;:90,&quot;sizes&quot;:[]},&quot;_position&quot;:&quot;absolute&quot;,&quot;_transform_rotateZ_effect_tablet&quot;:{&quot;unit&quot;:&quot;deg&quot;,&quot;size&quot;:&quot;&quot;,&quot;sizes&quot;:[]},&quot;_transform_rotateZ_effect_mobile&quot;:{&quot;unit&quot;:&quot;deg&quot;,&quot;size&quot;:&quot;&quot;,&quot;sizes&quot;:[]}}\" data-widget_type=\"divider.default\">\n\t\t\t\t<div class=\"elementor-widget-container\">\n\t\t\t\t\t\t\t<div class=\"elementor-divider\">\n\t\t\t<span class=\"elementor-divider-separator\">\n\t\t\t\t\t\t<\/span>\n\t\t<\/div>\n\t\t\t\t\t\t<\/div>\n\t\t\t\t<\/div>\n\t\t\t\t<div class=\"elementor-element elementor-element-bdaeca1 elementor-widget elementor-widget-spacer\" data-id=\"bdaeca1\" data-element_type=\"widget\" data-e-type=\"widget\" data-widget_type=\"spacer.default\">\n\t\t\t\t<div class=\"elementor-widget-container\">\n\t\t\t\t\t\t\t<div class=\"elementor-spacer\">\n\t\t\t<div class=\"elementor-spacer-inner\"><\/div>\n\t\t<\/div>\n\t\t\t\t\t\t<\/div>\n\t\t\t\t<\/div>\n\t\t\t\t<div class=\"elementor-element elementor-element-174fe21 elementor-widget__width-initial elementor-invisible elementor-widget elementor-widget-heading\" data-id=\"174fe21\" data-element_type=\"widget\" data-e-type=\"widget\" data-settings=\"{&quot;_animation&quot;:&quot;fadeIn&quot;,&quot;_animation_tablet&quot;:&quot;none&quot;,&quot;_animation_delay&quot;:300}\" data-widget_type=\"heading.default\">\n\t\t\t\t<div class=\"elementor-widget-container\">\n\t\t\t\t\t<h1 class=\"elementor-heading-title elementor-size-default\">Cookie-Richtlinie<\/h1>\t\t\t\t<\/div>\n\t\t\t\t<\/div>\n\t\t\t\t<div class=\"elementor-element elementor-element-ed25108 elementor-hidden-mobile elementor-widget elementor-widget-spacer\" data-id=\"ed25108\" data-element_type=\"widget\" data-e-type=\"widget\" data-widget_type=\"spacer.default\">\n\t\t\t\t<div class=\"elementor-widget-container\">\n\t\t\t\t\t\t\t<div class=\"elementor-spacer\">\n\t\t\t<div class=\"elementor-spacer-inner\"><\/div>\n\t\t<\/div>\n\t\t\t\t\t\t<\/div>\n\t\t\t\t<\/div>\n\t\t\t\t\t<\/div>\n\t\t<\/div>\n\t\t\t\t\t<\/div>\n\t\t<\/section>\n\t\t\t\t\t<\/div>\n\t\t<\/div>\n\t\t\t\t\t<\/div>\n\t\t<\/section>\n\t\t\t\t<section class=\"elementor-section elementor-top-section elementor-element elementor-element-96e86db elementor-section-boxed elementor-section-height-default elementor-section-height-default\" data-id=\"96e86db\" data-element_type=\"section\" data-e-type=\"section\">\n\t\t\t\t\t\t<div class=\"elementor-container elementor-column-gap-no\">\n\t\t\t\t\t<div class=\"elementor-column elementor-col-100 elementor-top-column elementor-element elementor-element-00657ac\" data-id=\"00657ac\" data-element_type=\"column\" data-e-type=\"column\">\n\t\t\t<div class=\"elementor-widget-wrap elementor-element-populated\">\n\t\t\t\t\t\t<div class=\"vamtam-has-theme-widget-styles elementor-element elementor-element-543d0e0 elementor-widget elementor-widget-text-editor\" data-id=\"543d0e0\" data-element_type=\"widget\" data-e-type=\"widget\" data-widget_type=\"text-editor.default\">\n\t\t\t\t<div class=\"elementor-widget-container\">\n\t\t\t\t\t\t\t\t\t<p class=\"p1\">Beim Besuch unserer Website nutzen wir Cookies, um die Benutzererfahrung zu verbessern und den Website-Verkehr zu analysieren.<\/p><p class=\"p2\">\u00a0<\/p><ol start=\"1\"><li><p class=\"p1\">Was sind Cookies?<\/p><p class=\"p1\">Cookies sind kleine Textdateien, die von den besuchten Websites in Ihrem Browser gespeichert werden. Sie helfen uns, Sie zu erkennen und durch die Analyse Ihrer Nutzungsgewohnheiten die Qualit\u00e4t unserer Dienste zu verbessern.<\/p><\/li><li><p class=\"p1\">Welche Arten von Cookies werden verwendet?<\/p><p class=\"p1\">Pflicht-Cookies: Gew\u00e4hrleisten die grundlegenden Funktionen der Website.<\/p><\/li><\/ol><p>\u00a0<\/p><p class=\"p1\">Performance- und Analyse-Cookies: Sammeln statistische Daten zur Nutzung der Website.<\/p><p class=\"p1\">Funktionale Cookies: Erinnern sich an Benutzerpr\u00e4ferenzen und passen das Nutzererlebnis an.<\/p><p class=\"p2\">\u00a0<\/p><ol start=\"3\"><li><p class=\"p1\">Ablehnung von Cookies<\/p><p class=\"p1\">Sie k\u00f6nnen Cookies \u00fcber die Einstellungen Ihres Browsers ablehnen oder bereits gespeicherte Cookies l\u00f6schen. Bitte beachten Sie, dass einige Funktionen der Website dann m\u00f6glicherweise nicht richtig funktionieren.<\/p><\/li><\/ol><p>\u00a0<\/p>\t\t\t\t\t\t\t\t<\/div>\n\t\t\t\t<\/div>\n\t\t\t\t\t<\/div>\n\t\t<\/div>\n\t\t\t\t\t<\/div>\n\t\t<\/section>\n\t\t\t\t<\/div>\n\t\t","protected":false},"excerpt":{"rendered":"<p>Beim Besuch unserer Website nutzen wir Cookies, um die Benutzererfahrung zu verbessern und den Website-Verkehr zu analysieren. \u00a0 Was sind Cookies? Cookies sind kleine Textdateien, die von den besuchten Websites in Ihrem Browser gespeichert werden. Sie helfen uns, Sie zu erkennen und durch die Analyse Ihrer Nutzungsgewohnheiten die Qualit\u00e4t unserer Dienste zu verbessern. Welche Arten&#8230;<\/p>\n","protected":false},"author":1,"featured_media":0,"parent":0,"menu_order":0,"comment_status":"closed","ping_status":"closed","template":"","meta":{"footnotes":""},"class_list":["post-998503","page","type-page","status-publish","hentry"],"aioseo_notices":[],"aioseo_head":"\n\t\t<!-- All in One SEO Pro 4.9.6.2 - aioseo.com -->\n\t<meta name=\"description\" content=\"Cookie-Richtlinie Beim Besuch unserer Website nutzen wir Cookies, um die Benutzererfahrung zu verbessern und den Website-Verkehr zu analysieren. Was sind Cookies?Cookies sind kleine Textdateien, die von den besuchten Websites in Ihrem Browser gespeichert werden. Sie helfen uns, Sie zu erkennen und durch die Analyse Ihrer Nutzungsgewohnheiten die Qualit\u00e4t unserer Dienste zu verbessern.Welche Arten von Cookies werden\" \/>\n\t<meta name=\"robots\" content=\"max-image-preview:large\" \/>\n\t<link rel=\"canonical\" href=\"https:\/\/www.tepro.com.tr\/de\/cerez-politikasi\/\" \/>\n\t<meta name=\"generator\" content=\"All in One SEO Pro (AIOSEO) 4.9.6.2\" \/>\n\t\t<meta property=\"og:locale\" content=\"de_DE\" \/>\n\t\t<meta property=\"og:site_name\" content=\"TEPRO - Makine ve Otomasyon Sistemleri\" \/>\n\t\t<meta property=\"og:type\" content=\"article\" \/>\n\t\t<meta property=\"og:title\" content=\"Cookie-Richtlinie - TEPRO\" \/>\n\t\t<meta property=\"og:description\" content=\"Cookie-Richtlinie Beim Besuch unserer Website nutzen wir Cookies, um die Benutzererfahrung zu verbessern und den Website-Verkehr zu analysieren. Was sind Cookies?Cookies sind kleine Textdateien, die von den besuchten Websites in Ihrem Browser gespeichert werden. Sie helfen uns, Sie zu erkennen und durch die Analyse Ihrer Nutzungsgewohnheiten die Qualit\u00e4t unserer Dienste zu verbessern.Welche Arten von Cookies werden\" \/>\n\t\t<meta property=\"og:url\" content=\"https:\/\/www.tepro.com.tr\/de\/cerez-politikasi\/\" \/>\n\t\t<meta property=\"og:image\" content=\"https:\/\/www.tepro.com.tr\/wp-content\/uploads\/2025\/04\/tepro-logo-2.png\" \/>\n\t\t<meta property=\"og:image:secure_url\" content=\"https:\/\/www.tepro.com.tr\/wp-content\/uploads\/2025\/04\/tepro-logo-2.png\" \/>\n\t\t<meta property=\"article:published_time\" content=\"2025-05-06T09:42:13+00:00\" \/>\n\t\t<meta property=\"article:modified_time\" content=\"2025-07-29T11:49:33+00:00\" \/>\n\t\t<meta name=\"twitter:card\" content=\"summary_large_image\" \/>\n\t\t<meta name=\"twitter:title\" content=\"Cookie-Richtlinie - TEPRO\" \/>\n\t\t<meta name=\"twitter:description\" content=\"Cookie-Richtlinie Beim Besuch unserer Website nutzen wir Cookies, um die Benutzererfahrung zu verbessern und den Website-Verkehr zu analysieren. Was sind Cookies?Cookies sind kleine Textdateien, die von den besuchten Websites in Ihrem Browser gespeichert werden. Sie helfen uns, Sie zu erkennen und durch die Analyse Ihrer Nutzungsgewohnheiten die Qualit\u00e4t unserer Dienste zu verbessern.Welche Arten von Cookies werden\" \/>\n\t\t<meta name=\"twitter:image\" content=\"https:\/\/www.tepro.com.tr\/wp-content\/uploads\/2025\/04\/tepro-logo-2.png\" \/>\n\t\t<script type=\"application\/ld+json\" class=\"aioseo-schema\">\n\t\t\t{\"@context\":\"https:\\\/\\\/schema.org\",\"@graph\":[{\"@type\":\"BreadcrumbList\",\"@id\":\"https:\\\/\\\/www.tepro.com.tr\\\/de\\\/cerez-politikasi\\\/#breadcrumblist\",\"itemListElement\":[{\"@type\":\"ListItem\",\"@id\":\"https:\\\/\\\/www.tepro.com.tr\\\/de\\\/#listItem\",\"position\":1,\"name\":\"Home\",\"item\":\"https:\\\/\\\/www.tepro.com.tr\\\/de\\\/\",\"nextItem\":{\"@type\":\"ListItem\",\"@id\":\"https:\\\/\\\/www.tepro.com.tr\\\/de\\\/cerez-politikasi\\\/#listItem\",\"name\":\"Cookie-Richtlinie\"}},{\"@type\":\"ListItem\",\"@id\":\"https:\\\/\\\/www.tepro.com.tr\\\/de\\\/cerez-politikasi\\\/#listItem\",\"position\":2,\"name\":\"Cookie-Richtlinie\",\"previousItem\":{\"@type\":\"ListItem\",\"@id\":\"https:\\\/\\\/www.tepro.com.tr\\\/de\\\/#listItem\",\"name\":\"Home\"}}]},{\"@type\":\"Organization\",\"@id\":\"https:\\\/\\\/www.tepro.com.tr\\\/de\\\/#organization\",\"name\":\"TEPRO\",\"description\":\"Makine ve Otomasyon Sistemleri\",\"url\":\"https:\\\/\\\/www.tepro.com.tr\\\/de\\\/\",\"telephone\":\"+902167092600\",\"logo\":{\"@type\":\"ImageObject\",\"url\":\"https:\\\/\\\/www.tepro.com.tr\\\/wp-content\\\/uploads\\\/2025\\\/04\\\/tepro-logo-2.png\",\"@id\":\"https:\\\/\\\/www.tepro.com.tr\\\/de\\\/cerez-politikasi\\\/#organizationLogo\",\"width\":283,\"height\":103},\"image\":{\"@id\":\"https:\\\/\\\/www.tepro.com.tr\\\/de\\\/cerez-politikasi\\\/#organizationLogo\"}},{\"@type\":\"WebPage\",\"@id\":\"https:\\\/\\\/www.tepro.com.tr\\\/de\\\/cerez-politikasi\\\/#webpage\",\"url\":\"https:\\\/\\\/www.tepro.com.tr\\\/de\\\/cerez-politikasi\\\/\",\"name\":\"Cookie-Richtlinie - TEPRO\",\"description\":\"Cookie-Richtlinie Beim Besuch unserer Website nutzen wir Cookies, um die Benutzererfahrung zu verbessern und den Website-Verkehr zu analysieren. Was sind Cookies?Cookies sind kleine Textdateien, die von den besuchten Websites in Ihrem Browser gespeichert werden. Sie helfen uns, Sie zu erkennen und durch die Analyse Ihrer Nutzungsgewohnheiten die Qualit\\u00e4t unserer Dienste zu verbessern.Welche Arten von Cookies werden\",\"inLanguage\":\"de-DE\",\"isPartOf\":{\"@id\":\"https:\\\/\\\/www.tepro.com.tr\\\/de\\\/#website\"},\"breadcrumb\":{\"@id\":\"https:\\\/\\\/www.tepro.com.tr\\\/de\\\/cerez-politikasi\\\/#breadcrumblist\"},\"datePublished\":\"2025-05-06T12:42:13+03:00\",\"dateModified\":\"2025-07-29T14:49:33+03:00\"},{\"@type\":\"WebSite\",\"@id\":\"https:\\\/\\\/www.tepro.com.tr\\\/de\\\/#website\",\"url\":\"https:\\\/\\\/www.tepro.com.tr\\\/de\\\/\",\"name\":\"TEPRO\",\"description\":\"Makine ve Otomasyon Sistemleri\",\"inLanguage\":\"de-DE\",\"publisher\":{\"@id\":\"https:\\\/\\\/www.tepro.com.tr\\\/de\\\/#organization\"}}]}\n\t\t<\/script>\n\t\t<!-- All in One SEO Pro -->\r\n\t\t<title>Cookie-Richtlinie - TEPRO<\/title>\n\n","aioseo_head_json":{"title":"Cookie-Richtlinie - TEPRO","description":"Cookie-Richtlinie Beim Besuch unserer Website nutzen wir Cookies, um die Benutzererfahrung zu verbessern und den Website-Verkehr zu analysieren. Was sind Cookies?Cookies sind kleine Textdateien, die von den besuchten Websites in Ihrem Browser gespeichert werden. Sie helfen uns, Sie zu erkennen und durch die Analyse Ihrer Nutzungsgewohnheiten die Qualit\u00e4t unserer Dienste zu verbessern.Welche Arten von Cookies werden","canonical_url":"https:\/\/www.tepro.com.tr\/de\/cerez-politikasi\/","robots":"max-image-preview:large","keywords":"","webmasterTools":{"miscellaneous":""},"schema":{"@context":"https:\/\/schema.org","@graph":[{"@type":"BreadcrumbList","@id":"https:\/\/www.tepro.com.tr\/de\/cerez-politikasi\/#breadcrumblist","itemListElement":[{"@type":"ListItem","@id":"https:\/\/www.tepro.com.tr\/de\/#listItem","position":1,"name":"Home","item":"https:\/\/www.tepro.com.tr\/de\/","nextItem":{"@type":"ListItem","@id":"https:\/\/www.tepro.com.tr\/de\/cerez-politikasi\/#listItem","name":"Cookie-Richtlinie"}},{"@type":"ListItem","@id":"https:\/\/www.tepro.com.tr\/de\/cerez-politikasi\/#listItem","position":2,"name":"Cookie-Richtlinie","previousItem":{"@type":"ListItem","@id":"https:\/\/www.tepro.com.tr\/de\/#listItem","name":"Home"}}]},{"@type":"Organization","@id":"https:\/\/www.tepro.com.tr\/de\/#organization","name":"TEPRO","description":"Makine ve Otomasyon Sistemleri","url":"https:\/\/www.tepro.com.tr\/de\/","telephone":"+902167092600","logo":{"@type":"ImageObject","url":"https:\/\/www.tepro.com.tr\/wp-content\/uploads\/2025\/04\/tepro-logo-2.png","@id":"https:\/\/www.tepro.com.tr\/de\/cerez-politikasi\/#organizationLogo","width":283,"height":103},"image":{"@id":"https:\/\/www.tepro.com.tr\/de\/cerez-politikasi\/#organizationLogo"}},{"@type":"WebPage","@id":"https:\/\/www.tepro.com.tr\/de\/cerez-politikasi\/#webpage","url":"https:\/\/www.tepro.com.tr\/de\/cerez-politikasi\/","name":"Cookie-Richtlinie - TEPRO","description":"Cookie-Richtlinie Beim Besuch unserer Website nutzen wir Cookies, um die Benutzererfahrung zu verbessern und den Website-Verkehr zu analysieren. Was sind Cookies?Cookies sind kleine Textdateien, die von den besuchten Websites in Ihrem Browser gespeichert werden. Sie helfen uns, Sie zu erkennen und durch die Analyse Ihrer Nutzungsgewohnheiten die Qualit\u00e4t unserer Dienste zu verbessern.Welche Arten von Cookies werden","inLanguage":"de-DE","isPartOf":{"@id":"https:\/\/www.tepro.com.tr\/de\/#website"},"breadcrumb":{"@id":"https:\/\/www.tepro.com.tr\/de\/cerez-politikasi\/#breadcrumblist"},"datePublished":"2025-05-06T12:42:13+03:00","dateModified":"2025-07-29T14:49:33+03:00"},{"@type":"WebSite","@id":"https:\/\/www.tepro.com.tr\/de\/#website","url":"https:\/\/www.tepro.com.tr\/de\/","name":"TEPRO","description":"Makine ve Otomasyon Sistemleri","inLanguage":"de-DE","publisher":{"@id":"https:\/\/www.tepro.com.tr\/de\/#organization"}}]},"og:locale":"de_DE","og:site_name":"TEPRO - Makine ve Otomasyon Sistemleri","og:type":"article","og:title":"Cookie-Richtlinie - TEPRO","og:description":"Cookie-Richtlinie Beim Besuch unserer Website nutzen wir Cookies, um die Benutzererfahrung zu verbessern und den Website-Verkehr zu analysieren. Was sind Cookies?Cookies sind kleine Textdateien, die von den besuchten Websites in Ihrem Browser gespeichert werden. Sie helfen uns, Sie zu erkennen und durch die Analyse Ihrer Nutzungsgewohnheiten die Qualit\u00e4t unserer Dienste zu verbessern.Welche Arten von Cookies werden","og:url":"https:\/\/www.tepro.com.tr\/de\/cerez-politikasi\/","og:image":"https:\/\/www.tepro.com.tr\/wp-content\/uploads\/2025\/04\/tepro-logo-2.png","og:image:secure_url":"https:\/\/www.tepro.com.tr\/wp-content\/uploads\/2025\/04\/tepro-logo-2.png","article:published_time":"2025-05-06T09:42:13+00:00","article:modified_time":"2025-07-29T11:49:33+00:00","twitter:card":"summary_large_image","twitter:title":"Cookie-Richtlinie - TEPRO","twitter:description":"Cookie-Richtlinie Beim Besuch unserer Website nutzen wir Cookies, um die Benutzererfahrung zu verbessern und den Website-Verkehr zu analysieren. Was sind Cookies?Cookies sind kleine Textdateien, die von den besuchten Websites in Ihrem Browser gespeichert werden. Sie helfen uns, Sie zu erkennen und durch die Analyse Ihrer Nutzungsgewohnheiten die Qualit\u00e4t unserer Dienste zu verbessern.Welche Arten von Cookies werden","twitter:image":"https:\/\/www.tepro.com.tr\/wp-content\/uploads\/2025\/04\/tepro-logo-2.png"},"aioseo_meta_data":{"post_id":"998503","title":null,"description":null,"keywords":null,"keyphrases":{"focus":{"keyphrase":"","score":0,"analysis":{"keyphraseInTitle":{"score":0,"maxScore":9,"error":1}}},"additional":[]},"primary_term":null,"canonical_url":null,"og_title":null,"og_description":null,"og_object_type":"default","og_image_type":"default","og_image_url":null,"og_image_width":null,"og_image_height":null,"og_image_custom_url":null,"og_image_custom_fields":null,"og_video":"","og_custom_url":null,"og_article_section":null,"og_article_tags":null,"twitter_use_og":false,"twitter_card":"default","twitter_image_type":"default","twitter_image_url":null,"twitter_image_custom_url":null,"twitter_image_custom_fields":null,"twitter_title":null,"twitter_description":null,"schema":{"blockGraphs":[],"customGraphs":[],"default":{"data":{"Article":[],"Course":[],"Dataset":[],"FAQPage":[],"Movie":[],"Person":[],"Product":[],"ProductReview":[],"Car":[],"Recipe":[],"Service":[],"SoftwareApplication":[],"WebPage":[]},"graphName":"WebPage","isEnabled":true},"graphs":[]},"schema_type":"default","schema_type_options":null,"pillar_content":false,"robots_default":true,"robots_noindex":false,"robots_noarchive":false,"robots_nosnippet":false,"robots_nofollow":false,"robots_noimageindex":false,"robots_noodp":false,"robots_notranslate":false,"robots_max_snippet":"-1","robots_max_videopreview":"-1","robots_max_imagepreview":"large","priority":null,"frequency":"default","local_seo":null,"seo_analyzer_scan_date":"2025-08-18 07:09:12","breadcrumb_settings":null,"limit_modified_date":false,"open_ai":null,"ai":{"faqs":[],"keyPoints":[],"titles":[],"descriptions":[],"socialPosts":{"email":[],"linkedin":[],"twitter":[],"facebook":[],"instagram":[]}},"created":"2025-07-29 10:55:56","updated":"2025-10-21 12:37:49"},"aioseo_breadcrumb":"<div class=\"aioseo-breadcrumbs\"><span class=\"aioseo-breadcrumb\">\n\t<a href=\"https:\/\/www.tepro.com.tr\/de\/\" title=\"Home\">Home<\/a>\n<\/span><span class=\"aioseo-breadcrumb-separator\">&raquo;<\/span><span class=\"aioseo-breadcrumb\">\n\tCookie-Richtlinie\n<\/span><\/div>","aioseo_breadcrumb_json":[{"label":"Home","link":"https:\/\/www.tepro.com.tr\/de\/"},{"label":"Cookie-Richtlinie","link":"https:\/\/www.tepro.com.tr\/de\/cerez-politikasi\/"}],"_links":{"self":[{"href":"https:\/\/www.tepro.com.tr\/de\/wp-json\/wp\/v2\/pages\/998503","targetHints":{"allow":["GET"]}}],"collection":[{"href":"https:\/\/www.tepro.com.tr\/de\/wp-json\/wp\/v2\/pages"}],"about":[{"href":"https:\/\/www.tepro.com.tr\/de\/wp-json\/wp\/v2\/types\/page"}],"author":[{"embeddable":true,"href":"https:\/\/www.tepro.com.tr\/de\/wp-json\/wp\/v2\/users\/1"}],"replies":[{"embeddable":true,"href":"https:\/\/www.tepro.com.tr\/de\/wp-json\/wp\/v2\/comments?post=998503"}],"version-history":[{"count":0,"href":"https:\/\/www.tepro.com.tr\/de\/wp-json\/wp\/v2\/pages\/998503\/revisions"}],"wp:attachment":[{"href":"https:\/\/www.tepro.com.tr\/de\/wp-json\/wp\/v2\/media?parent=998503"}],"curies":[{"name":"wp","href":"https:\/\/api.w.org\/{rel}","templated":true}]}}